{"id":998,"date":"2018-04-03T01:29:47","date_gmt":"2018-04-02T22:29:47","guid":{"rendered":"http:\/\/fahrielektrik.com\/?page_id=998"},"modified":"2022-03-16T16:03:47","modified_gmt":"2022-03-16T13:03:47","slug":"ag-og-trafo-hizmetleri","status":"publish","type":"page","link":"https:\/\/fahrielektrik.com\/index.php\/hizmetlerimiz\/ag-og-trafo-hizmetleri\/","title":{"rendered":"AG &#8211; OG Trafo Hizmetleri"},"content":{"rendered":"<div class=\"wpb-content-wrapper\"><p>[vc_row][vc_column][vc_single_image image=&#8221;1181&#8243; img_size=&#8221;full&#8221;][vc_column_text]<strong>Trafo Bak\u0131m\u0131<\/strong><\/p>\n<p>Trafo bak\u0131m\u0131 ve tamiri konusunda, b\u00f6lgemizde hizmet kalitesi bak\u0131m\u0131ndan fark yaratan bir firma olma \u00e7abas\u0131 i\u00e7erisindeyiz.<\/p>\n<p><strong>Fahri Elektrik<\/strong> olarak sorumlu oldu\u011fumuz i\u015fletmelerin trafolar\u0131n\u0131n uzun \u00f6m\u00fcrl\u00fc olmas\u0131n\u0131 sa\u011flamak ve beklenmedik ar\u0131zalar\u0131n\u0131 \u00f6nlemek i\u00e7in t\u00fcm bak\u0131m ve testlerini yapmaktay\u0131z.<\/p>\n<p><strong>Trafo Tamiri<\/strong><\/p>\n<p>Firmam\u0131z fabrikam\u0131zda trafo tamir, bak\u0131m ve onar\u0131m hizmetleri vermektedir. Hizmetlerimiz ar\u0131zal\u0131 transformat\u00f6r\u00fcn de\u011ferlendirilmesi ile ba\u015flamaktad\u0131r. Ekspertiz raporuna g\u00f6re fiyatland\u0131rma yap\u0131l\u0131r.<\/p>\n<p><strong>Bu ba\u011flamda:<\/strong><\/p>\n<ul>\n<li>Bobin ve sarg\u0131lar\u0131n yenilenmesi<\/li>\n<li>\u0130zolasyon ya\u011f\u0131n\u0131n yenilenmesi<\/li>\n<li>N\u00fcve yenilenmesi &amp; onar\u0131m\u0131<\/li>\n<li>Kazan, kapak ve depo tamiri<\/li>\n<li>Boya, vakum ve kurutma i\u015flemleri yap\u0131labilmektedir.<\/li>\n<\/ul>\n<p>[\/vc_column_text][\/vc_column][\/vc_row]<\/p>\n<\/div>","protected":false},"excerpt":{"rendered":"<p>[vc_row][vc_column][vc_single_image image=&#8221;1181&#8243; img_size=&#8221;full&#8221;][vc_column_text]Trafo Bak\u0131m\u0131 Trafo bak\u0131m\u0131 ve tamiri konusunda, b\u00f6lgemizde hizmet kalitesi bak\u0131m\u0131ndan fark yaratan bir firma olma \u00e7abas\u0131 i\u00e7erisindeyiz. Fahri Elektrik olarak sorumlu oldu\u011fumuz i\u015fletmelerin trafolar\u0131n\u0131n uzun \u00f6m\u00fcrl\u00fc olmas\u0131n\u0131 sa\u011flamak ve beklenmedik ar\u0131zalar\u0131n\u0131 \u00f6nlemek i\u00e7in t\u00fcm bak\u0131m ve testlerini yapmaktay\u0131z. Trafo Tamiri Firmam\u0131z fabrikam\u0131zda trafo tamir, bak\u0131m ve onar\u0131m hizmetleri vermektedir. Hizmetlerimiz ar\u0131zal\u0131 transformat\u00f6r\u00fcn&hellip;<\/p>\n","protected":false},"author":1,"featured_media":0,"parent":931,"menu_order":0,"comment_status":"closed","ping_status":"closed","template":"","meta":{"footnotes":""},"class_list":["post-998","page","type-page","status-publish","hentry","description-off"],"_links":{"self":[{"href":"https:\/\/fahrielektrik.com\/index.php\/wp-json\/wp\/v2\/pages\/998","targetHints":{"allow":["GET"]}}],"collection":[{"href":"https:\/\/fahrielektrik.com\/index.php\/wp-json\/wp\/v2\/pages"}],"about":[{"href":"https:\/\/fahrielektrik.com\/index.php\/wp-json\/wp\/v2\/types\/page"}],"author":[{"embeddable":true,"href":"https:\/\/fahrielektrik.com\/index.php\/wp-json\/wp\/v2\/users\/1"}],"replies":[{"embeddable":true,"href":"https:\/\/fahrielektrik.com\/index.php\/wp-json\/wp\/v2\/comments?post=998"}],"version-history":[{"count":0,"href":"https:\/\/fahrielektrik.com\/index.php\/wp-json\/wp\/v2\/pages\/998\/revisions"}],"up":[{"embeddable":true,"href":"https:\/\/fahrielektrik.com\/index.php\/wp-json\/wp\/v2\/pages\/931"}],"wp:attachment":[{"href":"https:\/\/fahrielektrik.com\/index.php\/wp-json\/wp\/v2\/media?parent=998"}],"curies":[{"name":"wp","href":"https:\/\/api.w.org\/{rel}","templated":true}]}}