{"id":996,"date":"2018-04-03T01:28:57","date_gmt":"2018-04-02T22:28:57","guid":{"rendered":"http:\/\/fahrielektrik.com\/?page_id=996"},"modified":"2018-09-05T17:13:29","modified_gmt":"2018-09-05T14:13:29","slug":"projelerimiz","status":"publish","type":"page","link":"https:\/\/fahrielektrik.com\/index.php\/projelerimiz\/","title":{"rendered":"Projelerimiz"},"content":{"rendered":"<div class=\"wpb-content-wrapper\"><p>[vc_row][vc_column][vc_column_text]\u0130\u00e7erik Haz\u0131rlan\u0131yor&#8230;[\/vc_column_text][\/vc_column][\/vc_row][vc_row][vc_column]<div class=\"dt-shortcode with-isotope\"><div class=\"wf-container dt-portfolio-shortcode jgrid-shortcode loading-effect-none iso-grid jg-container description-on-hover hover-style-two hover-fade content-align-centre\" data-padding=\"20px\" data-cur-page=\"1\" data-posts-per-page=\"-1\" data-target-height=\"240px\">\n<div class=\"wf-cell category-18\" data-post-id=\"252\" data-date=\"2018-01-11T08:27:33+03:00\" data-name=\"Saraykent Sitesi Merkezi Uydu Sistemi\">\n<article class=\"post post-252 dt_portfolio type-dt_portfolio status-publish has-post-thumbnail hentry dt_portfolio_category-tamamlanan-projeler dt_portfolio_category-18 text-centered\">\n\n\t<figure class=\"rollover-project forward-post\">\n\t<a href=\"https:\/\/fahrielektrik.com\/index.php\/project\/saraykent-sitesi-merkezi-uydu-sistemi\/\" class=\"layzr-bg\" title=\"merkeziuydu2\"  aria-label=\"Post image\"><img fetchpriority=\"high\" decoding=\"async\" class=\"preload-me jgrid-lazy-load aspect\" src=\"data:image\/svg+xml,%3Csvg%20xmlns%3D&#39;http%3A%2F%2Fwww.w3.org%2F2000%2Fsvg&#39;%20viewBox%3D&#39;0%200%20551%20312&#39;%2F%3E\" data-src=\"https:\/\/fahrielektrik.com\/wp-content\/uploads\/2018\/01\/merkeziuydu2-551x312.jpg\" data-srcset=\"https:\/\/fahrielektrik.com\/wp-content\/uploads\/2018\/01\/merkeziuydu2-551x312.jpg 551w, https:\/\/fahrielektrik.com\/wp-content\/uploads\/2018\/01\/merkeziuydu2.jpg 847w\" loading=\"eager\" style=\"--ratio: 551 \/ 312\" sizes=\"(max-width: 551px) 100vw, 551px\" alt=\"\" width=\"551\" height=\"312\"  \/><\/a>\t\t<figcaption class=\"rollover-content\">\n\t\t\t\t\t\t<div class=\"rollover-content-container\">\n\t\t\t<div class=\"entry-meta portfolio-categories\"><span class=\"category-link\"><a href=\"https:\/\/fahrielektrik.com\/index.php\/project-category\/tamamlanan-projeler\/\" >Tamamlanan Projeler<\/a><\/span><\/div>\t\t<\/div>\n\t\t\t\t\t<\/figcaption>\n\t<\/figure>\n<\/article>\n\n<\/div><\/div><\/div>[\/vc_column][\/vc_row]<\/p>\n<\/div>","protected":false},"excerpt":{"rendered":"<p>[vc_row][vc_column][vc_column_text]\u0130\u00e7erik Haz\u0131rlan\u0131yor&#8230;[\/vc_column_text][\/vc_column][\/vc_row][vc_row][vc_column][\/vc_column][\/vc_row]<\/p>\n","protected":false},"author":1,"featured_media":0,"parent":0,"menu_order":0,"comment_status":"closed","ping_status":"closed","template":"","meta":{"footnotes":""},"class_list":["post-996","page","type-page","status-publish","hentry","description-off"],"_links":{"self":[{"href":"https:\/\/fahrielektrik.com\/index.php\/wp-json\/wp\/v2\/pages\/996","targetHints":{"allow":["GET"]}}],"collection":[{"href":"https:\/\/fahrielektrik.com\/index.php\/wp-json\/wp\/v2\/pages"}],"about":[{"href":"https:\/\/fahrielektrik.com\/index.php\/wp-json\/wp\/v2\/types\/page"}],"author":[{"embeddable":true,"href":"https:\/\/fahrielektrik.com\/index.php\/wp-json\/wp\/v2\/users\/1"}],"replies":[{"embeddable":true,"href":"https:\/\/fahrielektrik.com\/index.php\/wp-json\/wp\/v2\/comments?post=996"}],"version-history":[{"count":0,"href":"https:\/\/fahrielektrik.com\/index.php\/wp-json\/wp\/v2\/pages\/996\/revisions"}],"wp:attachment":[{"href":"https:\/\/fahrielektrik.com\/index.php\/wp-json\/wp\/v2\/media?parent=996"}],"curies":[{"name":"wp","href":"https:\/\/api.w.org\/{rel}","templated":true}]}}