{"id":994,"date":"2018-04-03T01:27:45","date_gmt":"2018-04-02T22:27:45","guid":{"rendered":"http:\/\/fahrielektrik.com\/?page_id=994"},"modified":"2018-09-06T11:21:28","modified_gmt":"2018-09-06T08:21:28","slug":"urun-kataloglari","status":"publish","type":"page","link":"https:\/\/fahrielektrik.com\/index.php\/urun-kataloglari\/","title":{"rendered":"\u00dcr\u00fcn Kataloglar\u0131"},"content":{"rendered":"<div class=\"wpb-content-wrapper\"><p>[vc_row][vc_column width=&#8221;1\/3&#8243;][vc_single_image image=&#8221;1062&#8243; alignment=&#8221;center&#8221;][vc_column_text]<\/p>\n<p style=\"text-align: center;\"><strong>Viko by Panasonic<\/strong> Genel \u00dcr\u00fcn Katalo\u011funu indirmek i\u00e7in<br \/>\n<a href=\"http:\/\/estr.panasonic.com\/panel\/upload\/VIKO-genel%20katalog.pdf\">t\u0131klay\u0131n.<\/a><\/p>\n<p>[\/vc_column_text][vc_icon icon_fontawesome=&#8221;fa fa-file-pdf-o&#8221; color=&#8221;custom&#8221; size=&#8221;lg&#8221; align=&#8221;center&#8221; custom_color=&#8221;#dd3333&#8243; link=&#8221;url:http%3A%2F%2Festr.panasonic.com%2Fpanel%2Fupload%2FVIKO-genel%2520katalog.pdf|||&#8221;][\/vc_column][vc_column width=&#8221;1\/3&#8243;][vc_single_image image=&#8221;1058&#8243; alignment=&#8221;center&#8221;][vc_column_text]<\/p>\n<p style=\"text-align: center;\"><strong>BFT Bariyer Kap\u0131 Sistemleri\u00a0<\/strong>Genel \u00dcr\u00fcn Katalo\u011funu indirmek i\u00e7in <a href=\"https:\/\/www.bft-automation.com\/fileadmin\/user_upload\/commercial_download\/BFT_Catalogue_2012_sm.pdf\">t\u0131klay\u0131n.<\/a><\/p>\n<p>[\/vc_column_text][vc_icon icon_fontawesome=&#8221;fa fa-file-pdf-o&#8221; color=&#8221;custom&#8221; size=&#8221;lg&#8221; align=&#8221;center&#8221; custom_color=&#8221;#dd3333&#8243; link=&#8221;url:https%3A%2F%2Fwww.bft-automation.com%2Ffileadmin%2Fuser_upload%2Fcommercial_download%2FBFT_Catalogue_2012_sm.pdf|||&#8221;][\/vc_column][vc_column width=&#8221;1\/3&#8243;][vc_single_image image=&#8221;1061&#8243; alignment=&#8221;center&#8221;][vc_column_text]<\/p>\n<p style=\"text-align: center;\"><b>Paradox G\u00fcvelik Sistemleri\u00a0<\/b>Genel \u00dcr\u00fcn Katalo\u011funu indirmek i\u00e7in <a href=\"http:\/\/www.paradox.com\/Downloader\/?T=URL&amp;URL=%2FDocumentation%2FSalesBrochures%2FCATA%2DEC%2D11%5F1B%2Epdf\">t\u0131klay\u0131n.<\/a><\/p>\n<p>[\/vc_column_text][vc_icon icon_fontawesome=&#8221;fa fa-file-pdf-o&#8221; color=&#8221;custom&#8221; size=&#8221;lg&#8221; align=&#8221;center&#8221; custom_color=&#8221;#dd3333&#8243; link=&#8221;url:http%3A%2F%2Fwww.paradox.com%2FDownloader%2F%3FT%3DURL%26URL%3D%252FDocumentation%252FSalesBrochures%252FCATA%252DEC%252D11%255F1B%252Epdf|||&#8221;][\/vc_column][\/vc_row]<\/p>\n<\/div>","protected":false},"excerpt":{"rendered":"<p>[vc_row][vc_column width=&#8221;1\/3&#8243;][vc_single_image image=&#8221;1062&#8243; alignment=&#8221;center&#8221;][vc_column_text] Viko by Panasonic Genel \u00dcr\u00fcn Katalo\u011funu indirmek i\u00e7in t\u0131klay\u0131n. [\/vc_column_text][vc_icon icon_fontawesome=&#8221;fa fa-file-pdf-o&#8221; color=&#8221;custom&#8221; size=&#8221;lg&#8221; align=&#8221;center&#8221; custom_color=&#8221;#dd3333&#8243; link=&#8221;url:http%3A%2F%2Festr.panasonic.com%2Fpanel%2Fupload%2FVIKO-genel%2520katalog.pdf|||&#8221;][\/vc_column][vc_column width=&#8221;1\/3&#8243;][vc_single_image image=&#8221;1058&#8243; alignment=&#8221;center&#8221;][vc_column_text] BFT Bariyer Kap\u0131 Sistemleri\u00a0Genel \u00dcr\u00fcn Katalo\u011funu indirmek i\u00e7in t\u0131klay\u0131n. [\/vc_column_text][vc_icon icon_fontawesome=&#8221;fa fa-file-pdf-o&#8221; color=&#8221;custom&#8221; size=&#8221;lg&#8221; align=&#8221;center&#8221; custom_color=&#8221;#dd3333&#8243; link=&#8221;url:https%3A%2F%2Fwww.bft-automation.com%2Ffileadmin%2Fuser_upload%2Fcommercial_download%2FBFT_Catalogue_2012_sm.pdf|||&#8221;][\/vc_column][vc_column width=&#8221;1\/3&#8243;][vc_single_image image=&#8221;1061&#8243; alignment=&#8221;center&#8221;][vc_column_text] Paradox G\u00fcvelik Sistemleri\u00a0Genel \u00dcr\u00fcn Katalo\u011funu indirmek i\u00e7in t\u0131klay\u0131n. [\/vc_column_text][vc_icon icon_fontawesome=&#8221;fa fa-file-pdf-o&#8221;&hellip;<\/p>\n","protected":false},"author":1,"featured_media":0,"parent":0,"menu_order":0,"comment_status":"closed","ping_status":"closed","template":"","meta":{"footnotes":""},"class_list":["post-994","page","type-page","status-publish","hentry","description-off"],"_links":{"self":[{"href":"https:\/\/fahrielektrik.com\/index.php\/wp-json\/wp\/v2\/pages\/994","targetHints":{"allow":["GET"]}}],"collection":[{"href":"https:\/\/fahrielektrik.com\/index.php\/wp-json\/wp\/v2\/pages"}],"about":[{"href":"https:\/\/fahrielektrik.com\/index.php\/wp-json\/wp\/v2\/types\/page"}],"author":[{"embeddable":true,"href":"https:\/\/fahrielektrik.com\/index.php\/wp-json\/wp\/v2\/users\/1"}],"replies":[{"embeddable":true,"href":"https:\/\/fahrielektrik.com\/index.php\/wp-json\/wp\/v2\/comments?post=994"}],"version-history":[{"count":0,"href":"https:\/\/fahrielektrik.com\/index.php\/wp-json\/wp\/v2\/pages\/994\/revisions"}],"wp:attachment":[{"href":"https:\/\/fahrielektrik.com\/index.php\/wp-json\/wp\/v2\/media?parent=994"}],"curies":[{"name":"wp","href":"https:\/\/api.w.org\/{rel}","templated":true}]}}