{"id":932,"date":"2016-06-24T19:52:48","date_gmt":"2016-06-24T16:52:48","guid":{"rendered":"https:\/\/the7.io\/construction\/?page_id=267"},"modified":"2022-03-19T01:10:20","modified_gmt":"2022-03-18T22:10:20","slug":"cozum-ortaklarimiz","status":"publish","type":"page","link":"https:\/\/fahrielektrik.com\/index.php\/hakkimizda\/cozum-ortaklarimiz\/","title":{"rendered":"\u00c7\u00f6z\u00fcm Ortaklar\u0131m\u0131z"},"content":{"rendered":"<div class=\"wpb-content-wrapper\"><p>[vc_row][vc_column][vc_media_grid element_width=&#8221;3&#8243; item=&#8221;masonryMedia_SolidBlurOut&#8221; initial_loading_animation=&#8221;none&#8221; grid_id=&#8221;vc_gid:1647641184846-5d67df63-79a3-1&#8243; include=&#8221;1192,1198,1200,1211,1197,1199,1190,1191,1193,1194,1195,1196&#8243;][\/vc_column][\/vc_row][vc_row][vc_column width=&#8221;2\/3&#8243;][vc_column_text]<strong>G\u00fcn\u00fcm\u00fcz\u00fcn en iyi markalar\u0131n\u0131 sizin i\u00e7in Bursa&#8217;da tek bir \u00e7at\u0131 alt\u0131nda toplad\u0131k.\u00a0<\/strong><\/p>\n<p>BFT Kayar Kap\u0131 Otomasyonlar\u0131, Elektromekanik Tip Kanatl\u0131 Kap\u0131 Otomasyonlar\u0131, Hidrolik Tip Kanatl\u0131 Kap\u0131 Otomasyonlar\u0131, Kollu Bariyer Otomasyonlar\u0131, Seksiyonel Garaj Kap\u0131s\u0131 Otomasyonlar\u0131, Radarl\u0131 Fotoselli Kap\u0131 Mekanizmalar\u0131, Mantar Bariyer Otomasyonlar\u0131, End\u00fcstriyel Tip Katlan\u0131r Kap\u0131 Mekanizmalar\u0131, PASSY Ta\u015f\u0131t Tan\u0131ma Sistemi<\/p>\n<p>Nice Garaj Kap\u0131s\u0131 Motorlar\u0131, Fotoselli Kap\u0131lar, Otomatik Kollu Bariyerler, Seksiyonel Kap\u0131 Motorlar\u0131, Kanatl\u0131 Kap\u0131 Motorlar\u0131, Yana Kayar Kap\u0131 Motorlar\u0131, End\u00fcstriyel Kap\u0131 Motorlar\u0131, Otomatik Kap\u0131 Kumandalar\u0131 &#8211; Bursa<\/p>\n<p>Viko Elektrik Malzemeleri &#8211; Bursa<\/p>\n<p>Audio Ak\u0131ll\u0131 Ev Sistemleri, G\u00f6r\u00fcnt\u00fcl\u00fc Diafon, IP Sistemleri, Zil Panelleri, Sesli Diafon, Yard\u0131mc\u0131 \u00dcru\u0308nler &#8211; Bursa<\/p>\n<p>Haikon G\u00fcvenlik Kameralar\u0131 &#8211; Bursa<\/p>\n<p>Paradox H\u0131rs\u0131z Alarm ve Yang\u0131n ihbar Sistemleri &#8211; Bursa<\/p>\n<p>Ajax Alarm ve G\u00fcvenlik Sistemleri &#8211; Bursa<\/p>\n<p>AVTECH CCTV Sistemleri &#8211; Bursa<\/p>\n<p>Dahua IP Kamera, NVR, XVR, Termal Kamera &#8211; Bursa<\/p>\n<p>DCODE IP Kamera, NVR, Storage ve Decoderler &#8211; Bursa<\/p>\n<p>Fonri Alarm ve Kablosuz Ak\u0131ll\u0131 G\u00fcvenlik Sistemi &#8211; Bursa[\/vc_column_text][\/vc_column][vc_column width=&#8221;1\/3&#8243;][vc_single_image image=&#8221;1206&#8243; img_size=&#8221;full&#8221; alignment=&#8221;center&#8221; onclick=&#8221;custom_link&#8221; link=&#8221;https:\/\/api.whatsapp.com\/send\/?phone=905376957727&amp;text=Merhaba&amp;app_absent=0&#8243;][vc_column_text]<\/p>\n<p style=\"text-align: center;\">Sitemizde yer alan hizmetlerimiz i\u00e7in Bursa&#8217;da Balat, Bademli Ahmet Yesevi, Nil\u00fcfer K\u00f6y, \u00c7a\u011fr\u0131\u015fan, Mudanya, Nil\u00fcfer aktif hizmet b\u00f6lgelerimiz aras\u0131nda olup Whatsapp Destek Hatt\u0131m\u0131zdan bize g\u00fcn\u00fc her saati ula\u015fabilirsiniz.<\/p>\n<p>[\/vc_column_text][\/vc_column][\/vc_row]<\/p>\n<\/div>","protected":false},"excerpt":{"rendered":"<p>[vc_row][vc_column][vc_media_grid element_width=&#8221;3&#8243; item=&#8221;masonryMedia_SolidBlurOut&#8221; initial_loading_animation=&#8221;none&#8221; grid_id=&#8221;vc_gid:1647641184846-5d67df63-79a3-1&#8243; include=&#8221;1192,1198,1200,1211,1197,1199,1190,1191,1193,1194,1195,1196&#8243;][\/vc_column][\/vc_row][vc_row][vc_column width=&#8221;2\/3&#8243;][vc_column_text]G\u00fcn\u00fcm\u00fcz\u00fcn en iyi markalar\u0131n\u0131 sizin i\u00e7in Bursa&#8217;da tek bir \u00e7at\u0131 alt\u0131nda toplad\u0131k.\u00a0 BFT Kayar Kap\u0131 Otomasyonlar\u0131, Elektromekanik Tip Kanatl\u0131 Kap\u0131 Otomasyonlar\u0131, Hidrolik Tip Kanatl\u0131 Kap\u0131 Otomasyonlar\u0131, Kollu Bariyer Otomasyonlar\u0131, Seksiyonel Garaj Kap\u0131s\u0131 Otomasyonlar\u0131, Radarl\u0131 Fotoselli Kap\u0131 Mekanizmalar\u0131, Mantar Bariyer Otomasyonlar\u0131, End\u00fcstriyel Tip Katlan\u0131r Kap\u0131 Mekanizmalar\u0131, PASSY Ta\u015f\u0131t Tan\u0131ma Sistemi&hellip;<\/p>\n","protected":false},"author":1,"featured_media":0,"parent":154,"menu_order":0,"comment_status":"closed","ping_status":"closed","template":"","meta":{"footnotes":""},"class_list":["post-932","page","type-page","status-publish","hentry","description-off"],"_links":{"self":[{"href":"https:\/\/fahrielektrik.com\/index.php\/wp-json\/wp\/v2\/pages\/932","targetHints":{"allow":["GET"]}}],"collection":[{"href":"https:\/\/fahrielektrik.com\/index.php\/wp-json\/wp\/v2\/pages"}],"about":[{"href":"https:\/\/fahrielektrik.com\/index.php\/wp-json\/wp\/v2\/types\/page"}],"author":[{"embeddable":true,"href":"https:\/\/fahrielektrik.com\/index.php\/wp-json\/wp\/v2\/users\/1"}],"replies":[{"embeddable":true,"href":"https:\/\/fahrielektrik.com\/index.php\/wp-json\/wp\/v2\/comments?post=932"}],"version-history":[{"count":0,"href":"https:\/\/fahrielektrik.com\/index.php\/wp-json\/wp\/v2\/pages\/932\/revisions"}],"up":[{"embeddable":true,"href":"https:\/\/fahrielektrik.com\/index.php\/wp-json\/wp\/v2\/pages\/154"}],"wp:attachment":[{"href":"https:\/\/fahrielektrik.com\/index.php\/wp-json\/wp\/v2\/media?parent=932"}],"curies":[{"name":"wp","href":"https:\/\/api.w.org\/{rel}","templated":true}]}}