{"id":67,"date":"2016-06-22T01:33:14","date_gmt":"2016-06-21T22:33:14","guid":{"rendered":"https:\/\/the7.io\/construction\/?page_id=67"},"modified":"2022-03-19T02:18:53","modified_gmt":"2022-03-18T23:18:53","slug":"kamera-ve-guvenlik-sistemleri","status":"publish","type":"page","link":"https:\/\/fahrielektrik.com\/index.php\/hizmetlerimiz\/kamera-ve-guvenlik-sistemleri\/","title":{"rendered":"Kamera ve G\u00fcvenlik Sistemleri"},"content":{"rendered":"<div class=\"wpb-content-wrapper\"><p>[vc_row type=&#8221;vc_default&#8221; css=&#8221;.vc_custom_1474268037787{margin-bottom: -30px !important;padding-bottom: 30px !important;}&#8221;][vc_column offset=&#8221;vc_col-lg-12 vc_col-md-12 vc_col-xs-12&#8243;]<style type=\"text\/css\" data-type=\"the7_shortcodes-inline-css\">.shortcode-single-image-wrap.shortcode-single-image-bca2b9c53ff67bc9a0c886051cf7a41f.enable-bg-rollover .rollover i,\n.shortcode-single-image-wrap.shortcode-single-image-bca2b9c53ff67bc9a0c886051cf7a41f.enable-bg-rollover .rollover-video i {\n  background: -webkit-linear-gradient();\n  background: linear-gradient();\n}\n.shortcode-single-image-wrap.shortcode-single-image-bca2b9c53ff67bc9a0c886051cf7a41f .rollover-icon {\n  font-size: 32px;\n  color: #ffffff;\n  min-width: 44px;\n  min-height: 44px;\n  line-height: 44px;\n  border-radius: 100px;\n  border-style: solid;\n  border-width: 0px;\n}\n.dt-icon-bg-on.shortcode-single-image-wrap.shortcode-single-image-bca2b9c53ff67bc9a0c886051cf7a41f .rollover-icon {\n  background: rgba(255,255,255,0.3);\n  box-shadow: none;\n}<\/style><div class=\"shortcode-single-image-wrap shortcode-single-image-bca2b9c53ff67bc9a0c886051cf7a41f alignnone  vc_custom_1647325869046 enable-bg-rollover dt-icon-bg-off\" ><div class=\"shortcode-single-image\"><div class=\"fancy-media-wrap  layzr-bg\" style=\"\"><img fetchpriority=\"high\" decoding=\"async\" class=\"preload-me lazy-load aspect\" src=\"data:image\/svg+xml,%3Csvg%20xmlns%3D&#39;http%3A%2F%2Fwww.w3.org%2F2000%2Fsvg&#39;%20viewBox%3D&#39;0%200%20963%20481&#39;%2F%3E\" data-src=\"https:\/\/fahrielektrik.com\/wp-content\/uploads\/2022\/03\/kamera-ve-guvenlik-sistemleri-bursa-963x481.jpg\" data-srcset=\"https:\/\/fahrielektrik.com\/wp-content\/uploads\/2022\/03\/kamera-ve-guvenlik-sistemleri-bursa-963x481.jpg 963w\" loading=\"eager\" sizes=\"(max-width: 963px) 100vw, 963px\" width=\"963\" height=\"481\"  data-dt-location=\"https:\/\/fahrielektrik.com\/index.php\/hizmetlerimiz\/kamera-ve-guvenlik-sistemleri\/recognition-and-detection-software-on-a-security-camera-system-3d-rendering\/\" style=\"--ratio: 963 \/ 481;\" alt=\"\" \/><\/div><\/div><\/div><div id=\"ultimate-heading-101369e5ea1946b61\" class=\"uvc-heading ult-adjust-bottom-margin ultimate-heading-101369e5ea1946b61 uvc-7698 accent-border-color\" data-hspacer=\"line_only\"  data-halign=\"left\" style=\"text-align:left\"><div class=\"uvc-main-heading ult-responsive\"  data-ultimate-target='.uvc-heading.ultimate-heading-101369e5ea1946b61 h2'  data-responsive-json-new='{\"font-size\":\"desktop:26px;\",\"line-height\":\"desktop:36px;\"}' ><h2 style=\"font-weight:bold;\">Kamera ve G\u00fcvenlik Sistemleri<\/h2><\/div><div class=\"uvc-heading-spacer line_only\" style=\"margin-top:15px;margin-bottom:30px;height:4px;\"><span class=\"uvc-headings-line\" style=\"border-style:solid;border-bottom-width:4px;border-color:;width:50px;\"><\/span><\/div><\/div>[vc_column_text css=&#8221;.vc_custom_1647325936636{padding-bottom: 60px !important;}&#8221;]<strong>G\u00fcvenlik kamera sistemi<\/strong>\u00a0g\u00fcvenli\u011fimizi emanet etti\u011fimiz kapal\u0131 devre izleme sisteminin di\u011fer ad\u0131 g\u00fcvenlik kamera sistemidir. Piyasada KDTV diye de bilinen a\u00e7\u0131l\u0131m\u0131 kapal\u0131 devre televizyon sistemi olan g\u00fcvenlik sistemleri 7\/24 kesintisiz olarak g\u00f6zlem ve kay\u0131t yapan bir kamera sistemidir. Kapal\u0131 devre televizyon sistemi kullan\u0131m<\/p>\n<p>alanlar\u0131 tesis \u00e7evre izleme g\u00fcvenlik kamera sistemleri,\u00a0\u0130\u015fyeri g\u00fcvenlik kamera\u00a0izleme sistemleri,\u00a0Ev kamera sistemleri,<strong>\u00a0Fabrika\u00a0g\u00fcvenlik kameras\u0131 sistemleri<\/strong>, \u015eehir izleme sistemleri KYGS mobese sistemleri olarak g\u00fcn\u00fcm\u00fczde g\u00fcvenlik kamera sistemlerinin pek \u00e7ok kullan\u0131m alan\u0131 bulunmaktad\u0131r.[\/vc_column_text]<div id=\"ultimate-heading-799369e5ea1946bad\" class=\"uvc-heading ult-adjust-bottom-margin ultimate-heading-799369e5ea1946bad uvc-7430 accent-border-color\" data-hspacer=\"line_only\"  data-halign=\"left\" style=\"text-align:left\"><div class=\"uvc-main-heading ult-responsive\"  data-ultimate-target='.uvc-heading.ultimate-heading-799369e5ea1946bad h2'  data-responsive-json-new='{\"font-size\":\"desktop:26px;\",\"line-height\":\"desktop:36px;\"}' ><h2 style=\"font-weight:bold;\">Profesyonel \u00e7\u00f6z\u00fcmler<\/h2><\/div><div class=\"uvc-heading-spacer line_only\" style=\"margin-top:15px;margin-bottom:40px;height:4px;\"><span class=\"uvc-headings-line\" style=\"border-style:solid;border-bottom-width:4px;border-color:;width:50px;\"><\/span><\/div><\/div>[vc_accordion active_tab=&#8221;false&#8221; style=&#8221;2&#8243;][vc_accordion_tab title=&#8221;Otopark Kamera Sistemi&#8221;][vc_column_text css=&#8221;.vc_custom_1647326028018{background-color: #ffffff !important;}&#8221;]Otoparklar iki \u015fekilde faaliyet g\u00f6sterir. Biri a\u00e7\u0131k di\u011feri de kapal\u0131 otopark. Baz\u0131 yerlerde ise hem a\u00e7\u0131k hem de kapal\u0131 otopark i\u015fletmecili\u011fi bulunur. Otoparklar\u0131n geni\u015fli\u011fi ve b\u00fcy\u00fckl\u00fc\u011f\u00fc bak\u0131m\u0131ndan problemleri de kendi i\u00e7inde bulunur. Kimine g\u00f6re otopark gibi bir yerde\u00a0kamera\u00a0kullan\u0131m\u0131 gereksiz olarak gelebilir. Ama as\u0131l otopark gibi i\u015fletmeler i\u00e7in\u00a0kamera sistemleri\u00a0gereklidir. Otopark kamera sistemi mal g\u00fcvenli\u011fi esas al\u0131narak d\u00fczenlenmektedir. Sadece mal de\u011fil, ayn\u0131 zamanda can g\u00fcvenli\u011fini de sa\u011flar.<\/p>\n<p>\u0130ster a\u00e7\u0131k ister kapal\u0131 bir otopark i\u015fletmesine sahip olun muhakkak kamera sistemleri bulunsun. Buradaki kameralar sadece m\u00fc\u015fterilerin de\u011fil sizin de g\u00fcvenli\u011finizi sa\u011flar. Ya\u015fanabilecek olumsuzluklar kar\u015f\u0131s\u0131nda kamera sistemleri sizleri bir nebze koruma alt\u0131na al\u0131r. Fiziki olarak bir koruma say\u0131lmasa da ald\u0131\u011f\u0131 kay\u0131tlarla sizlere bir delil sunar.<\/p>\n<p>Otopark kamera sistemi ayn\u0131 zamanda ara\u00e7lar\u0131n plaka okumas\u0131na da yard\u0131mc\u0131 olur. Kurulan sistemle birlikte her ge\u00e7en arac\u0131n plakal\u0131klar\u0131 okunabilir. Bu sayede ihlali ge\u00e7i\u015fe izin verilmez. Sistemin d\u00fczg\u00fcn kurulmas\u0131 i\u015fletmeninde kusursuz \u015fekilde ilerlemesine yard\u0131mc\u0131 olur. Kamera sistemlerinin do\u011fru kullan\u0131lmas\u0131yla b\u00fcy\u00fck bir otopark bile kolayca i\u015fletilebilir bir hale gelir.[\/vc_column_text][\/vc_accordion_tab][vc_accordion_tab title=&#8221;Otel Kamera Sistemi&#8221;][vc_column_text css=&#8221;.vc_custom_1647326071103{background-color: #ffffff !important;}&#8221;]G\u00fcvenlik, g\u00fcn\u00fcm\u00fczde her insan i\u00e7in sa\u011flanmas\u0131 gereken bir konudur. \u00d6zellikle de bir i\u015fletme sahibi olan bir yer i\u00e7in g\u00fcvenlik daha da \u00f6nem ta\u015f\u0131maktad\u0131r. \u0130nsanlar\u0131n s\u00fcrekli geldi\u011fi bir mekan\u0131n korunakl\u0131 ve g\u00fcvenli olmas\u0131 insanlar taraf\u0131ndan olumlu kar\u015f\u0131lan\u0131r. Bu durum otellerde s\u0131k\u00e7a rastlan\u0131r. Otel kamera sistemi m\u00fc\u015fterilerin g\u00fcvenli\u011fini sa\u011flamaya yarayan mekanizmalardan olu\u015fmaktad\u0131r. \u0130nsan sirk\u00fclasyonunun fazla oldu\u011fu otel gibi i\u015fletme yerlerinde kamera olmazsa olmazlardan biridir.<\/p>\n<p>Otelde insanlar\u0131n rahat edebilmesi i\u00e7in\u00a0g\u00fcvenlik kameralar\u0131\u00a0muhakkak yer almal\u0131d\u0131r. \u00d6rne\u011fin otel gibi bir i\u015fletmede alarm sistemine gerek duyulmaz. \u00c7\u00fcnk\u00fc otelde insanlar aktif olarak dola\u015fmaktad\u0131r.\u00a0Alarm sistemleri\u00a0daha \u00e7ok pasif bir alanda i\u015fe yarar. Di\u011fer t\u00fcrl\u00fc s\u00fcrekli alarm sistemleri devreye girmek zorunda kal\u0131r. Bunun yerine kamera ile g\u00fcvenli\u011fi sa\u011flamak daha sa\u011fl\u0131kl\u0131 olacakt\u0131r.[\/vc_column_text][\/vc_accordion_tab][vc_accordion_tab title=&#8221;\u0130n\u015faat Kamera Sistemleri&#8221;][vc_column_text css=&#8221;.vc_custom_1647326130529{background-color: #ffffff !important;}&#8221;]Kamera sistemleri g\u00fcndelik hayat\u0131n bir par\u00e7as\u0131 olmu\u015ftur. Baz\u0131 kullan\u0131m alanlar\u0131 sadece h\u0131rs\u0131zl\u0131\u011f\u0131 \u00f6nlemek i\u00e7in de\u011fildir. Kamera sistemi olaylar\u0131 ve ya\u015fan\u0131lan i\u015fleri takip etmek i\u00e7inde kullan\u0131lmaktad\u0131r. \u0130n\u015faat kamera sistemi i\u00e7inde bu ge\u00e7erli oldu\u011funu s\u00f6ylemek m\u00fcmk\u00fcnd\u00fcr.<span class=\"Apple-converted-space\">\u00a0<\/span><\/p>\n<p>\u0130n\u015faat gibi alanlarda h\u0131rs\u0131zl\u0131k olaylar\u0131na az da olsa rastlanabilmektedir. Ancak\u00a0kamera sistemleri\u00a0sadece bu ama\u00e7la kullan\u0131lmaz. \u015eantiyede ya\u015fan\u0131lan olumsuzluklara kar\u015f\u0131 da kamera sistemleri \u00f6nemli rol oynar. Kamera sistemi sayesinde in\u015faat alan\u0131nda yap\u0131lan yanl\u0131\u015flar\u0131n \u00f6n\u00fcne ge\u00e7ilebilir. Ancak bunun i\u00e7in s\u00fcrekli bir kay\u0131t sisteminin olmas\u0131 gereklidir. 7\/24 kameralar\u0131n aktif oldu\u011fu ve kay\u0131t alt\u0131na al\u0131nd\u0131\u011f\u0131 sistemler tercih edilmelidir.<\/p>\n<p>Kamera sistemi bir\u00a0i\u015f yeri prensibine g\u00f6re yakla\u015f\u0131lmal\u0131d\u0131r. Ayn\u0131 alan ve geni\u015f bir \u00e7al\u0131\u015fma sahas\u0131na sahip olmada sistemin mant\u0131s\u0131 ayn\u0131d\u0131r. Kurulum yap\u0131l\u0131rken yine de bir profesyonel ekiple \u00e7al\u0131\u015fmakta fayda vard\u0131r. \u0130\u015f alan\u0131nda g\u00fcvenli\u011fin sa\u011flanmas\u0131 i\u00e7in\u00a0g\u00fcvenlik kameras\u0131 kullan\u0131labilir. Hem \u00e7al\u0131\u015fan insanlar\u0131n hem \u015fantiyenin genel g\u00fcvenli\u011fi i\u00e7in kamera sistemleri kullanma fikri sizlere de mant\u0131kl\u0131 gelecektir.[\/vc_column_text][\/vc_accordion_tab][vc_accordion_tab title=&#8221;GES Kamera Sistemi&#8221;][vc_column_text css=&#8221;.vc_custom_1647326192555{background-color: #ffffff !important;}&#8221;]G\u00fcne\u015f Enerji Sistemleri \u00fclkemizde son y\u0131llar\u0131n b\u00fcy\u00fck yat\u0131r\u0131mlar\u0131 aras\u0131nda g\u00f6sterilmektedir. T\u00fcrkiye\u2019nin fazlaca g\u00fcne\u015f alan b\u00f6lgelerinin almas\u0131 nedeniyle bu konuda \u00fcretim ve yat\u0131r\u0131mlar giri\u015fimciler taraf\u0131ndan gelmektedir. Pek \u00e7ok yeni i\u015fletmeler kurularak G\u00fcne\u015f Enerji Sistemleri\u2019nde ilerlemeler kat ediliyor. \u00dclke ekonomisine b\u00fcy\u00fck katk\u0131 sa\u011flayan GES projeleri \u015fu anl\u0131k elektri\u011fin bir k\u0131sm\u0131na yard\u0131mc\u0131 oluyor. Ancak GES projelerinin bulundu\u011fu alanlar nas\u0131l korunuyor? G\u00fcne\u015f Enerji Sistemleri i\u00e7in bir koruma var m\u0131? \u0130\u015fte bu noktada kar\u015f\u0131m\u0131za GES g\u00fcvenlik kamera sistemi \u00e7\u0131k\u0131yor.<\/p>\n<p>Alarm\u00a0sistemlerinin pek fayda etmeyece\u011fi yerde\u00a0kamera sistemleri\u00a0devreye girebilir. Y\u00fcksek \u00e7\u00f6z\u00fcn\u00fcrl\u00fckl\u00fc kameralarla kay\u0131t al\u0131narak alan her zaman taramadan ge\u00e7er. Ayr\u0131ca \u00fcst\u00fcn teknoloji sayesinde kameralar\u0131n vermi\u015f oldu\u011fu kay\u0131tlar telefon \u00fczerinden de izlenebilmektedir. S\u00fcrekli g\u00fcne\u015f panellerini kontrol etmektense oturdu\u011funuz yerden her \u015feyin hakimi olabilirsiniz.<\/p>\n<p>GES g\u00fcvenlik kamera sistemi sayesinde 7\/24 alan\u0131n\u0131z g\u00fcvenlik alt\u0131nda olur. Herhangi bir k\u00f6t\u00fc durum kar\u015f\u0131s\u0131nda ise telefonunuza bildirim gelerek uyar\u0131l\u0131rs\u0131n\u0131z. Kameralar\u0131n s\u00fcrekli kay\u0131t alt\u0131nda olmas\u0131 istedi\u011finiz g\u00fcn\u00fc, saati ve dakikay\u0131 se\u00e7menize yard\u0131mc\u0131 olmaktad\u0131r. K\u0131sacas\u0131 G\u00fcne\u015f Enerji Sistemi ile ilgili bir projeniz varsa g\u00fcvenli\u011fi de elden b\u0131rakmay\u0131n. T\u00fcm i\u015fleri yaparken bir taraf yar\u0131m kalmas\u0131n. Bir kere kuraca\u011f\u0131n\u0131z kamera sistemiyle uzun y\u0131llar rahat edin.[\/vc_column_text][\/vc_accordion_tab][vc_accordion_tab title=&#8221;Havaliman\u0131 Kamera Sistemi&#8221;][vc_column_text css=&#8221;.vc_custom_1647326259549{background-color: #ffffff !important;}&#8221;]Havaliman\u0131 terminalleri insanlar\u0131n yo\u011fun oldu\u011fu bir g\u00fczergah olarak bilinir. Her g\u00fcn binlerce insan bir noktadan bir ba\u015fka noktaya seyahat ediyor. Bu seyahatlar yaz d\u00f6neminde daha da s\u0131kla\u015f\u0131yor. Yurt d\u0131\u015f\u0131na gidi\u015f oldu\u011fu gibi yurt d\u0131\u015f\u0131ndan da \u00fclkemize turistler ak\u0131n ediyor. G\u00f6revliler, polisler, pilotlar ve seyahat eden insanlar d\u00fc\u015f\u00fcn\u00fcld\u00fc\u011f\u00fcnde epey bir karma\u015f\u0131k gibi g\u00f6z\u00fck\u00fcyor. Ancak bu problemi kamera sistemleriyle \u00e7\u00f6zebilmek m\u00fcmk\u00fcn. Havaliman\u0131 kamera sistemi ya\u015fan\u0131lan bu yo\u011funlukta g\u00f6revini en iyi \u015fekilde yapabilmektedir.<\/p>\n<p>Havaliman\u0131 i\u00e7inde ve d\u0131\u015f\u0131nda kullan\u0131lan son teknoloji\u00a0kameralar alan\u0131n g\u00fcvenli\u011fi tamamen \u00e7evreler. Her an tetikte olan kameralar her \u015feyi kay\u0131t alt\u0131na al\u0131r. Ayn\u0131 zamanda kameralar\u0131 takip eden bir de operat\u00f6r ekibi bulunmaktad\u0131r. Onlarca belki de y\u00fczlerce kameralar\u0131n bulundu\u011fu havaliman\u0131nda takip edilmesi de \u00f6nemlidir. Havaliman\u0131nda anl\u0131k m\u00fcdahale edebilmek gereklidir. Olay bittikten sonra yap\u0131lan m\u00fcdahale anlams\u0131z kal\u0131r. Bu y\u00fczden kameralar\u0131n \u00e7ekimi kadar i\u015fin takip edilmesi de gerekir.<\/p>\n<p>Bir di\u011fer \u00f6nemli konuda kameralar\u0131n do\u011fru konumland\u0131r\u0131lmas\u0131d\u0131r. Herhangi bir olay yapmak isteyen ki\u015filer kameralar\u0131n k\u00f6r noktas\u0131n\u0131 kullanmaya \u00e7al\u0131\u015f\u0131r. Bu y\u00fczden alan\u0131n hi\u00e7bir yerinde k\u00f6r nokta kalmamal\u0131d\u0131r. Kameralar en ufak noktay\u0131 bile g\u00f6rmelidir. Havaliman\u0131 kamera sistemi kurulumu di\u011fer i\u015flere g\u00f6re biraz daha emek ister. Bu y\u00fczden kurulumu i\u015fin ehli ki\u015filere vermek gerekir. Kamera sistemlerinde profesyonelle\u015fmi\u015f ve kurumsalla\u015fm\u0131\u015f firmalar tercih edilmelidir.[\/vc_column_text][\/vc_accordion_tab][\/vc_accordion][vc_empty_space][\/vc_column][\/vc_row][vc_row full_width=&#8221;stretch_row&#8221; bg_type=&#8221;bg_color&#8221; bg_color_value=&#8221;#e2e2e2&#8243;][vc_column width=&#8221;1\/2&#8243;][vc_column_text]<\/p>\n<h3>Yang\u0131n Alarm Sistemleri<\/h3>\n<p>[\/vc_column_text][vc_single_image image=&#8221;1232&#8243; img_size=&#8221;full&#8221; alignment=&#8221;center&#8221;][vc_column_text]<\/p>\n<div id=\"new_columns-150-12897\">\n<div id=\"div_block-151-12897\">\n<div id=\"div_block-152-12897\">\n<div id=\"div_block-154-12897\">\n<p id=\"headline-155-12897\"><strong>Manuel Yang\u0131n Alarm Sistemleri\u00a0<\/strong><\/p>\n<p id=\"text_block-156-12897\">Bu tip yang\u0131n uyar\u0131 sistemlerinde muhakkak bir ki\u015finin sistem taraf\u0131ndan verilen uyar\u0131y\u0131 fark etmesi ve gerekli mercilere bildirmesi gerekir.<\/p>\n<\/div>\n<\/div>\n<\/div>\n<div id=\"div_block-163-12897\">\n<div id=\"fancy_icon-164-12897\"><strong>Otomatik Yang\u0131n Alarm Sistemleri<\/strong><\/div>\n<div id=\"div_block-165-12897\">\n<p id=\"text_block-167-12897\">Otomatik yang\u0131n alarm sistemleri ise \u00e7ok daha geli\u015fmi\u015f erken uyar\u0131 g\u00fcvenlik sistemleridir. \u00c7o\u011fu zaman bir\u00a0yang\u0131n dedekt\u00f6r\u00fc\u00a0vas\u0131tas\u0131yla etkinle\u015ftirilirler.<\/p>\n<\/div>\n<\/div>\n<\/div>\n<div id=\"div_block-285-12897\">\n<div id=\"fancy_icon-232-12897\"><strong>Kablosuz Yang\u0131n Alarm Sistemi<\/strong><\/div>\n<div id=\"div_block-233-12897\">\n<p id=\"text_block-235-12897\">M\u00fcze, tarihi yap\u0131 gibi kablo \u00e7ekilmesi imkans\u0131z yada \u00e7ok maliyetli olan mekanlarda yang\u0131n\u0131n alg\u0131lanmas\u0131 ve gerekli t\u00fcm ekipmanlar\u0131n kablosuz oldu\u011fu sistemdir. Kablosuz yang\u0131n alarm sistemleri\u00a0 g\u00fcvenli ve lisanss\u0131z radyo ileti\u015fimini kullan\u0131rlar. Bu anlamda t\u00fcm kablolu sistemlere iyi birer alternatiftirler.<\/p>\n<\/div>\n<div id=\"fancy_icon-222-12897\"><strong>Ak\u0131ll\u0131 Adresli Yang\u0131n Alarm Sistemi<\/strong><\/div>\n<div id=\"div_block-223-12897\">\n<p id=\"text_block-225-12897\">Adreslenebilir Sistemin alg\u0131lama ilkesi, Kontrol Panelinin tam olarak hangi dedekt\u00f6r veya yang\u0131n butonunun alarm\u0131 ba\u015flatt\u0131\u011f\u0131n\u0131 belirleyebilmesi d\u0131\u015f\u0131nda, Konvansiyonel Sisteme benzer.<\/p>\n<p><strong>Konvansiyonel Yang\u0131n Alarm Sistemi<\/strong><\/p>\n<\/div>\n<div id=\"div_block-215-12897\">\n<div id=\"div_block-217-12897\">\n<p id=\"text_block-219-12897\">Bir Konvansiyonel Yang\u0131n Alarm Sisteminde, B\u00f6lgelerdeki Yang\u0131n Alarm Kontrol Paneline bir dizi yang\u0131n butonu ve dedekt\u00f6r ba\u011flanm\u0131\u015ft\u0131r. K\u0131saca alanlar\u0131 ufak b\u00f6lgelere ay\u0131rma prensibi \u00fczerine \u00e7al\u0131\u015fan bir metottur.<\/p>\n<\/div>\n<\/div>\n<\/div>\n<p>[\/vc_column_text][\/vc_column][vc_column width=&#8221;1\/2&#8243;][vc_column_text]<\/p>\n<h3>H\u0131rs\u0131z Alarm Sistemleri<\/h3>\n<p>[\/vc_column_text][vc_single_image image=&#8221;1231&#8243; img_size=&#8221;full&#8221; alignment=&#8221;center&#8221;][vc_column_text]<\/p>\n<div class=\"wp-block-media-text alignwide has-media-on-the-right is-stacked-on-mobile\">\n<div class=\"wp-block-media-text__content\">\n<p id=\"teknim-pars-serisi-hirsiz-alarm-sistemi\"><strong>H\u0131rs\u0131z Alarm Sistemi Temel \u00f6zellikler:<\/strong><\/p>\n<ul>\n<li>GSM\/GPRS \u00dczerinden Arama,<\/li>\n<li>\u00dccretsiz Mobil Uygulama Deste\u011fi \u0130le Cepten A\u00e7ma\/Kapama<\/li>\n<li>5 Numaraya Kadar Arayabilme<\/li>\n<li>Kendi Haber Alma Merkezinizi Kendiniz Y\u00f6netin<\/li>\n<\/ul>\n<\/div>\n<\/div>\n<p class=\"has-text-align-left\"><strong>Alarm sistemleri<\/strong>; g\u00fcn\u00fcm\u00fczde \u00e7ok fazla h\u0131rs\u0131zl\u0131k olaylar\u0131 olmaktad\u0131r, gece mekan\u0131n\u0131zda uyuyorken veya \u00e7\u0131kt\u0131\u011f\u0131n\u0131zda takipte olan h\u0131rs\u0131z mekan\u0131n\u0131za girebilir, sahip oldu\u011funuz mekanda sahip oldu\u011funuz de\u011ferli e\u015fyalar\u0131n\u0131z\u0131 \u00e7alabilir, size ve sevdiklerinize zarar verebilir. sadece h\u0131rs\u0131zl\u0131k i\u00e7inde d\u00fc\u015f\u00fcnmemek gerekir durumu, deprem olabilir, su bask\u0131n\u0131 olabilir, gaz ka\u00e7a\u011f\u0131 olabilir yada yang\u0131n olabilir, peki, bu durumlar i\u00e7inde genel olarak bir g\u00fcvenlik alarm sistemi kurdurmak istemez misiniz?<\/p>\n<div class=\"wp-block-media-text alignwide is-stacked-on-mobile\">\n<figure class=\"wp-block-media-text__media\"><\/figure>\n<div class=\"wp-block-media-text__content\"><\/div>\n<\/div>\n<p class=\"has-text-align-left\"><strong>H\u0131rs\u0131z Alarm\u0131<\/strong>; \u0130nsan her vakitte mekan\u0131n\u0131nda olamaz, acil bir i\u015fi \u00e7\u0131kabilir. \u00c7al\u0131\u015f\u0131yor olabilir, ama nerde olursan\u0131z olun, mekan\u0131n\u0131zda alarm kurulu ise korkmay\u0131n g\u00fcvendesiniz.<\/p>\n<p id=\"alarm-sistemleri-haber-alma-merkezi\"><strong>Alarm Sistemleri Haber Alma Merkezi<\/strong><\/p>\n<p class=\"has-text-align-left\">Alarm sistemlerin de uzaktan cep telefonu \u00fczerinden arayarak veya cep telefonu \u00fccretsiz\u00a0Uygulamas\u0131 \u00fczerinden mekan\u0131n\u0131zdaki g\u00fcvenlik alarm\u0131 sistemini kapat\u0131p a\u00e7abildi\u011finiz modelleri vard\u0131r, alarm haber alma merkezi \u015fu mant\u0131kta \u00e7al\u0131\u015f\u0131r, alarm kurulacak mekanda mutlaka sabit telefon hatt\u0131 olmal\u0131d\u0131r e\u011fer yoksa GSM\/GPRS modelleri alarm sistemi tercih edilmektedir. alarm paneline telefon hatt\u0131ndan kablo \u00e7ekilir, ve panele 5 telefon numaras\u0131 kodlanabilir, \u015f\u00f6yle d\u00fc\u015f\u00fcnelim, sizin, e\u015finizin, \u00e7ocu\u011funuzun vs vs\u2026 gibi mekan\u0131n\u0131zda de\u011filsiniz ve bir h\u0131rs\u0131zl\u0131k giri\u015fimi oldu\u011funda mekan\u0131n\u0131za kurulu olan alarm sistemi, paneline ba\u011fl\u0131 olan hatt\u0131n\u0131zdan 1 numara arar. ona ula\u015famazsa sistem ikinci girilen numaray\u0131 arar, ona da ula\u015fmazsa panele kodlanm\u0131\u015f olan di\u011fer numaralar\u0131 ula\u015fana kadar teker teker arayarak bilgilendirir. haber alma merkezi asl\u0131nda bir arac\u0131d\u0131r, y\u0131ll\u0131k \u00fccret alarak var olan sistemden para kazanmaktad\u0131r ve direk sizi arayacak sisteme, birde kendisini ilave etmektedir. halbuki alarm sistemi panellerinin \u00f6zelli\u011finde, zaten 5 ki\u015fiye kadar aray\u0131p haber verme \u00f6zelli\u011fi mevcuttur. <strong>Fahri Elektrik &#8211; Bursa<\/strong> olarak m\u00fc\u015fterilerimize, araya arac\u0131 koydurmayarak, alm\u0131\u015f olduklar\u0131 alarm sisteminin haber alma \u00f6zelli\u011fine \u00fccret \u00f6demeden y\u0131llarca kendi sistemlerini kendilerinin y\u00f6netmesini istiyoruz.<\/p>\n<p>[\/vc_column_text][\/vc_column][\/vc_row]<\/p>\n<\/div>","protected":false},"excerpt":{"rendered":"<p>[vc_row type=&#8221;vc_default&#8221; css=&#8221;.vc_custom_1474268037787{margin-bottom: -30px !important;padding-bottom: 30px !important;}&#8221;][vc_column offset=&#8221;vc_col-lg-12 vc_col-md-12 vc_col-xs-12&#8243;][vc_column_text css=&#8221;.vc_custom_1647325936636{padding-bottom: 60px !important;}&#8221;]G\u00fcvenlik kamera sistemi\u00a0g\u00fcvenli\u011fimizi emanet etti\u011fimiz kapal\u0131 devre izleme sisteminin di\u011fer ad\u0131 g\u00fcvenlik kamera sistemidir. Piyasada KDTV diye de bilinen a\u00e7\u0131l\u0131m\u0131 kapal\u0131 devre televizyon sistemi olan g\u00fcvenlik sistemleri 7\/24 kesintisiz olarak g\u00f6zlem ve kay\u0131t yapan bir kamera sistemidir. Kapal\u0131 devre televizyon sistemi kullan\u0131m alanlar\u0131&hellip;<\/p>\n","protected":false},"author":1,"featured_media":0,"parent":931,"menu_order":0,"comment_status":"closed","ping_status":"closed","template":"","meta":{"footnotes":""},"class_list":["post-67","page","type-page","status-publish","hentry","description-off"],"_links":{"self":[{"href":"https:\/\/fahrielektrik.com\/index.php\/wp-json\/wp\/v2\/pages\/67","targetHints":{"allow":["GET"]}}],"collection":[{"href":"https:\/\/fahrielektrik.com\/index.php\/wp-json\/wp\/v2\/pages"}],"about":[{"href":"https:\/\/fahrielektrik.com\/index.php\/wp-json\/wp\/v2\/types\/page"}],"author":[{"embeddable":true,"href":"https:\/\/fahrielektrik.com\/index.php\/wp-json\/wp\/v2\/users\/1"}],"replies":[{"embeddable":true,"href":"https:\/\/fahrielektrik.com\/index.php\/wp-json\/wp\/v2\/comments?post=67"}],"version-history":[{"count":0,"href":"https:\/\/fahrielektrik.com\/index.php\/wp-json\/wp\/v2\/pages\/67\/revisions"}],"up":[{"embeddable":true,"href":"https:\/\/fahrielektrik.com\/index.php\/wp-json\/wp\/v2\/pages\/931"}],"wp:attachment":[{"href":"https:\/\/fahrielektrik.com\/index.php\/wp-json\/wp\/v2\/media?parent=67"}],"curies":[{"name":"wp","href":"https:\/\/api.w.org\/{rel}","templated":true}]}}