{"id":308,"date":"2016-06-28T01:40:45","date_gmt":"2016-06-27T22:40:45","guid":{"rendered":"https:\/\/the7.io\/construction\/?page_id=308"},"modified":"2023-05-21T01:52:57","modified_gmt":"2023-05-20T22:52:57","slug":"iletisim","status":"publish","type":"page","link":"https:\/\/fahrielektrik.com\/index.php\/iletisim\/","title":{"rendered":"\u0130leti\u015fim"},"content":{"rendered":"<div class=\"wpb-content-wrapper\"><p>[vc_row content_placement=&#8221;top&#8221; type=&#8221;vc_default&#8221; css=&#8221;.vc_custom_1495106072169{padding-top: 70px !important;padding-bottom: 20px !important;}&#8221;][vc_column offset=&#8221;vc_col-lg-8 vc_col-md-8&#8243;][vc_row_inner equal_height=&#8221;yes&#8221;][vc_column_inner width=&#8221;1\/2&#8243; css=&#8221;.vc_custom_1495103675569{padding-bottom: 30px !important;}&#8221;]<div class=\"aio-icon-component  vc_custom_1684623171992  accent-icon-color style_1\"><div id=\"Info-box-wrap-2282\" class=\"aio-icon-box left-icon\" style=\"\"  ><div class=\"aio-icon-left\"><div class=\"ult-just-icon-wrapper  \"><div class=\"align-icon\" style=\"text-align:center;\">\n<div class=\"aio-icon none \"  style=\"font-size:20px;display:inline-block;\">\n\t<i class=\"icomoon-font-awesome-14x14-phone-square\"><\/i>\n<\/div><\/div><\/div><\/div><div class=\"aio-ibd-block\"><div class=\"aio-icon-header\" ><h3 class=\"aio-icon-title ult-responsive\"  data-ultimate-target='#Info-box-wrap-2282 .aio-icon-title'  data-responsive-json-new='{\"font-size\":\"desktop:16px;\",\"line-height\":\"desktop:26px;\"}'  style=\"font-weight:bold;\">Telefon<\/h3><\/div> <!-- header --><div class=\"aio-icon-description ult-responsive\"  data-ultimate-target='#Info-box-wrap-2282 .aio-icon-description'  data-responsive-json-new='{\"font-size\":\"\",\"line-height\":\"\"}'  style=\"\"><strong>Mudanya:<\/strong><br \/>\n0224 544 24 64<br \/>\n<strong>Nil\u00fcfer:<\/strong><br \/>\n0537 695 77 27<br \/>\n0541 881 88 05<\/div> <!-- description --><\/div> <!-- aio-ibd-block --><\/div> <!-- aio-icon-box --><\/div> <!-- aio-icon-component -->[\/vc_column_inner][vc_column_inner width=&#8221;1\/2&#8243; css=&#8221;.vc_custom_1495103685095{padding-bottom: 30px !important;}&#8221;]<div class=\"aio-icon-component  vc_custom_1648757378861  accent-icon-color style_1\"><div id=\"Info-box-wrap-3181\" class=\"aio-icon-box left-icon\" style=\"\"  ><div class=\"aio-icon-left\"><div class=\"ult-just-icon-wrapper  \"><div class=\"align-icon\" style=\"text-align:center;\">\n<div class=\"aio-icon none \"  style=\"font-size:20px;display:inline-block;\">\n\t<i class=\"icomoon-font-awesome-14x14-building-o\"><\/i>\n<\/div><\/div><\/div><\/div><div class=\"aio-ibd-block\"><div class=\"aio-icon-header\" ><h3 class=\"aio-icon-title ult-responsive\"  data-ultimate-target='#Info-box-wrap-3181 .aio-icon-title'  data-responsive-json-new='{\"font-size\":\"desktop:16px;\",\"line-height\":\"desktop:26px;\"}'  style=\"font-weight:bold;\">Merkez:<\/h3><\/div> <!-- header --><div class=\"aio-icon-description ult-responsive\"  data-ultimate-target='#Info-box-wrap-3181 .aio-icon-description'  data-responsive-json-new='{\"font-size\":\"\",\"line-height\":\"\"}'  style=\"\">Hasanbey Mh. \u0130par Caddesi No: 39\/C,<br \/>\n<strong>Mudanya<\/strong>\/Bursa<\/div> <!-- description --><\/div> <!-- aio-ibd-block --><\/div> <!-- aio-icon-box --><\/div> <!-- aio-icon-component -->[\/vc_column_inner][vc_column_inner width=&#8221;1\/2&#8243; css=&#8221;.vc_custom_1495103679362{padding-bottom: 30px !important;}&#8221;]<div class=\"aio-icon-component  vc_custom_1522419083888  accent-icon-color style_1\"><div id=\"Info-box-wrap-1240\" class=\"aio-icon-box left-icon\" style=\"\"  ><div class=\"aio-icon-left\"><div class=\"ult-just-icon-wrapper  \"><div class=\"align-icon\" style=\"text-align:center;\">\n<div class=\"aio-icon none \"  style=\"font-size:20px;display:inline-block;\">\n\t<i class=\"icomoon-font-awesome-14x14-envelope-open\"><\/i>\n<\/div><\/div><\/div><\/div><div class=\"aio-ibd-block\"><div class=\"aio-icon-header\" ><h3 class=\"aio-icon-title ult-responsive\"  data-ultimate-target='#Info-box-wrap-1240 .aio-icon-title'  data-responsive-json-new='{\"font-size\":\"desktop:16px;\",\"line-height\":\"desktop:26px;\"}'  style=\"font-weight:bold;\">E-posta<\/h3><\/div> <!-- header --><div class=\"aio-icon-description ult-responsive\"  data-ultimate-target='#Info-box-wrap-1240 .aio-icon-description'  data-responsive-json-new='{\"font-size\":\"\",\"line-height\":\"\"}'  style=\"\">info@fahrielektrik.com<\/div> <!-- description --><\/div> <!-- aio-ibd-block --><\/div> <!-- aio-icon-box --><\/div> <!-- aio-icon-component -->[\/vc_column_inner][vc_column_inner width=&#8221;1\/2&#8243; css=&#8221;.vc_custom_1495103691605{padding-bottom: 30px !important;}&#8221;]<div class=\"aio-icon-component  vc_custom_1684622641671  accent-icon-color style_1\"><div id=\"Info-box-wrap-5067\" class=\"aio-icon-box left-icon\" style=\"\"  ><div class=\"aio-icon-left\"><div class=\"ult-just-icon-wrapper  \"><div class=\"align-icon\" style=\"text-align:center;\">\n<div class=\"aio-icon none \"  style=\"font-size:20px;display:inline-block;\">\n\t<i class=\"icomoon-font-awesome-14x14-building-o\"><\/i>\n<\/div><\/div><\/div><\/div><div class=\"aio-ibd-block\"><div class=\"aio-icon-header\" ><h3 class=\"aio-icon-title ult-responsive\"  data-ultimate-target='#Info-box-wrap-5067 .aio-icon-title'  data-responsive-json-new='{\"font-size\":\"desktop:16px;\",\"line-height\":\"desktop:26px;\"}'  style=\"font-weight:bold;\">\u015eube:<\/h3><\/div> <!-- header --><div class=\"aio-icon-description ult-responsive\"  data-ultimate-target='#Info-box-wrap-5067 .aio-icon-description'  data-responsive-json-new='{\"font-size\":\"\",\"line-height\":\"\"}'  style=\"\">Alaaddinbey 634. Sokak 1\/B Ayaz Plaza 16120<br \/>\n<strong>Nil\u00fcfer\/BURSA<\/strong><\/div> <!-- description --><\/div> <!-- aio-ibd-block --><\/div> <!-- aio-icon-box --><\/div> <!-- aio-icon-component -->[\/vc_column_inner][\/vc_row_inner][\/vc_column][vc_column offset=&#8221;vc_col-lg-4 vc_col-md-4&#8243;]<div class=\"aio-icon-component  vc_custom_1522419388720  accent-icon-color style_1\"><div id=\"Info-box-wrap-6734\" class=\"aio-icon-box left-icon\" style=\"\"  ><div class=\"aio-icon-left\"><div class=\"ult-just-icon-wrapper  \"><div class=\"align-icon\" style=\"text-align:center;\">\n<div class=\"aio-icon none \"  style=\"font-size:20px;display:inline-block;\">\n\t<i class=\"icomoon-font-awesome-14x14-clock-o\"><\/i>\n<\/div><\/div><\/div><\/div><div class=\"aio-ibd-block\"><div class=\"aio-icon-header\" ><h3 class=\"aio-icon-title ult-responsive\"  data-ultimate-target='#Info-box-wrap-6734 .aio-icon-title'  data-responsive-json-new='{\"font-size\":\"desktop:16px;\",\"line-height\":\"desktop:26px;\"}'  style=\"font-weight:bold;\">\u00c7al\u0131\u015fma Saatleri<\/h3><\/div> <!-- header --><div class=\"aio-icon-description ult-responsive\"  data-ultimate-target='#Info-box-wrap-6734 .aio-icon-description'  data-responsive-json-new='{\"font-size\":\"\",\"line-height\":\"\"}'  style=\"\">Pazartesi &#8230;&#8230;&#8230;&#8230;. 07:30 &#8211; 20:00<br \/>\nSal\u0131 &#8230;&#8230;&#8230;&#8230;&#8230;&#8230;&#8230;.\u00a007:30 &#8211; 20:00<br \/>\n\u00c7ar\u015famba &#8230;&#8230;&#8230;&#8230; 07:30 &#8211; 20:00<br \/>\nPer\u015fembe &#8230;&#8230;&#8230;&#8230; 07:30 &#8211; 20:00<br \/>\nCuma &#8230;&#8230;&#8230;&#8230;&#8230;&#8230;.\u00a007:30 &#8211; 20:00<br \/>\nCumartesi &#8230;&#8230;&#8230;&#8230; 07:30 &#8211; 20:00<br \/>\nPazar &#8230;&#8230;&#8230;&#8230;&#8230;&#8230;. 09:00 &#8211; 20:00<\/div> <!-- description --><\/div> <!-- aio-ibd-block --><\/div> <!-- aio-icon-box --><\/div> <!-- aio-icon-component -->[\/vc_column][\/vc_row][vc_row gap=&#8221;30&#8243; equal_height=&#8221;yes&#8221; type=&#8221;vc_default&#8221; css=&#8221;.vc_custom_1495106084943{padding-right: 25px !important;padding-bottom: 40px !important;padding-left: 25px !important;}&#8221;][vc_column css=&#8221;.vc_custom_1495106016533{margin-bottom: 30px !important;padding-top: 30px !important;padding-right: 30px !important;padding-bottom: 40px !important;padding-left: 30px !important;background-color: #f4f4f4 !important;}&#8221; offset=&#8221;vc_col-lg-offset-0 vc_col-lg-6 vc_col-md-offset-0 vc_col-md-6 vc_col-sm-offset-0&#8243;]<div id=\"ultimate-heading-342569e5ea18cd9b8\" class=\"uvc-heading ult-adjust-bottom-margin ultimate-heading-342569e5ea18cd9b8 uvc-5552 \" data-hspacer=\"no_spacer\"  data-halign=\"left\" style=\"text-align:left\"><div class=\"uvc-heading-spacer no_spacer\" style=\"top\"><\/div><div class=\"uvc-main-heading ult-responsive\"  data-ultimate-target='.uvc-heading.ultimate-heading-342569e5ea18cd9b8 h2'  data-responsive-json-new='{\"font-size\":\"desktop:26px;\",\"line-height\":\"desktop:36px;\"}' ><h2 style=\"font-weight:bold;margin-bottom:30px;\">Mudanya (Merkez)<\/h2><\/div><\/div><div id='wrap_map_69e5ea18cda07' class='ultimate-map-wrapper ult-adjust-bottom-margin ' style=' height:320px;'><div id='map_69e5ea18cda07' data-map_override='0' class='ultimate_google_map wpb_content_element 0' style='width:100%;height:320px;'><\/div><\/div><script type='text\/javascript'>\n\t\t\t(function($) {\n  \t\t\t'use strict';\n\t\t\tvar map_map_69e5ea18cda07 = null;\n\t\t\tvar coordinate_map_69e5ea18cda07;\n\t\t\tvar isDraggable = $(document).width() > 641 ? 'true' : 'true';\n\t\t\ttry\n\t\t\t{\n\t\t\t\tvar map_map_69e5ea18cda07 = null;\n\t\t\t\tvar coordinate_map_69e5ea18cda07;\n\t\t\t\tcoordinate_map_69e5ea18cda07 = new google.maps.LatLng(40.375499, 28.884948);\n\t\t\t\tvar mapOptions=\n\t\t\t\t{\n\t\t\t\t\tzoom: 19,\n\t\t\t\t\tcenter: coordinate_map_69e5ea18cda07,\n\t\t\t\t\tscaleControl: true,\n\t\t\t\t\tstreetViewControl: false,\n\t\t\t\t\tmapTypeControl: false,\n\t\t\t\t\tpanControl: false,\n\t\t\t\t\tzoomControl: false,\n\t\t\t\t\tscrollwheel: true,\n\t\t\t\t\tdraggable: isDraggable,\n\t\t\t\t\tzoomControlOptions: {\n\t\t\t\t\t\tposition: google.maps.ControlPosition.right_bottom\n\t\t\t\t\t},mapTypeId: google.maps.MapTypeId.roadmap,};var map_map_69e5ea18cda07 = new google.maps.Map(document.getElementById('map_69e5ea18cda07'),mapOptions);\n\t\t\t\t\t\tvar x = 'infowindow_open_value';\n\t\t\t\t\t\tvar marker_map_69e5ea18cda07 = new google.maps.Marker({\n\t\t\t\t\t\tposition: new google.maps.LatLng('40.375499', '28.884948'),\n\t\t\t\t\t\tanimation:  google.maps.Animation.DROP,\n\t\t\t\t\t\tmap: map_map_69e5ea18cda07,\n\t\t\t\t\t\ticon: 'https:\/\/fahrielektrik.com\/wp-content\/plugins\/Ultimate_VC_Addons\/assets\/img\/icon-marker-pink.png'\n\t\t\t\t\t});\tgoogle.maps.event.addListener(marker_map_69e5ea18cda07, 'click', toggleBounce);var infowindow = new google.maps.InfoWindow();\n\t\t\t\t\t\t\tinfowindow.setContent('<div class=\"map_info_text\" style=\\'color:#000;\\'><strong>Fahri Elektrik &#8211; Mudanya<\/strong><\/p> <p>\u0130par Caddesi No: 39\/C<br \/> Tel: 0224 544 2464<br \/> Gsm: 0537 695 77 27<\/div>');google.maps.event.addListener(marker_map_69e5ea18cda07, 'click', function() {\n\t\t\t\t\t\t\t\tinfowindow.open(map_map_69e5ea18cda07,marker_map_69e5ea18cda07);\n\t\t\t\t\t\t  \t});}\n\t\t\tcatch(e){};\n\t\t\tjQuery(document).ready(function($){\n\t\t\t\tgoogle.maps.event.trigger(map_map_69e5ea18cda07, 'resize');\n\t\t\t\t$(window).on('resize', function(){\n\t\t\t\t\tgoogle.maps.event.trigger(map_map_69e5ea18cda07, 'resize');\n\t\t\t\t\tif(map_map_69e5ea18cda07!=null)\n\t\t\t\t\t\tmap_map_69e5ea18cda07.setCenter(coordinate_map_69e5ea18cda07);\n\t\t\t\t});\n\t\t\t\t$('.ui-tabs').on('tabsactivate', function(event, ui) {\n\t\t\t\t   if($(this).find('.ultimate-map-wrapper').length > 0)\n\t\t\t\t\t{\n\t\t\t\t\t\tsetTimeout(function(){\n\t\t\t\t\t\t\t$(window).trigger('resize');\n\t\t\t\t\t\t},200);\n\t\t\t\t\t}\n\t\t\t\t});\n\t\t\t\t$('.ui-accordion').on('accordionactivate', function(event, ui) {\n\t\t\t\t   if($(this).find('.ultimate-map-wrapper').length > 0)\n\t\t\t\t\t{\n\t\t\t\t\t\tsetTimeout(function(){\n\t\t\t\t\t\t\t$(window).trigger('resize');\n\t\t\t\t\t\t},200);\n\t\t\t\t\t}\n\t\t\t\t});\n\t\t\t\t$(window).on('load',function(){\n\t\t\t\t\tsetTimeout(function(){\n\t\t\t\t\t\t$(window).trigger('resize');\n\t\t\t\t\t},200);\n\t\t\t\t});\n\t\t\t\t$('.ult_exp_section').on('select', function(){\n\t\t\t\t\tif($(map_map_69e5ea18cda07).parents('.ult_exp_section'))\n\t\t\t\t\t{\n\t\t\t\t\t\tsetTimeout(function(){\n\t\t\t\t\t\t\t$(window).trigger('resize');\n\t\t\t\t\t\t},200);\n\t\t\t\t\t}\n\t\t\t\t});\n\t\t\t\t$(document).on('onUVCModalPopupOpen', function(){\n\t\t\t\t\tif($(map_map_69e5ea18cda07).parents('.ult_modal-content'))\n\t\t\t\t\t{\n\t\t\t\t\t\tsetTimeout(function(){\n\t\t\t\t\t\t\t$(window).trigger('resize');\n\t\t\t\t\t\t},200);\n\t\t\t\t\t}\n\t\t\t\t});\n\t\t\t\t$(document).on('click','.ult_tab_li',function(){\n\t\t\t\t\t$(window).trigger('resize');\n\t\t\t\t\tsetTimeout(function(){\n\t\t\t\t\t\t$(window).trigger('resize');\n\t\t\t\t\t},200);\n\t\t\t\t});\n\t\t\t});\n\t\t\tfunction toggleBounce() {\n\t\t\t  if (marker_map_69e5ea18cda07.getAnimation() != null) {\n\t\t\t\tmarker_map_69e5ea18cda07.setAnimation(null);\n\t\t\t  } else {\n\t\t\t\tmarker_map_69e5ea18cda07.setAnimation(google.maps.Animation.BOUNCE);\n\t\t\t  }\n\t\t\t}\n\t\t\t})(jQuery);\n\t\t\t<\/script><div id=\"ultimate-heading-719069e5ea18cda7c\" class=\"uvc-heading ult-adjust-bottom-margin ultimate-heading-719069e5ea18cda7c uvc-1886 \" data-hspacer=\"no_spacer\"  data-halign=\"left\" style=\"text-align:left\"><div class=\"uvc-heading-spacer no_spacer\" style=\"top\"><\/div><div class=\"uvc-main-heading ult-responsive\"  data-ultimate-target='.uvc-heading.ultimate-heading-719069e5ea18cda7c h2'  data-responsive-json-new='{\"font-size\":\"desktop:26px;\",\"line-height\":\"desktop:36px;\"}' ><h2 style=\"font-weight:bold;margin-bottom:30px;\">Nil\u00fcfer \u015eube<\/h2><\/div><\/div><div id='wrap_map_69e5ea18cdaad' class='ultimate-map-wrapper ult-adjust-bottom-margin ' style=' height:320px;'><div id='map_69e5ea18cdaad' data-map_override='0' class='ultimate_google_map wpb_content_element 0' style='width:100%;height:320px;'><\/div><\/div><script type='text\/javascript'>\n\t\t\t(function($) {\n  \t\t\t'use strict';\n\t\t\tvar map_map_69e5ea18cdaad = null;\n\t\t\tvar coordinate_map_69e5ea18cdaad;\n\t\t\tvar isDraggable = $(document).width() > 641 ? 'true' : 'true';\n\t\t\ttry\n\t\t\t{\n\t\t\t\tvar map_map_69e5ea18cdaad = null;\n\t\t\t\tvar coordinate_map_69e5ea18cdaad;\n\t\t\t\tcoordinate_map_69e5ea18cdaad = new google.maps.LatLng(40.209887145666, 28.931611870212);\n\t\t\t\tvar mapOptions=\n\t\t\t\t{\n\t\t\t\t\tzoom: 19,\n\t\t\t\t\tcenter: coordinate_map_69e5ea18cdaad,\n\t\t\t\t\tscaleControl: true,\n\t\t\t\t\tstreetViewControl: false,\n\t\t\t\t\tmapTypeControl: false,\n\t\t\t\t\tpanControl: false,\n\t\t\t\t\tzoomControl: false,\n\t\t\t\t\tscrollwheel: true,\n\t\t\t\t\tdraggable: isDraggable,\n\t\t\t\t\tzoomControlOptions: {\n\t\t\t\t\t\tposition: google.maps.ControlPosition.right_bottom\n\t\t\t\t\t},mapTypeId: google.maps.MapTypeId.roadmap,};var map_map_69e5ea18cdaad = new google.maps.Map(document.getElementById('map_69e5ea18cdaad'),mapOptions);\n\t\t\t\t\t\tvar x = 'infowindow_open_value';\n\t\t\t\t\t\tvar marker_map_69e5ea18cdaad = new google.maps.Marker({\n\t\t\t\t\t\tposition: new google.maps.LatLng('40.209887145666', '28.931611870212'),\n\t\t\t\t\t\tanimation:  google.maps.Animation.DROP,\n\t\t\t\t\t\tmap: map_map_69e5ea18cdaad,\n\t\t\t\t\t\ticon: 'https:\/\/fahrielektrik.com\/wp-content\/plugins\/Ultimate_VC_Addons\/assets\/img\/icon-marker-pink.png'\n\t\t\t\t\t});\tgoogle.maps.event.addListener(marker_map_69e5ea18cdaad, 'click', toggleBounce);var infowindow = new google.maps.InfoWindow();\n\t\t\t\t\t\t\tinfowindow.setContent('<div class=\"map_info_text\" style=\\'color:#000;\\'><strong>Fahri Elektrik &#8211; Nil\u00fcfer<\/strong><\/p> <p><span class=\"ruyPpc\">Alaaddinbey Mh. 634. Sokak 1\/B Ayaz Plaza,<br \/> 16120 Nil\u00fcfer\/Bursa<\/span><br \/> <strong>Gsm: 0537 695 77 27<\/strong><\/div>');google.maps.event.addListener(marker_map_69e5ea18cdaad, 'click', function() {\n\t\t\t\t\t\t\t\tinfowindow.open(map_map_69e5ea18cdaad,marker_map_69e5ea18cdaad);\n\t\t\t\t\t\t  \t});}\n\t\t\tcatch(e){};\n\t\t\tjQuery(document).ready(function($){\n\t\t\t\tgoogle.maps.event.trigger(map_map_69e5ea18cdaad, 'resize');\n\t\t\t\t$(window).on('resize', function(){\n\t\t\t\t\tgoogle.maps.event.trigger(map_map_69e5ea18cdaad, 'resize');\n\t\t\t\t\tif(map_map_69e5ea18cdaad!=null)\n\t\t\t\t\t\tmap_map_69e5ea18cdaad.setCenter(coordinate_map_69e5ea18cdaad);\n\t\t\t\t});\n\t\t\t\t$('.ui-tabs').on('tabsactivate', function(event, ui) {\n\t\t\t\t   if($(this).find('.ultimate-map-wrapper').length > 0)\n\t\t\t\t\t{\n\t\t\t\t\t\tsetTimeout(function(){\n\t\t\t\t\t\t\t$(window).trigger('resize');\n\t\t\t\t\t\t},200);\n\t\t\t\t\t}\n\t\t\t\t});\n\t\t\t\t$('.ui-accordion').on('accordionactivate', function(event, ui) {\n\t\t\t\t   if($(this).find('.ultimate-map-wrapper').length > 0)\n\t\t\t\t\t{\n\t\t\t\t\t\tsetTimeout(function(){\n\t\t\t\t\t\t\t$(window).trigger('resize');\n\t\t\t\t\t\t},200);\n\t\t\t\t\t}\n\t\t\t\t});\n\t\t\t\t$(window).on('load',function(){\n\t\t\t\t\tsetTimeout(function(){\n\t\t\t\t\t\t$(window).trigger('resize');\n\t\t\t\t\t},200);\n\t\t\t\t});\n\t\t\t\t$('.ult_exp_section').on('select', function(){\n\t\t\t\t\tif($(map_map_69e5ea18cdaad).parents('.ult_exp_section'))\n\t\t\t\t\t{\n\t\t\t\t\t\tsetTimeout(function(){\n\t\t\t\t\t\t\t$(window).trigger('resize');\n\t\t\t\t\t\t},200);\n\t\t\t\t\t}\n\t\t\t\t});\n\t\t\t\t$(document).on('onUVCModalPopupOpen', function(){\n\t\t\t\t\tif($(map_map_69e5ea18cdaad).parents('.ult_modal-content'))\n\t\t\t\t\t{\n\t\t\t\t\t\tsetTimeout(function(){\n\t\t\t\t\t\t\t$(window).trigger('resize');\n\t\t\t\t\t\t},200);\n\t\t\t\t\t}\n\t\t\t\t});\n\t\t\t\t$(document).on('click','.ult_tab_li',function(){\n\t\t\t\t\t$(window).trigger('resize');\n\t\t\t\t\tsetTimeout(function(){\n\t\t\t\t\t\t$(window).trigger('resize');\n\t\t\t\t\t},200);\n\t\t\t\t});\n\t\t\t});\n\t\t\tfunction toggleBounce() {\n\t\t\t  if (marker_map_69e5ea18cdaad.getAnimation() != null) {\n\t\t\t\tmarker_map_69e5ea18cdaad.setAnimation(null);\n\t\t\t  } else {\n\t\t\t\tmarker_map_69e5ea18cdaad.setAnimation(google.maps.Animation.BOUNCE);\n\t\t\t  }\n\t\t\t}\n\t\t\t})(jQuery);\n\t\t\t<\/script>[vc_column_text][\/vc_column_text][\/vc_column][vc_column css=&#8221;.vc_custom_1495106021822{margin-bottom: 30px !important;padding-top: 30px !important;padding-right: 30px !important;padding-bottom: 40px !important;padding-left: 30px !important;background-color: #f4f4f4 !important;}&#8221; offset=&#8221;vc_col-lg-6 vc_col-md-6&#8243;]<div id=\"ultimate-heading-918669e5ea18cdb25\" class=\"uvc-heading ult-adjust-bottom-margin ultimate-heading-918669e5ea18cdb25 uvc-3344 \" data-hspacer=\"no_spacer\"  data-halign=\"left\" style=\"text-align:left\"><div class=\"uvc-heading-spacer no_spacer\" style=\"top\"><\/div><div class=\"uvc-main-heading ult-responsive\"  data-ultimate-target='.uvc-heading.ultimate-heading-918669e5ea18cdb25 h2'  data-responsive-json-new='{\"font-size\":\"desktop:26px;\",\"line-height\":\"desktop:36px;\"}' ><h2 style=\"font-weight:bold;margin-bottom:30px;\">\u0130leti\u015fim Formu<\/h2><\/div><\/div><div class=\"wpforms-container wpforms-container-full\" id=\"wpforms-1162\"><form id=\"wpforms-form-1162\" class=\"wpforms-validate wpforms-form\" data-formid=\"1162\" method=\"post\" enctype=\"multipart\/form-data\" action=\"\/index.php\/wp-json\/wp\/v2\/pages\/308\" data-token=\"5df131686f26918f6b9a5cdaedc031bd\" data-token-time=\"1776675352\"><noscript class=\"wpforms-error-noscript\">Bu formu bitirebilmek i\u00e7in taray\u0131c\u0131n\u0131zda JavaScript&#039;i etkinle\u015ftirin.<\/noscript><div class=\"wpforms-field-container\"><div id=\"wpforms-1162-field_0-container\" class=\"wpforms-field wpforms-field-name\" data-field-id=\"0\"><label class=\"wpforms-field-label\" for=\"wpforms-1162-field_0\">\u0130sim <span class=\"wpforms-required-label\">*<\/span><\/label><input type=\"text\" id=\"wpforms-1162-field_0\" class=\"wpforms-field-medium wpforms-field-required\" name=\"wpforms[fields][0]\" required><\/div><div id=\"wpforms-1162-field_4-container\" class=\"wpforms-field wpforms-field-number\" data-field-id=\"4\"><label class=\"wpforms-field-label\" for=\"wpforms-1162-field_4\">Cep Telefonu <span class=\"wpforms-required-label\">*<\/span><\/label><input type=\"number\" id=\"wpforms-1162-field_4\" class=\"wpforms-field-medium wpforms-field-required\" name=\"wpforms[fields][4]\" step=\"any\" required><\/div><div id=\"wpforms-1162-field_1-container\" class=\"wpforms-field wpforms-field-email\" data-field-id=\"1\"><label class=\"wpforms-field-label\" for=\"wpforms-1162-field_1\">E-Posta<\/label><input type=\"email\" id=\"wpforms-1162-field_1\" class=\"wpforms-field-medium\" name=\"wpforms[fields][1]\" spellcheck=\"false\" ><\/div><div id=\"wpforms-1162-field_2-container\" class=\"wpforms-field wpforms-field-textarea\" data-field-id=\"2\"><label class=\"wpforms-field-label\" for=\"wpforms-1162-field_2\">Mesaj <span class=\"wpforms-required-label\">*<\/span><\/label><textarea id=\"wpforms-1162-field_2\" class=\"wpforms-field-medium wpforms-field-required\" name=\"wpforms[fields][2]\" required><\/textarea><\/div><div id=\"wpforms-1162-field_6-container\" class=\"wpforms-field wpforms-field-checkbox\" data-field-id=\"6\"><label class=\"wpforms-field-label\">Checkboxes <span class=\"wpforms-required-label\">*<\/span><\/label><ul id=\"wpforms-1162-field_6\" class=\"wpforms-field-required\"><li class=\"choice-1 depth-1\"><input type=\"checkbox\" id=\"wpforms-1162-field_6_1\" name=\"wpforms[fields][6][]\" value=\"E-Posta ve Telefon bilgilerimin kampanya ve duyurular i\u00e7in ileti\u015fim ama\u00e7l\u0131 kullan\u0131lmas\u0131n\u0131 onayl\u0131yorum.\" required ><label class=\"wpforms-field-label-inline\" for=\"wpforms-1162-field_6_1\">E-Posta ve Telefon bilgilerimin kampanya ve duyurular i\u00e7in ileti\u015fim ama\u00e7l\u0131 kullan\u0131lmas\u0131n\u0131 onayl\u0131yorum.<\/label><\/li><\/ul><\/div><\/div><!-- .wpforms-field-container --><div class=\"wpforms-recaptcha-container wpforms-is-recaptcha wpforms-is-recaptcha-type-invisible\" ><div class=\"g-recaptcha\" data-sitekey=\"6Ld7bL0iAAAAAA6TzjwD3AsPcPUqt54h8ve3E49_\" data-size=\"invisible\"><\/div><\/div><div class=\"wpforms-submit-container\" ><input type=\"hidden\" name=\"wpforms[id]\" value=\"1162\"><input type=\"hidden\" name=\"page_title\" value=\"\"><input type=\"hidden\" name=\"page_url\" value=\"https:\/\/fahrielektrik.com\/index.php\/wp-json\/wp\/v2\/pages\/308\"><input type=\"hidden\" name=\"url_referer\" value=\"\"><button type=\"submit\" name=\"wpforms[submit]\" id=\"wpforms-submit-1162\" class=\"wpforms-submit\" data-alt-text=\"G\u00f6nderiliyor...\" data-submit-text=\"G\u00f6nder\" aria-live=\"assertive\" value=\"wpforms-submit\">G\u00f6nder<\/button><\/div><\/form><\/div>  <!-- .wpforms-container -->[\/vc_column][\/vc_row][vc_row][vc_column][\/vc_column][\/vc_row]<\/p>\n<\/div>","protected":false},"excerpt":{"rendered":"<p>[vc_row content_placement=&#8221;top&#8221; type=&#8221;vc_default&#8221; css=&#8221;.vc_custom_1495106072169{padding-top: 70px !important;padding-bottom: 20px !important;}&#8221;][vc_column offset=&#8221;vc_col-lg-8 vc_col-md-8&#8243;][vc_row_inner equal_height=&#8221;yes&#8221;][vc_column_inner width=&#8221;1\/2&#8243; css=&#8221;.vc_custom_1495103675569{padding-bottom: 30px !important;}&#8221;][\/vc_column_inner][vc_column_inner width=&#8221;1\/2&#8243; css=&#8221;.vc_custom_1495103685095{padding-bottom: 30px !important;}&#8221;][\/vc_column_inner][vc_column_inner width=&#8221;1\/2&#8243; css=&#8221;.vc_custom_1495103679362{padding-bottom: 30px !important;}&#8221;][\/vc_column_inner][vc_column_inner width=&#8221;1\/2&#8243; css=&#8221;.vc_custom_1495103691605{padding-bottom: 30px !important;}&#8221;][\/vc_column_inner][\/vc_row_inner][\/vc_column][vc_column offset=&#8221;vc_col-lg-4 vc_col-md-4&#8243;][\/vc_column][\/vc_row][vc_row gap=&#8221;30&#8243; equal_height=&#8221;yes&#8221; type=&#8221;vc_default&#8221; css=&#8221;.vc_custom_1495106084943{padding-right: 25px !important;padding-bottom: 40px !important;padding-left: 25px !important;}&#8221;][vc_column css=&#8221;.vc_custom_1495106016533{margin-bottom: 30px !important;padding-top: 30px !important;padding-right: 30px !important;padding-bottom: 40px !important;padding-left: 30px !important;background-color: #f4f4f4 !important;}&#8221; offset=&#8221;vc_col-lg-offset-0 vc_col-lg-6 vc_col-md-offset-0&hellip;<\/p>\n","protected":false},"author":1,"featured_media":0,"parent":0,"menu_order":4,"comment_status":"closed","ping_status":"closed","template":"","meta":{"footnotes":""},"class_list":["post-308","page","type-page","status-publish","hentry","description-off"],"_links":{"self":[{"href":"https:\/\/fahrielektrik.com\/index.php\/wp-json\/wp\/v2\/pages\/308","targetHints":{"allow":["GET"]}}],"collection":[{"href":"https:\/\/fahrielektrik.com\/index.php\/wp-json\/wp\/v2\/pages"}],"about":[{"href":"https:\/\/fahrielektrik.com\/index.php\/wp-json\/wp\/v2\/types\/page"}],"author":[{"embeddable":true,"href":"https:\/\/fahrielektrik.com\/index.php\/wp-json\/wp\/v2\/users\/1"}],"replies":[{"embeddable":true,"href":"https:\/\/fahrielektrik.com\/index.php\/wp-json\/wp\/v2\/comments?post=308"}],"version-history":[{"count":6,"href":"https:\/\/fahrielektrik.com\/index.php\/wp-json\/wp\/v2\/pages\/308\/revisions"}],"predecessor-version":[{"id":1307,"href":"https:\/\/fahrielektrik.com\/index.php\/wp-json\/wp\/v2\/pages\/308\/revisions\/1307"}],"wp:attachment":[{"href":"https:\/\/fahrielektrik.com\/index.php\/wp-json\/wp\/v2\/media?parent=308"}],"curies":[{"name":"wp","href":"https:\/\/api.w.org\/{rel}","templated":true}]}}