{"id":305,"date":"2016-06-28T01:37:06","date_gmt":"2016-06-27T22:37:06","guid":{"rendered":"https:\/\/the7.io\/construction\/?page_id=305"},"modified":"2018-03-30T17:02:20","modified_gmt":"2018-03-30T14:02:20","slug":"bizden-haberler","status":"publish","type":"page","link":"https:\/\/fahrielektrik.com\/index.php\/bizden-haberler\/","title":{"rendered":"Bizden Haberler"},"content":{"rendered":"<div class=\"wpb-content-wrapper\"><p>[vc_row][vc_column]<style type=\"text\/css\" data-type=\"the7_shortcodes-inline-css\">.blog-shortcode.blog-list-shortcode-id-ed5d11ca7d23b467a10522dd46bacc54.dividers-on.classic-layout-list article {\n  margin-top: 50px;\n  padding-top: 0;\n}\n.blog-shortcode.blog-list-shortcode-id-ed5d11ca7d23b467a10522dd46bacc54.dividers-on.classic-layout-list article:first-of-type {\n  margin-top: 0;\n  padding-top: 0;\n}\n.blog-shortcode.blog-list-shortcode-id-ed5d11ca7d23b467a10522dd46bacc54.classic-layout-list.mode-list .post-thumbnail-wrap {\n  width: 30%;\n}\n.blog-shortcode.blog-list-shortcode-id-ed5d11ca7d23b467a10522dd46bacc54.classic-layout-list.mode-list .post-entry-content {\n  width: calc(100% - 30%);\n}\n.blog-shortcode.blog-list-shortcode-id-ed5d11ca7d23b467a10522dd46bacc54.classic-layout-list.mode-list .no-img .post-entry-content {\n  width: 100%;\n}\n.blog-shortcode.blog-list-shortcode-id-ed5d11ca7d23b467a10522dd46bacc54 .filter-bg-decoration .filter-categories a.act {\n  color: #fff;\n}\n.blog-shortcode.blog-list-shortcode-id-ed5d11ca7d23b467a10522dd46bacc54:not(.mode-masonry) article {\n  margin-top: 50px;\n}\n.blog-shortcode.blog-list-shortcode-id-ed5d11ca7d23b467a10522dd46bacc54:not(.mode-masonry) article:first-of-type,\n.blog-shortcode.blog-list-shortcode-id-ed5d11ca7d23b467a10522dd46bacc54:not(.mode-masonry) article.visible.first:not(.product) {\n  margin-top: 0;\n}\n.blog-shortcode.blog-list-shortcode-id-ed5d11ca7d23b467a10522dd46bacc54.dividers-on:not(.mode-masonry) article {\n  margin-top: 0;\n  padding-top: 50px;\n}\n.blog-shortcode.blog-list-shortcode-id-ed5d11ca7d23b467a10522dd46bacc54.dividers-on:not(.mode-masonry) article:first-of-type,\n.blog-shortcode.blog-list-shortcode-id-ed5d11ca7d23b467a10522dd46bacc54.dividers-on:not(.mode-masonry) article.visible.first:not(.product) {\n  margin-top: 0;\n  padding-top: 0;\n}\n.blog-shortcode.blog-list-shortcode-id-ed5d11ca7d23b467a10522dd46bacc54 .post-thumbnail-wrap {\n  padding: 0px 0px 50px 0px;\n}\n.blog-shortcode.blog-list-shortcode-id-ed5d11ca7d23b467a10522dd46bacc54.enable-bg-rollover .post-thumbnail-rollover:after {\n  background: -webkit-linear-gradient();\n  background: linear-gradient();\n}\n.blog-shortcode.blog-list-shortcode-id-ed5d11ca7d23b467a10522dd46bacc54 .gallery-zoom-ico {\n  width: 44px;\n  height: 44px;\n  line-height: 44px;\n  border-radius: 100px;\n  margin: -22px 0 0 -22px;\n  border-width: 0px;\n  color: #ffffff;\n}\n.bottom-overlap-layout-list.blog-shortcode.blog-list-shortcode-id-ed5d11ca7d23b467a10522dd46bacc54 .gallery-zoom-ico {\n  margin-top: -22px;\n}\n.gradient-overlay-layout-list.blog-shortcode.blog-list-shortcode-id-ed5d11ca7d23b467a10522dd46bacc54 .gallery-zoom-ico,\n.content-rollover-layout-list.blog-shortcode.blog-list-shortcode-id-ed5d11ca7d23b467a10522dd46bacc54 .gallery-zoom-ico {\n  margin: 0 0 10px;\n}\n.content-align-center.gradient-overlay-layout-list.blog-shortcode.blog-list-shortcode-id-ed5d11ca7d23b467a10522dd46bacc54 .gallery-zoom-ico,\n.content-align-center.content-rollover-layout-list.blog-shortcode.blog-list-shortcode-id-ed5d11ca7d23b467a10522dd46bacc54 .gallery-zoom-ico {\n  margin: 0 auto 10px;\n}\n.dt-icon-bg-on.blog-shortcode.blog-list-shortcode-id-ed5d11ca7d23b467a10522dd46bacc54 .gallery-zoom-ico {\n  background: rgba(255,255,255,0.3);\n  box-shadow: none;\n}\n.blog-shortcode.blog-list-shortcode-id-ed5d11ca7d23b467a10522dd46bacc54 .gallery-zoom-ico > span,\n.blog-shortcode.blog-list-shortcode-id-ed5d11ca7d23b467a10522dd46bacc54 .gallery-zoom-ico:before {\n  font-size: 32px;\n  line-height: 44px;\n}\n.blog-shortcode.blog-list-shortcode-id-ed5d11ca7d23b467a10522dd46bacc54 .gallery-zoom-ico > span,\n.blog-shortcode.blog-list-shortcode-id-ed5d11ca7d23b467a10522dd46bacc54 .gallery-zoom-ico:before {\n  color: #ffffff;\n}\n.blog-shortcode.blog-list-shortcode-id-ed5d11ca7d23b467a10522dd46bacc54 .fancy-date a {\n  background: #ffffff;\n  box-shadow: none;\n}\n.blog-shortcode.blog-list-shortcode-id-ed5d11ca7d23b467a10522dd46bacc54 .fancy-date a * {\n  color: #2d2d2d;\n}\n.blog-shortcode.blog-list-shortcode-id-ed5d11ca7d23b467a10522dd46bacc54 .entry-title,\n.blog-shortcode.blog-list-shortcode-id-ed5d11ca7d23b467a10522dd46bacc54.owl-carousel .entry-title {\n  margin-bottom: 5px;\n  font-weight: bold;\n}\n.blog-shortcode.blog-list-shortcode-id-ed5d11ca7d23b467a10522dd46bacc54 .entry-meta {\n  margin-bottom: 15px;\n}\n.blog-shortcode.blog-list-shortcode-id-ed5d11ca7d23b467a10522dd46bacc54 .portfolio-categories {\n  margin-bottom: 15px;\n}\n.blog-shortcode.blog-list-shortcode-id-ed5d11ca7d23b467a10522dd46bacc54 .entry-excerpt {\n  margin-bottom: 15px;\n}\n.blog-shortcode.blog-list-shortcode-id-ed5d11ca7d23b467a10522dd46bacc54:not(.centered-layout-list) .post-entry-content {\n  padding: 0px 0px 50px 30px;\n}\n.blog-shortcode.blog-list-shortcode-id-ed5d11ca7d23b467a10522dd46bacc54:not(.centered-layout-list):not(.content-bg-on):not(.mode-list) .no-img .post-entry-content {\n  padding: 0;\n}\n@media screen and (max-width: 768px) {\n  .blog-shortcode.blog-list-shortcode-id-ed5d11ca7d23b467a10522dd46bacc54 article {\n    -ms-flex-flow: column nowrap;\n    flex-flow: column nowrap;\n    margin-top: 20px;\n  }\n  .blog-shortcode.blog-list-shortcode-id-ed5d11ca7d23b467a10522dd46bacc54.dividers-on article {\n    border: none;\n  }\n  .blog-shortcode.blog-list-shortcode-id-ed5d11ca7d23b467a10522dd46bacc54.content-bg-on.centered-layout-list article {\n    padding: 0;\n  }\n  .blog-shortcode.blog-list-shortcode-id-ed5d11ca7d23b467a10522dd46bacc54.blog-shortcode.dividers-on article,\n  .blog-shortcode.blog-list-shortcode-id-ed5d11ca7d23b467a10522dd46bacc54.dividers-on.classic-layout-list article {\n    margin-top: 20px;\n    padding: 0;\n  }\n  .blog-shortcode.blog-list-shortcode-id-ed5d11ca7d23b467a10522dd46bacc54.blog-shortcode.dividers-on article:first-of-type,\n  .blog-shortcode.blog-list-shortcode-id-ed5d11ca7d23b467a10522dd46bacc54.dividers-on.classic-layout-list article:first-of-type {\n    padding: 0;\n  }\n  #page .blog-shortcode.blog-list-shortcode-id-ed5d11ca7d23b467a10522dd46bacc54 .post-thumbnail-wrap,\n  #page .blog-shortcode.blog-list-shortcode-id-ed5d11ca7d23b467a10522dd46bacc54 .post-entry-content {\n    width: 100%;\n    margin: 0;\n    top: 0;\n  }\n  #page .blog-shortcode.blog-list-shortcode-id-ed5d11ca7d23b467a10522dd46bacc54 .post-thumbnail-wrap {\n    padding: 0;\n  }\n  #page .blog-shortcode.blog-list-shortcode-id-ed5d11ca7d23b467a10522dd46bacc54 .post-entry-content:after {\n    display: none;\n  }\n  #page .blog-shortcode.blog-list-shortcode-id-ed5d11ca7d23b467a10522dd46bacc54 .project-even .post-thumbnail-wrap,\n  #page .blog-shortcode.blog-list-shortcode-id-ed5d11ca7d23b467a10522dd46bacc54.centered-layout-list .post-thumbnail-wrap {\n    -ms-flex-order: 0;\n    order: 0;\n  }\n  #page .blog-shortcode.blog-list-shortcode-id-ed5d11ca7d23b467a10522dd46bacc54.centered-layout-list .post-entry-title-content {\n    -ms-flex-order: 1;\n    order: 1;\n    width: 100%;\n    padding: 20px 20px 0;\n  }\n  #page .blog-shortcode.blog-list-shortcode-id-ed5d11ca7d23b467a10522dd46bacc54.centered-layout-list .post-entry-content {\n    -ms-flex-order: 2;\n    order: 2;\n    padding-top: 0;\n  }\n  #page .blog-shortcode.blog-list-shortcode-id-ed5d11ca7d23b467a10522dd46bacc54 .fancy-categories {\n    top: 10px;\n    left: 10px;\n    bottom: auto;\n    right: auto;\n  }\n  #page .blog-shortcode.blog-list-shortcode-id-ed5d11ca7d23b467a10522dd46bacc54 .fancy-date a {\n    top: 10px;\n    right: 10px;\n    left: auto;\n    bottom: auto;\n  }\n  #page .blog-shortcode.blog-list-shortcode-id-ed5d11ca7d23b467a10522dd46bacc54 .post-entry-content {\n    padding: 20px;\n  }\n  #page .blog-shortcode.blog-list-shortcode-id-ed5d11ca7d23b467a10522dd46bacc54 .entry-title {\n    margin: 3px 0 5px;\n    font-size: 20px;\n    line-height: 26px;\n  }\n  #page .blog-shortcode.blog-list-shortcode-id-ed5d11ca7d23b467a10522dd46bacc54 .entry-meta {\n    margin: 5px 0 5px;\n  }\n  #page .blog-shortcode.blog-list-shortcode-id-ed5d11ca7d23b467a10522dd46bacc54 .entry-excerpt {\n    margin: 15px 0 0;\n  }\n  #page .blog-shortcode.blog-list-shortcode-id-ed5d11ca7d23b467a10522dd46bacc54 .post-details {\n    margin: 5px 0 10px;\n  }\n  #page .blog-shortcode.blog-list-shortcode-id-ed5d11ca7d23b467a10522dd46bacc54 .post-details.details-type-link {\n    margin-bottom: 2px;\n  }\n}<\/style><div class=\"articles-list blog-shortcode mode-list blog-list-shortcode-id-ed5d11ca7d23b467a10522dd46bacc54 classic-layout-list dividers-on jquery-filter dt-icon-bg-off circle-fancy-style loading-effect-fade-in\" data-cur-page=\"1\" data-post-limit=\"4\" data-pagination-mode=\"pages\" aria-live=\"assertive\"><article class=\"post project-odd visible no-img post-316 type-post status-publish format-standard hentry category-haberler tag-blog tag-business tag-construction tag-news tag-work tag-world category-52 description-off\" data-name=\"Yenikent Sitesi Fahri Elektrik dedi.\" data-date=\"2016-06-28T18:05:01+03:00\">\n\n<div class=\"post-entry-content\">\n\n\t<h3 class=\"entry-title\">\n\t\t<a href=\"https:\/\/fahrielektrik.com\/index.php\/2016\/06\/28\/yenikent-sitesi-fahri-elektrik-dedi\/\" title=\"Yenikent Sitesi Fahri Elektrik dedi.\" rel=\"bookmark\">Yenikent Sitesi Fahri Elektrik dedi.<\/a>\n\t<\/h3>\n\n\t<div class=\"entry-meta\"><span class=\"category-link\"><a href=\"https:\/\/fahrielektrik.com\/index.php\/category\/haberler\/\" >Haberler<\/a><\/span><a class=\"author vcard\" href=\"https:\/\/fahrielektrik.com\/index.php\/author\/admin\/\" title=\"View all posts by admin\" rel=\"author\">By <span class=\"fn\">admin<\/span><\/a><\/div>\n\t<div class=\"entry-excerpt\"><p>Morbi tristique congue dui quis dignissim. Fusce ornare congue elit id semper. Curabitur molestie felis sapien, vel imperdiet nunc vestibulum dapibus. Nullam scelerisque blandit lectus nec luctus. Nulla condimentum semper est quis ultrices. <\/p>\n<\/div>\n\t\n<a href=\"https:\/\/fahrielektrik.com\/index.php\/2016\/06\/28\/yenikent-sitesi-fahri-elektrik-dedi\/\" class=\"dt-btn-s dt-btn post-details details-type-btn\" aria-label=\"Read more about Yenikent Sitesi Fahri Elektrik dedi.\">Read article<i class=\"dt-icon-the7-arrow-03\" aria-hidden=\"true\"><\/i><\/a>\n\n<\/div><\/article><article class=\"post project-odd visible no-img post-317 type-post status-publish format-standard hentry category-haberler tag-4k tag-full-hd tag-next tag-next-uydu-alici tag-uydu category-52 description-off\" data-name=\"Next Uydu Cihazlar\u0131 Stoklar\u0131m\u0131zda\" data-date=\"2016-06-28T18:04:56+03:00\">\n\n<div class=\"post-entry-content\">\n\n\t<h3 class=\"entry-title\">\n\t\t<a href=\"https:\/\/fahrielektrik.com\/index.php\/2016\/06\/28\/next-uydu-cihazlari-stoklarimizda\/\" title=\"Next Uydu Cihazlar\u0131 Stoklar\u0131m\u0131zda\" rel=\"bookmark\">Next Uydu Cihazlar\u0131 Stoklar\u0131m\u0131zda<\/a>\n\t<\/h3>\n\n\t<div class=\"entry-meta\"><span class=\"category-link\"><a href=\"https:\/\/fahrielektrik.com\/index.php\/category\/haberler\/\" >Haberler<\/a><\/span><a class=\"author vcard\" href=\"https:\/\/fahrielektrik.com\/index.php\/author\/admin\/\" title=\"View all posts by admin\" rel=\"author\">By <span class=\"fn\">admin<\/span><\/a><\/div>\n\t<div class=\"entry-excerpt\"><p>Mauris eu faucibus diam. Morbi aliquam faucibus nulla sed consequat. In hac habitasse platea dictumst. Sed tristique felis eu massa dignissim placerat.<\/p>\n<\/div>\n\t\n<a href=\"https:\/\/fahrielektrik.com\/index.php\/2016\/06\/28\/next-uydu-cihazlari-stoklarimizda\/\" class=\"dt-btn-s dt-btn post-details details-type-btn\" aria-label=\"Read more about Next Uydu Cihazlar\u0131 Stoklar\u0131m\u0131zda\">Read article<i class=\"dt-icon-the7-arrow-03\" aria-hidden=\"true\"><\/i><\/a>\n\n<\/div><\/article><article class=\"post project-odd visible no-img post-295 type-post status-publish format-standard hentry category-haberler tag-aydinlatma tag-bahce-aydinlatma tag-dis-mekan-aydinlatma tag-site-aydinlatma tag-wallwasher category-52 description-off\" data-name=\"Arkent Konutlar\u0131 D\u0131\u015f Mekan ayd\u0131nlatmas\u0131\" data-date=\"2016-06-28T01:24:54+03:00\">\n\n<div class=\"post-entry-content\">\n\n\t<h3 class=\"entry-title\">\n\t\t<a href=\"https:\/\/fahrielektrik.com\/index.php\/2016\/06\/28\/arkent-konutlari-dis-mekan-aydinlatmasi\/\" title=\"Arkent Konutlar\u0131 D\u0131\u015f Mekan ayd\u0131nlatmas\u0131\" rel=\"bookmark\">Arkent Konutlar\u0131 D\u0131\u015f Mekan ayd\u0131nlatmas\u0131<\/a>\n\t<\/h3>\n\n\t<div class=\"entry-meta\"><span class=\"category-link\"><a href=\"https:\/\/fahrielektrik.com\/index.php\/category\/haberler\/\" >Haberler<\/a><\/span><a class=\"author vcard\" href=\"https:\/\/fahrielektrik.com\/index.php\/author\/admin\/\" title=\"View all posts by admin\" rel=\"author\">By <span class=\"fn\">admin<\/span><\/a><\/div>\n\t<div class=\"entry-excerpt\"><p>Duis mauris diam, varius in elit vitae, interdum vulputate sapien. Integer accumsan aliquet nunc, non mollis massa pulvinar tincidunt. Aliquam sed suscipit nisl, et placerat lacus. Aliquam et cursus sem. <\/p>\n<\/div>\n\t\n<a href=\"https:\/\/fahrielektrik.com\/index.php\/2016\/06\/28\/arkent-konutlari-dis-mekan-aydinlatmasi\/\" class=\"dt-btn-s dt-btn post-details details-type-btn\" aria-label=\"Read more about Arkent Konutlar\u0131 D\u0131\u015f Mekan ayd\u0131nlatmas\u0131\">Read article<i class=\"dt-icon-the7-arrow-03\" aria-hidden=\"true\"><\/i><\/a>\n\n<\/div><\/article><article class=\"post project-odd visible no-img post-290 type-post status-publish format-standard hentry category-haberler tag-alarm-sistemi tag-gece-goruslu-kamera tag-guvenlik-kamerasi tag-hareket-algilama tag-kamera tag-uzaktan-izleme category-52 description-off\" data-name=\"Mudanya Remsa Ltd. \u015eti. G\u00fcvenlik \u00e7\u00f6z\u00fcmlerinde bizi tercih etti.\" data-date=\"2016-06-28T01:24:49+03:00\">\n\n<div class=\"post-entry-content\">\n\n\t<h3 class=\"entry-title\">\n\t\t<a href=\"https:\/\/fahrielektrik.com\/index.php\/2016\/06\/28\/mudanya-remsa-ltd-sti-guvenlik-cozumlerinde-bizi-tercih-etti\/\" title=\"Mudanya Remsa Ltd. \u015eti. G\u00fcvenlik \u00e7\u00f6z\u00fcmlerinde bizi tercih etti.\" rel=\"bookmark\">Mudanya Remsa Ltd. \u015eti. G\u00fcvenlik \u00e7\u00f6z\u00fcmlerinde bizi tercih etti.<\/a>\n\t<\/h3>\n\n\t<div class=\"entry-meta\"><span class=\"category-link\"><a href=\"https:\/\/fahrielektrik.com\/index.php\/category\/haberler\/\" >Haberler<\/a><\/span><a class=\"author vcard\" href=\"https:\/\/fahrielektrik.com\/index.php\/author\/admin\/\" title=\"View all posts by admin\" rel=\"author\">By <span class=\"fn\">admin<\/span><\/a><\/div>\n\t<div class=\"entry-excerpt\"><p>Nulla at semper nisl, at eleifend elit. Maecenas suscipit lacus nec turpis facilisis auctor. Cras in placerat elit. Lorem ipsum dolor sit amet, consectetur adipiscing elit. Aenean eu sapien felis.<\/p>\n<\/div>\n\t\n<a href=\"https:\/\/fahrielektrik.com\/index.php\/2016\/06\/28\/mudanya-remsa-ltd-sti-guvenlik-cozumlerinde-bizi-tercih-etti\/\" class=\"dt-btn-s dt-btn post-details details-type-btn\" aria-label=\"Read more about Mudanya Remsa Ltd. \u015eti. G\u00fcvenlik \u00e7\u00f6z\u00fcmlerinde bizi tercih etti.\">Read article<i class=\"dt-icon-the7-arrow-03\" aria-hidden=\"true\"><\/i><\/a>\n\n<\/div><\/article><div class=\"paginator\" role=\"navigation\"><\/div><\/div>[\/vc_column][\/vc_row]<\/p>\n<\/div>","protected":false},"excerpt":{"rendered":"<p>[vc_row][vc_column][\/vc_column][\/vc_row]<\/p>\n","protected":false},"author":1,"featured_media":0,"parent":0,"menu_order":3,"comment_status":"closed","ping_status":"closed","template":"","meta":{"footnotes":""},"class_list":["post-305","page","type-page","status-publish","hentry","description-off"],"_links":{"self":[{"href":"https:\/\/fahrielektrik.com\/index.php\/wp-json\/wp\/v2\/pages\/305","targetHints":{"allow":["GET"]}}],"collection":[{"href":"https:\/\/fahrielektrik.com\/index.php\/wp-json\/wp\/v2\/pages"}],"about":[{"href":"https:\/\/fahrielektrik.com\/index.php\/wp-json\/wp\/v2\/types\/page"}],"author":[{"embeddable":true,"href":"https:\/\/fahrielektrik.com\/index.php\/wp-json\/wp\/v2\/users\/1"}],"replies":[{"embeddable":true,"href":"https:\/\/fahrielektrik.com\/index.php\/wp-json\/wp\/v2\/comments?post=305"}],"version-history":[{"count":0,"href":"https:\/\/fahrielektrik.com\/index.php\/wp-json\/wp\/v2\/pages\/305\/revisions"}],"wp:attachment":[{"href":"https:\/\/fahrielektrik.com\/index.php\/wp-json\/wp\/v2\/media?parent=305"}],"curies":[{"name":"wp","href":"https:\/\/api.w.org\/{rel}","templated":true}]}}