{"id":154,"date":"2016-06-23T11:12:53","date_gmt":"2016-06-23T08:12:53","guid":{"rendered":"https:\/\/the7.io\/construction\/?page_id=154"},"modified":"2022-03-19T02:46:30","modified_gmt":"2022-03-18T23:46:30","slug":"hakkimizda","status":"publish","type":"page","link":"https:\/\/fahrielektrik.com\/index.php\/hakkimizda\/","title":{"rendered":"Hakk\u0131m\u0131zda"},"content":{"rendered":"<div class=\"wpb-content-wrapper\"><p>[vc_row][vc_column width=&#8221;2\/3&#8243;]<div id=\"ultimate-heading-712769e5ea18cd14a\" class=\"uvc-heading ult-adjust-bottom-margin ultimate-heading-712769e5ea18cd14a uvc-6467 accent-border-color\" data-hspacer=\"line_only\"  data-halign=\"left\" style=\"text-align:left\"><div class=\"uvc-main-heading ult-responsive\"  data-ultimate-target='.uvc-heading.ultimate-heading-712769e5ea18cd14a h2'  data-responsive-json-new='{\"font-size\":\"desktop:26px;\",\"line-height\":\"desktop:36px;\"}' ><h2 style=\"font-weight:bold;\">Biz kimiz?<\/h2><\/div><div class=\"uvc-heading-spacer line_only\" style=\"margin-top:15px;margin-bottom:50px;height:4px;\"><span class=\"uvc-headings-line\" style=\"border-style:solid;border-bottom-width:4px;border-color:;width:50px;\"><\/span><\/div><\/div>[vc_column_text]Fahri Elektrik, 2010 y\u0131l\u0131ndan beri \u201ckaliteli hizmet\u201d ilkesiyle Mudanya\u2019da siz de\u011ferli m\u00fc\u015fterilerine hizmet vermeye devam ediyor.<\/p>\n<ul>\n<li>Kamera ve G\u00fcvenlik Sistemleri<\/li>\n<li>G\u00f6r\u00fcnt\u00fcl\u00fc-G\u00f6r\u00fcnt\u00fcs\u00fcz Diyafon Sistemleri<\/li>\n<li>Otomasyon<\/li>\n<li>Merkezi Uydu Sistemleri<\/li>\n<li>Bariyer Otomatik Kap\u0131 Sistemleri<\/li>\n<li>Elektrik Tesisat-Ar\u0131za<\/li>\n<li>Led Ayd\u0131nlatma<\/li>\n<\/ul>\n<p>i\u015flerinizde size kalite ve g\u00fcveni uygun fiyat politikas\u0131 ile sunuyor.[\/vc_column_text]<div id=\"ultimate-heading-24969e5ea18cd193\" class=\"uvc-heading ult-adjust-bottom-margin ultimate-heading-24969e5ea18cd193 uvc-3043 accent-border-color\" data-hspacer=\"line_only\"  data-halign=\"left\" style=\"text-align:left\"><div class=\"uvc-main-heading ult-responsive\"  data-ultimate-target='.uvc-heading.ultimate-heading-24969e5ea18cd193 h2'  data-responsive-json-new='{\"font-size\":\"desktop:26px;\",\"line-height\":\"desktop:36px;\"}' ><h2 style=\"font-weight:bold;\">\u00c7al\u0131\u015fma \u015eeklimiz<\/h2><\/div><div class=\"uvc-heading-spacer line_only\" style=\"margin-top:15px;margin-bottom:40px;height:4px;\"><span class=\"uvc-headings-line\" style=\"border-style:solid;border-bottom-width:4px;border-color:;width:50px;\"><\/span><\/div><\/div><div class=\"standard-number-list bullet-top\"><ul>\n<li>Ke\u015fif<\/li>\n<li>Projelendirme<\/li>\n<li>Maliyet Analizi ve Fiyat Teklifi<\/li>\n<li>\u00dcretim ve Montaj<\/li>\n<li>Test S\u00fcreci ve Kalite Kontrol S\u00fcreci<\/li>\n<li>\u0130\u015f Teslimi<\/li>\n<\/ul>\n<\/div>[\/vc_column][vc_column width=&#8221;1\/3&#8243;][vc_single_image image=&#8221;1206&#8243; img_size=&#8221;full&#8221; onclick=&#8221;custom_link&#8221; link=&#8221;https:\/\/api.whatsapp.com\/send\/?phone=905376957727&amp;text=Merhaba&amp;app_absent=0&#8243;][vc_column_text]<\/p>\n<p style=\"text-align: center;\">Sitemizde yer alan hizmetlerimiz i\u00e7in Bursa\u2019da Balat, Bademli Ahmet Yesevi, Nil\u00fcfer K\u00f6y, \u00c7a\u011fr\u0131\u015fan, Mudanya, Nil\u00fcfer aktif hizmet b\u00f6lgelerimiz aras\u0131nda olup Whatsapp Destek Hatt\u0131m\u0131zdan bize g\u00fcn\u00fc her saati ula\u015fabilirsiniz.<\/p>\n<p>[\/vc_column_text][\/vc_column][\/vc_row]<\/p>\n<\/div>","protected":false},"excerpt":{"rendered":"<p>[vc_row][vc_column width=&#8221;2\/3&#8243;][vc_column_text]Fahri Elektrik, 2010 y\u0131l\u0131ndan beri \u201ckaliteli hizmet\u201d ilkesiyle Mudanya\u2019da siz de\u011ferli m\u00fc\u015fterilerine hizmet vermeye devam ediyor. Kamera ve G\u00fcvenlik Sistemleri G\u00f6r\u00fcnt\u00fcl\u00fc-G\u00f6r\u00fcnt\u00fcs\u00fcz Diyafon Sistemleri Otomasyon Merkezi Uydu Sistemleri Bariyer Otomatik Kap\u0131 Sistemleri Elektrik Tesisat-Ar\u0131za Led Ayd\u0131nlatma i\u015flerinizde size kalite ve g\u00fcveni uygun fiyat politikas\u0131 ile sunuyor.[\/vc_column_text][\/vc_column][vc_column width=&#8221;1\/3&#8243;][vc_single_image image=&#8221;1206&#8243; img_size=&#8221;full&#8221; onclick=&#8221;custom_link&#8221; link=&#8221;https:\/\/api.whatsapp.com\/send\/?phone=905376957727&amp;text=Merhaba&amp;app_absent=0&#8243;][vc_column_text] Sitemizde yer alan hizmetlerimiz&hellip;<\/p>\n","protected":false},"author":1,"featured_media":0,"parent":0,"menu_order":1,"comment_status":"closed","ping_status":"closed","template":"","meta":{"footnotes":""},"class_list":["post-154","page","type-page","status-publish","hentry","description-off"],"_links":{"self":[{"href":"https:\/\/fahrielektrik.com\/index.php\/wp-json\/wp\/v2\/pages\/154","targetHints":{"allow":["GET"]}}],"collection":[{"href":"https:\/\/fahrielektrik.com\/index.php\/wp-json\/wp\/v2\/pages"}],"about":[{"href":"https:\/\/fahrielektrik.com\/index.php\/wp-json\/wp\/v2\/types\/page"}],"author":[{"embeddable":true,"href":"https:\/\/fahrielektrik.com\/index.php\/wp-json\/wp\/v2\/users\/1"}],"replies":[{"embeddable":true,"href":"https:\/\/fahrielektrik.com\/index.php\/wp-json\/wp\/v2\/comments?post=154"}],"version-history":[{"count":0,"href":"https:\/\/fahrielektrik.com\/index.php\/wp-json\/wp\/v2\/pages\/154\/revisions"}],"wp:attachment":[{"href":"https:\/\/fahrielektrik.com\/index.php\/wp-json\/wp\/v2\/media?parent=154"}],"curies":[{"name":"wp","href":"https:\/\/api.w.org\/{rel}","templated":true}]}}