{"id":1077,"date":"2018-07-11T09:25:50","date_gmt":"2018-07-11T06:25:50","guid":{"rendered":"http:\/\/fahrielektrik.com\/?page_id=1077"},"modified":"2022-03-16T15:44:10","modified_gmt":"2022-03-16T12:44:10","slug":"akilli-ev-sistemleri","status":"publish","type":"page","link":"https:\/\/fahrielektrik.com\/index.php\/hizmetlerimiz\/akilli-ev-sistemleri\/","title":{"rendered":"Ak\u0131ll\u0131 Ev Sistemleri"},"content":{"rendered":"<div class=\"wpb-content-wrapper\"><p>[vc_row][vc_column][vc_single_image image=&#8221;1175&#8243; img_size=&#8221;full&#8221;][vc_column_text]<strong>Ak\u0131ll\u0131 ev nedir?<\/strong><\/p>\n<p>Ak\u0131ll\u0131 ev teknolojinin getirilerini ve end\u00fcstri alan\u0131nda kullan\u0131lan kontrol sistemlerini g\u00fcndelik ya\u015fama entegre ederek ki\u015fisel ihtiya\u00e7lar do\u011frultusunda kullan\u0131lan sistem b\u00fct\u00fcn\u00fcd\u00fcr. Ak\u0131ll\u0131 ev sistemi sayesinde h\u0131z ve konfor kazan\u0131labilmekte g\u00fcvenlik sa\u011flanabilmektedir.\u00a0 Birden fazla farkl\u0131 teknolojik sistemin sens\u00f6rler yard\u0131m\u0131yla ev d\u00fczenine adapte edilmesiyle klima, bah\u00e7e sulama, yang\u0131n alarm\u0131, termostat, ayd\u0131nlatma, perde a\u00e7\u0131p kapatma ve ak\u0131ll\u0131 priz y\u00f6netimleri yap\u0131labilmektedir. Y\u00f6netim ak\u0131ll\u0131 telefon, tablet ve bilgisayar gibi aletlerle istenilen yerden kontrol edilebilmekte ve t\u00fcm cihazlar ana merkez alt\u0131nda denetimde kalmaktad\u0131r. Ak\u0131ll\u0131 ev sistemleri kablolu veya kablosuz olmak \u00fczere ikiye ayr\u0131lmaktad\u0131r. Kablolu sistemler daha g\u00fcvenli olmakla birlikte kablosuz sistemlerinse kurulumu daha kolayd\u0131r. Yeni nesil ev otomasyonu olarak adland\u0131r\u0131lan ak\u0131ll\u0131 ev sistemlerinde ya\u015fam alan\u0131 \u00fczerinde kontrol kurmak ve daha konforlu hale getirmek m\u00fcmk\u00fcnd\u00fcr. Ak\u0131ll\u0131 ev konforunu ya\u015famak ve g\u00fcvenli\u011fini sa\u011flamak isteyenler taraf\u0131m\u0131za ula\u015farak detayl\u0131 bilgi alabilmektedir.<\/p>\n<p><strong>Ev otomasyonu nedir?<\/strong><\/p>\n<p>Ev i\u00e7erisinde ve eve ba\u011fl\u0131 bulunan \u015fahsa ait \u00e7evrede kontrol elde etmek ve ya\u015fam konforu sa\u011flamak amac\u0131yla kurulan ak\u0131ll\u0131 ev sisteminde ev otomasyonu ad\u0131 verilmektedir. Ev otomasyonunda \u0131\u015f\u0131klar\u0131n a\u00e7\u0131l\u0131p kapanmas\u0131, garaj kap\u0131s\u0131n\u0131n belirli ko\u015fullara g\u00f6re a\u00e7\u0131lmas\u0131, perde ve panjurlar\u0131n uzaktan y\u00f6netimi, g\u00fcvenlik sisteminin devreye girmesi, \u0131s\u0131 ve su kullan\u0131m\u0131na m\u00fcdahale edebilmek m\u00fcmk\u00fcn olmaktad\u0131r. Yani end\u00fcstri alan\u0131nda kullan\u0131lan sens\u00f6rlerin ev i\u00e7erisindeki cihazlarda kontrol\u00fcn\u00fcn sa\u011flanarak otomatikle\u015ftirme i\u015flemleri ev otomasyonudur. Ev otomasyonu hakk\u0131nda detayl\u0131 bilgi almak i\u00e7in ileti\u015fim bilgilerimizden taraf\u0131m\u0131za ula\u015fabilirsiniz.<\/p>\n<p><strong>Ak\u0131ll\u0131 ev g\u00fcvenlik sistemleri<\/strong><\/p>\n<p>Hayat\u0131 kolayla\u015ft\u0131ran ve g\u00fcvenli\u011fi sa\u011flayan ak\u0131ll\u0131 evlerde bulunan g\u00fcvenlik sistemleri temel olarak kap\u0131 ve pencere sens\u00f6rleri, g\u00fcvenlik kameralar\u0131 kayd\u0131, h\u0131rs\u0131zl\u0131k, yang\u0131n, gaz ka\u00e7a\u011f\u0131 ve su bask\u0131n\u0131 gibi beklenmedik tehlikeli durumlar\u0131 kontrol alt\u0131nda tutmaktad\u0131r. \u0130htiya\u00e7 ve taleplere g\u00f6re d\u00fczenlenebilmekte olan g\u00fcvenlik sistemlerinde ev sahibi veya ilgili ki\u015filer, polis, itfaiye gibi genel merkezler alarm yoluyla uyar\u0131lmakta ve an\u0131nda m\u00fcdahale imkan\u0131 sunulmaktad\u0131r. Evin belirli noktalar\u0131na yerle\u015ftirilmi\u015f olan g\u00fcvenlik kameralar\u0131 g\u00f6r\u00fcnt\u00fc kay\u0131tlar\u0131n\u0131 sesli veya sessiz \u015fekilde olmak \u00fczere merkezde toplamaktad\u0131r. Evden uzakta olundu\u011fu durumlarda bile internet ba\u011flant\u0131s\u0131 yoluyla evin i\u00e7erisini kamera g\u00f6r\u00fcnt\u00fclerinden takip edebilmek m\u00fcmk\u00fcnd\u00fcr. Klasik kamera ve alarm sistemlerinin \u00f6tesinde an\u0131nda uyar\u0131 \u00f6zelli\u011fiyle ilgili ki\u015filerin bilgilendirilmesi yap\u0131larak beklenmedik durumlarda m\u00fcdahale imkan\u0131 bulunmaktad\u0131r. Ev i\u00e7erisine yerle\u015ftirilen kameralar g\u00fcvenli\u011fin sa\u011flanmas\u0131 ve uzaktan takibin yap\u0131labilmesi amac\u0131yla ba\u015fl\u0131 ba\u015f\u0131na kurulabilen bir sistemdir. Alarm sistemi ise talep do\u011frultusunda devreye sokulabilen beklenmedik durumlar kar\u015f\u0131s\u0131nda sens\u00f6rler yard\u0131m\u0131yla ilgili ki\u015filere uyar\u0131 g\u00f6nderen bir g\u00fcvenlik sistemidir. Hem kamera hem de alarm sistemleri beraber ak\u0131ll\u0131 eve entegre edilebilmekte g\u00fcvenlik a\u00e7\u0131s\u0131ndan yeterli donan\u0131m sa\u011flanabilmektedir. Ev g\u00fcvenli\u011finizi sa\u011flayabilmeniz amac\u0131yla g\u00fcvenlik sistemleri hizmeti vermekteyiz.<\/p>\n<p><strong>Ak\u0131ll\u0131 ev su sistemleri<\/strong><\/p>\n<p>Ev otomasyonu sayesinde su sistemleri, evin su ka\u00e7a\u011f\u0131 olabilecek noktalar\u0131nda su detekt\u00f6rleri devreye girmekte ve ilgili ki\u015filere gerekli uyar\u0131lar yap\u0131lmaktad\u0131r. Mutfak, banyo ve lavabo altlar\u0131 su sisteminin kurulmas\u0131 i\u00e7in uygun b\u00f6lgelerdir. Muslu\u011fun a\u00e7\u0131k unutulmas\u0131 sonucu su basmas\u0131 veya beklenmedik bir durumla kar\u015f\u0131 kar\u015f\u0131ya kal\u0131nmas\u0131yla detekt\u00f6rler \u00e7al\u0131\u015fmakta ve su detekt\u00f6rleri devreye girmektedir. Evden uzakta olunsa bile ilgili ki\u015filer uyar\u0131 yoluyla haberdar edilmektedir. Ak\u0131ll\u0131 evler i\u00e7in uygulanan su sistemine sahip olman\u0131z i\u00e7in hizmet vermekteyiz.<\/p>\n<p><strong>Ak\u0131ll\u0131 ev \u0131s\u0131 ve enerji sistemleri<\/strong><\/p>\n<p>Ak\u0131ll\u0131 \u0131s\u0131 ev enerji sistemlerinde evin \u0131s\u0131s\u0131n\u0131n istenilen \u00f6l\u00e7\u00fcde korunmas\u0131 evde olunmad\u0131\u011f\u0131 durumlarda bile \u0131s\u0131 \u00f6l\u00e7\u00fcs\u00fcn\u00fcn y\u00f6netiminin yap\u0131lmas\u0131 sa\u011flanmaktad\u0131r. Ev sahibi uyurken veya evde olmad\u0131\u011f\u0131 zamanlarda \u0131s\u0131 otomatik olarak d\u00fc\u015f\u00fcr\u00fclerek enerji tasarrufu yap\u0131lmaktad\u0131r. Ayr\u0131ca her oda i\u00e7in ayr\u0131 bir \u0131s\u0131 de\u011feri belirlemek de ak\u0131ll\u0131 \u0131s\u0131 ev enerji sistemleri sayesinde m\u00fcmk\u00fcn olmaktad\u0131r. Yani ak\u0131ll\u0131 \u0131s\u0131 ev sistemi ki\u015finin ihtiya\u00e7lar\u0131na g\u00f6re \u015fekillenebilir bir sistemdir. Ak\u0131ll\u0131 evlerde bulunan \u0131s\u0131 enerjisi sistemi evinizin \u0131s\u0131 ayar\u0131n\u0131 uzaktan y\u00f6netebilmek, evde olunmad\u0131\u011f\u0131 zamanlarda tasarruf yaparak b\u00fct\u00e7enizi kontrol alt\u0131nda tutabilmeniz i\u00e7in Bar\u0131\u015f \u0130leti\u015fim ak\u0131ll\u0131 \u0131s\u0131 sistemleri hizmeti vermektedir.<\/p>\n<p><strong>Ak\u0131ll\u0131 ev sistemi faydalar\u0131 nelerdir?<\/strong><\/p>\n<p>Ak\u0131ll\u0131 ev sisteminin ortaya \u00e7\u0131k\u0131\u015f\u0131n\u0131n as\u0131l amac\u0131 s\u0131n\u0131rl\u0131 kaynaklar\u0131 kullan\u0131rken y\u00f6netim yapabilme imkan\u0131 ve bu sayede tasarruf sa\u011flama plan\u0131d\u0131r. Ev i\u00e7erisinde ak\u0131ll\u0131 ev sistemlerinin entegre edildi\u011fi t\u00fcm cihazlar kullan\u0131m a\u00e7\u0131s\u0131ndan kontrol alt\u0131nda tutulabilmekte ve uzaktan izlenebilmektedir. Enerji tasarrufu sayesinde su ve elektrik faturalar\u0131nda \u00f6nemli \u00f6l\u00e7\u00fcde maliyet d\u00fc\u015f\u00fcr\u00fclmektedir. Yani ak\u0131ll\u0131 ev sistemleri kullanarak b\u00fct\u00e7e dostu bir sistemden yararlan\u0131lm\u0131\u015f olmaktad\u0131r. B\u00fct\u00e7e konusunun haricinde ya\u015fam konforu sunmas\u0131yla beraber ak\u0131ll\u0131 ev sistemleri kullan\u0131c\u0131lar\u0131n vazge\u00e7ilmezi haline gelmektedir. Sens\u00f6rler yard\u0131m\u0131yla cihazlar\u0131n otomatik olarak a\u00e7\u0131l\u0131r kapan\u0131r hale getirilmesi hem ev i\u00e7erisinde hem de evden uzaktayken hayat\u0131 kolayla\u015ft\u0131ran \u00f6zellikler sunmaktad\u0131r. G\u00fcvenli\u011fin s\u00fcrekli olarak sa\u011flanmas\u0131 ve beklenmedik durumlarla kar\u015f\u0131 kar\u015f\u0131ya kal\u0131nd\u0131\u011f\u0131 takdirde gereken \u00f6nlemlerin an\u0131nda al\u0131nabilmesi m\u00fcmk\u00fcn olmaktad\u0131r. Ev sahipleri evlerinden uzakta olsalar bile ak\u0131ll\u0131 telefon, tablet veya bilgisayar kullanarak ev i\u00e7erisindeki d\u00fczeni kontrol alt\u0131na alabilmektedir. Ak\u0131ll\u0131 ev sistemlerinin sunmu\u015f oldu\u011fu avantajlardan ve ya\u015fam\u0131 kolayla\u015ft\u0131ran faydalar\u0131ndan yararlanmak i\u00e7in bizimle ileti\u015fime ge\u00e7ebilirsiniz.<\/p>\n<p><strong>Ak\u0131ll\u0131 ev sistemi ne kadar maliyetli?<\/strong><\/p>\n<p>Ak\u0131ll\u0131 ev sisteminin maliyeti talep edilen hizmetlere g\u00f6re de\u011fi\u015fiklik g\u00f6stermektedir. Maliyeti belirlemek i\u00e7in \u00f6ncelikle ev i\u00e7in ihtiya\u00e7lar\u0131n belirlenmesi gerekir. Uzaktan kontrol edilebilen ak\u0131ll\u0131 telefon, tablet veya bilgisayar arac\u0131l\u0131\u011f\u0131yla y\u00f6netilebilen sistemlerde genellikle 8 kanall\u0131 kay\u0131t sistemi kurulmaktad\u0131r. Ancak ihtiya\u00e7 do\u011frultusunda 16 kanall\u0131 kay\u0131t sistemiyle kamera say\u0131lar\u0131 artt\u0131r\u0131labilmekte ve bu durumda maliyette art\u0131\u015f g\u00f6zlemlenmektedir. T\u00fcm sistemlere ve yaz\u0131l\u0131mlar\u0131n kurulmas\u0131yla ak\u0131ll\u0131 ev 24 saat izlenebilir ve kontrol alt\u0131nda tutulabilir hale gelmektedir. Bu noktada ak\u0131ll\u0131 ev sistemi maliyeti kurulan sistem say\u0131s\u0131na ve m\u00fc\u015fterinin taleplerine g\u00f6re \u015fekillenmektedir. Ak\u0131ll\u0131 ev sisteminin ne kadar maliyeti olaca\u011f\u0131 konusunda detayl\u0131 bilgiye sahip olmak i\u00e7in bizimle ileti\u015fime ge\u00e7ebilirsiniz.<\/p>\n<p><strong>Ak\u0131ll\u0131 ev sistemleri nas\u0131l yap\u0131l\u0131r?<\/strong><\/p>\n<p>Ak\u0131ll\u0131 ev sistemlerinin hem kablolu hem de kablosuz olmak \u00fczere iki farkl\u0131 \u015fekilde kurulumu yap\u0131lmaktad\u0131r. Kablosuz a\u011f teknolojisi sayesinde evin herhangi bir yerinde k\u0131r\u0131l\u0131p d\u00f6k\u00fclme olmadan sistem k\u0131sa s\u00fcrede kolayca kurulabilmektedir. Birbirini g\u00f6rmeyen cihazlar\u0131n birbirleri aras\u0131nda ileti\u015fim sa\u011flanarak \u015fifreleme yoluyla da korunmaktad\u0131r. Ak\u0131ll\u0131 cihazlar\u0131n birbiriyle ileti\u015fime ge\u00e7mesi i\u00e7in ihtiya\u00e7 olan ana kontrol \u00fcnitesidir. T\u00fcm cihazlar k\u00fc\u00e7\u00fck bir bilgisayar boyutunda olan ana merkezden haberle\u015fmektedir. Ana kontrol \u00fcnitesine cihazlar\u0131n y\u00f6netilmesi i\u00e7in gerekli veri ak\u0131\u015f\u0131 sa\u011flanmakta ve cihazlar\u0131n birbiriyle ileti\u015fim halinde olmas\u0131 ger\u00e7ekle\u015fmektedir.<\/p>\n<p><strong>Ak\u0131ll\u0131 ev sistemleri okullara uygulanabilir mi?<\/strong><\/p>\n<p>Ak\u0131ll\u0131 ev sistemleri sens\u00f6rler yard\u0131m\u0131yla kapal\u0131 alanda bulunan cihazlarla ileti\u015fime ge\u00e7ilmeyi kapsayan bir sistem oldu\u011fu i\u00e7in okullarda da uygulanabilir. \u00d6zellikle g\u00fcvenlik a\u00e7\u0131s\u0131ndan sunmu\u015f oldu\u011fu kolayl\u0131klar sebebiyle ak\u0131ll\u0131 ev sistemleri okullarda tercih edilebilmektedir.[\/vc_column_text][\/vc_column][\/vc_row]<\/p>\n<\/div>","protected":false},"excerpt":{"rendered":"<p>[vc_row][vc_column][vc_single_image image=&#8221;1175&#8243; img_size=&#8221;full&#8221;][vc_column_text]Ak\u0131ll\u0131 ev nedir? Ak\u0131ll\u0131 ev teknolojinin getirilerini ve end\u00fcstri alan\u0131nda kullan\u0131lan kontrol sistemlerini g\u00fcndelik ya\u015fama entegre ederek ki\u015fisel ihtiya\u00e7lar do\u011frultusunda kullan\u0131lan sistem b\u00fct\u00fcn\u00fcd\u00fcr. Ak\u0131ll\u0131 ev sistemi sayesinde h\u0131z ve konfor kazan\u0131labilmekte g\u00fcvenlik sa\u011flanabilmektedir.\u00a0 Birden fazla farkl\u0131 teknolojik sistemin sens\u00f6rler yard\u0131m\u0131yla ev d\u00fczenine adapte edilmesiyle klima, bah\u00e7e sulama, yang\u0131n alarm\u0131, termostat, ayd\u0131nlatma, perde a\u00e7\u0131p&hellip;<\/p>\n","protected":false},"author":1,"featured_media":0,"parent":931,"menu_order":0,"comment_status":"closed","ping_status":"closed","template":"","meta":{"footnotes":""},"class_list":["post-1077","page","type-page","status-publish","hentry","description-off"],"_links":{"self":[{"href":"https:\/\/fahrielektrik.com\/index.php\/wp-json\/wp\/v2\/pages\/1077","targetHints":{"allow":["GET"]}}],"collection":[{"href":"https:\/\/fahrielektrik.com\/index.php\/wp-json\/wp\/v2\/pages"}],"about":[{"href":"https:\/\/fahrielektrik.com\/index.php\/wp-json\/wp\/v2\/types\/page"}],"author":[{"embeddable":true,"href":"https:\/\/fahrielektrik.com\/index.php\/wp-json\/wp\/v2\/users\/1"}],"replies":[{"embeddable":true,"href":"https:\/\/fahrielektrik.com\/index.php\/wp-json\/wp\/v2\/comments?post=1077"}],"version-history":[{"count":0,"href":"https:\/\/fahrielektrik.com\/index.php\/wp-json\/wp\/v2\/pages\/1077\/revisions"}],"up":[{"embeddable":true,"href":"https:\/\/fahrielektrik.com\/index.php\/wp-json\/wp\/v2\/pages\/931"}],"wp:attachment":[{"href":"https:\/\/fahrielektrik.com\/index.php\/wp-json\/wp\/v2\/media?parent=1077"}],"curies":[{"name":"wp","href":"https:\/\/api.w.org\/{rel}","templated":true}]}}