{"id":1016,"date":"2018-04-03T01:41:38","date_gmt":"2018-04-02T22:41:38","guid":{"rendered":"http:\/\/fahrielektrik.com\/?page_id=1016"},"modified":"2022-03-16T16:30:25","modified_gmt":"2022-03-16T13:30:25","slug":"paratoner-sistemleri","status":"publish","type":"page","link":"https:\/\/fahrielektrik.com\/index.php\/hizmetlerimiz\/paratoner-sistemleri\/","title":{"rendered":"Paratoner Sistemleri"},"content":{"rendered":"<div class=\"wpb-content-wrapper\"><p>[vc_row][vc_column][vc_single_image image=&#8221;1186&#8243; img_size=&#8221;full&#8221;][vc_column_text]\u00dclkemiz, y\u0131ll\u0131n belli d\u00f6nemlerinde kuvvetli ya\u011fmur ve g\u00fc\u00e7l\u00fc r\u00fczgar etkisi alt\u0131na girerek y\u0131ld\u0131r\u0131mlara maruz kalabilmektedir. Bu zaman diliminde y\u0131ld\u0131r\u0131mlar\u0131n etkisiyle \u00e7e\u015fitli can ve mal kay\u0131plar\u0131 ya\u015fanmaktad\u0131r. Bilindi\u011fi \u00fczere \u015fehirler, sanayi ve \u00fcretim tesisleri, y\u00fcksek binalar vb di\u011fer yap\u0131lar y\u0131ld\u0131r\u0131mlardan en \u00e7ok etkilenen yap\u0131lard\u0131r. Y\u0131ld\u0131r\u0131mlar\u0131n etkisini izole etmek ve kontroll\u00fc olarak y\u0131ld\u0131r\u0131m enerjisini topra\u011fa aktarmak amac\u0131yla kullan\u0131lan paratoner, bu tarz yap\u0131lar i\u00e7in olmazsa olmaz uygulamalar aras\u0131nda yer almaktad\u0131r.<\/p>\n<p>Paratoner kurulumlar\u0131 yap\u0131l\u0131rken en \u00e7ok dikkat edilmesi gereken hususlar\u0131n ba\u015f\u0131n da ise paratoner tesisat montaj\u0131 bulunmaktad\u0131r. Zira, prosed\u00fcrlere uygun olarak yap\u0131lmayan paratoner uygulamalar\u0131 faydadan \u00e7ok daha b\u00fcy\u00fck zararlara sebebiyet verebilir. Bu sebeple paratoner montaj\u0131 esnas\u0131nda uyulmas\u0131 gereken prosed\u00fcrlere uyulmal\u0131 ve bu i\u015flem paratoner uygulamalar\u0131 hakk\u0131nda tecr\u00fcbeli bir m\u00fchendis ve bilirki\u015filerce uygulanmal\u0131d\u0131r.<\/p>\n<p><strong>Paratoner Topraklama Tesisat\u0131 Yap\u0131l\u0131rken \u00d6n Haz\u0131rl\u0131klar :<\/strong><\/p>\n<ul>\n<li>Topraklama direncinin \u00f6l\u00e7\u00fclmesi, (Maksimum 10 Ohm)<\/li>\n<li>Koruma borusunun yerle\u015ftirilmesi,<\/li>\n<li>Kontrol klemensi tespiti,<\/li>\n<li>\u0130ni\u015f iletkenlerinin tespit edilmesi ve topraklama klemensinin kontrol klemensine ba\u011flanmas\u0131,<\/li>\n<li>Paratoner ta\u015f\u0131y\u0131c\u0131 dire\u011fi ve ikaz levhas\u0131n\u0131n yerinin tespit edilmesi,<\/li>\n<\/ul>\n<p><strong>Paratoner Tesisat\u0131 Yap\u0131l\u0131rken Dikkat Edilmesi Gerekenler<\/strong><\/p>\n<ul>\n<li>Aktif paratoner montaj\u0131 yap\u0131l\u0131rken paratoner, uygulama yap\u0131lacak binan\u0131n en \u00fcst noktas\u0131 se\u00e7ilmeli veya en \u00fcst noktadan 1.5 metre daha y\u00fcksekte olacak \u015fekilde tasarlanmal\u0131d\u0131r.<\/li>\n<li>Tesisatta kullan\u0131lacak bak\u0131r iletkenler %99.5 safl\u0131kta ve elektrolitik bak\u0131r olmal\u0131d\u0131r.<\/li>\n<li>Paratoner kurulacak tesisin \u00f6l\u00e7\u00fclen topraklama direnci 5 ohm ise uygulamaya ge\u00e7ilebilir.<\/li>\n<li>Ancak bu de\u011ferden y\u00fcksek ise ek bak\u0131r \u00e7ubuklar kullan\u0131larak de\u011fer d\u00fc\u015f\u00fcr\u00fclmelidir.<\/li>\n<li>\u00c7at\u0131larda yer alan, tv anteni, telsiz antesi vb. cihazlar varsa bu cihazlar\u0131n da paratonere ba\u011flanmas\u0131 gereklidir. (TS622)<\/li>\n<li>Paratoner, yang\u0131n ihbar\u0131, kumanda tesisat\u0131 vb. kontrol noktalar\u0131ndan en az 5 metre mesafe olacak \u015fekilde uygulanmal\u0131d\u0131r.<\/li>\n<li>Aktif paratonerin toprak alt\u0131nda kalan k\u0131s\u0131mlar\u0131 b\u00fct\u00fcn\u00fcyle ziftlenmeli ve toprak alt\u0131na g\u00f6m\u00fclmelidir.<\/li>\n<li>Aktif paratoner tesisat montaj\u0131 ve paratoner kurulumlar\u0131 alan\u0131nda uzman firmalarca yetkinlik belgesine sahip uzman ki\u015filerce yap\u0131lmal\u0131d\u0131r. Paratoner tesisat montaj\u0131, aktif paratoner kurulumlar\u0131 ve radyoaktif paratoner de\u011fi\u015fim talepleriniz i\u00e7in firmam\u0131zla ileti\u015fime ge\u00e7ebilirsiniz.<\/li>\n<\/ul>\n<p>[\/vc_column_text][\/vc_column][\/vc_row]<\/p>\n<\/div>","protected":false},"excerpt":{"rendered":"<p>[vc_row][vc_column][vc_single_image image=&#8221;1186&#8243; img_size=&#8221;full&#8221;][vc_column_text]\u00dclkemiz, y\u0131ll\u0131n belli d\u00f6nemlerinde kuvvetli ya\u011fmur ve g\u00fc\u00e7l\u00fc r\u00fczgar etkisi alt\u0131na girerek y\u0131ld\u0131r\u0131mlara maruz kalabilmektedir. Bu zaman diliminde y\u0131ld\u0131r\u0131mlar\u0131n etkisiyle \u00e7e\u015fitli can ve mal kay\u0131plar\u0131 ya\u015fanmaktad\u0131r. Bilindi\u011fi \u00fczere \u015fehirler, sanayi ve \u00fcretim tesisleri, y\u00fcksek binalar vb di\u011fer yap\u0131lar y\u0131ld\u0131r\u0131mlardan en \u00e7ok etkilenen yap\u0131lard\u0131r. Y\u0131ld\u0131r\u0131mlar\u0131n etkisini izole etmek ve kontroll\u00fc olarak y\u0131ld\u0131r\u0131m enerjisini topra\u011fa&hellip;<\/p>\n","protected":false},"author":1,"featured_media":0,"parent":931,"menu_order":0,"comment_status":"closed","ping_status":"closed","template":"","meta":{"footnotes":""},"class_list":["post-1016","page","type-page","status-publish","hentry","description-off"],"_links":{"self":[{"href":"https:\/\/fahrielektrik.com\/index.php\/wp-json\/wp\/v2\/pages\/1016","targetHints":{"allow":["GET"]}}],"collection":[{"href":"https:\/\/fahrielektrik.com\/index.php\/wp-json\/wp\/v2\/pages"}],"about":[{"href":"https:\/\/fahrielektrik.com\/index.php\/wp-json\/wp\/v2\/types\/page"}],"author":[{"embeddable":true,"href":"https:\/\/fahrielektrik.com\/index.php\/wp-json\/wp\/v2\/users\/1"}],"replies":[{"embeddable":true,"href":"https:\/\/fahrielektrik.com\/index.php\/wp-json\/wp\/v2\/comments?post=1016"}],"version-history":[{"count":0,"href":"https:\/\/fahrielektrik.com\/index.php\/wp-json\/wp\/v2\/pages\/1016\/revisions"}],"up":[{"embeddable":true,"href":"https:\/\/fahrielektrik.com\/index.php\/wp-json\/wp\/v2\/pages\/931"}],"wp:attachment":[{"href":"https:\/\/fahrielektrik.com\/index.php\/wp-json\/wp\/v2\/media?parent=1016"}],"curies":[{"name":"wp","href":"https:\/\/api.w.org\/{rel}","templated":true}]}}