{"id":1012,"date":"2018-04-03T01:35:42","date_gmt":"2018-04-02T22:35:42","guid":{"rendered":"http:\/\/fahrielektrik.com\/?page_id=1012"},"modified":"2022-03-19T02:05:29","modified_gmt":"2022-03-18T23:05:29","slug":"otomatik-kapi-ve-bariyer-sistemleri","status":"publish","type":"page","link":"https:\/\/fahrielektrik.com\/index.php\/hizmetlerimiz\/otomatik-kapi-ve-bariyer-sistemleri\/","title":{"rendered":"Otomatik Kap\u0131 ve Bariyer Sistemleri"},"content":{"rendered":"<div class=\"wpb-content-wrapper\"><p>[vc_row][vc_column width=&#8221;1\/2&#8243;][vc_column_text]<\/p>\n<h3><strong>Otomatik Kap\u0131<\/strong><\/h3>\n<p><strong>Otomatik kap\u0131,<\/strong> g\u00fcn\u00fcm\u00fczde mekanlar\u0131n giri\u015f ve \u00e7\u0131k\u0131\u015f g\u00fcvenli\u011fini sa\u011flamak ve enerji tasarrufu yapmak i\u00e7in\u00a0 yayg\u0131n olarak kullan\u0131lmaktad\u0131r. Ayr\u0131ca bu kap\u0131lar, yo\u011fun i\u015f ortamlar\u0131nda sessizli\u011fin sa\u011flanmas\u0131na da katk\u0131 sa\u011flamaktad\u0131r. Bahsetti\u011fimiz bu \u00f6zelliklerin yan\u0131nda otomatik kap\u0131lar mekanlara g\u00f6r\u00fcnt\u00fcleriyle ayr\u0131 bir zarafet katmaktad\u0131r. Her t\u00fcrl\u00fc ihtiyaca uygun olarak tasarlanan bu kap\u0131lar, yaylarla ya da elektrik g\u00fcc\u00fcyle a\u00e7\u0131l\u0131p kapanmaktad\u0131r. Otomatik kap\u0131lar \u00a0g\u00fcn ge\u00e7tik\u00e7e geli\u015fen teknolojik geli\u015fmelere ba\u011fl\u0131 olarak yeni modellerde ve \u00f6zelliklerde \u00fcretilmektedir. Bu kap\u0131lar\u0131n kullan\u0131m alanlar\u0131 \u00e7ok geni\u015ftir.\u00a0 Bu kap\u0131lar hastaneler, hava yollar\u0131, marketler, oteller, i\u015f yerleri, avmler, eczaneler, ma\u011fazalar gibi pek \u00e7ok kalabal\u0131k mekanda kullan\u0131lmaktad\u0131r. <strong>Fahri Elektrik-Bursa<\/strong> sayd\u0131\u011f\u0131m\u0131z bu mekanlara ve daha fazlas\u0131na y\u0131llard\u0131r <strong>otomatik kap\u0131 servis\u00a0<\/strong>hizmeti vermektedir.\u00a0<strong>Otomatik kap\u0131<\/strong>\u00a0\u00a0<strong>servis\u00a0<\/strong>hizmetini son teknolojik ekipmanlarla ve son teknolojik geli\u015fmelere uygun olarak ger\u00e7ekle\u015ftiren bir firmam\u0131zla \u00e7al\u0131\u015fmak isterseniz bizimle ileti\u015fime ge\u00e7ebilirsiniz.<\/p>\n<p>Yana Kayar Bah\u00e7e Kap\u0131s\u0131<br \/>\nDairesel Bah\u00e7e Kap\u0131s\u0131<br \/>\nJet H\u0131zl\u0131 End\u00fcstiyel Motor<br \/>\nOtomatik Fotoselli Kap\u0131lar<br \/>\nDITEC Entrematic<br \/>\nFAAC Otomatik Kap\u0131lar<br \/>\nNICE Otomatik Kap\u0131lar<br \/>\nGaraj End\u00fcstriyel Kap\u0131lar<br \/>\nMantar Bariyer Sistemleri<br \/>\nTrafik G\u00fcvenlik \u00dcr\u00fcnleri<br \/>\nOtomatik Ara\u00e7 Bariyeri<br \/>\nYana Kayar Bah\u00e7e Kap\u0131s\u0131<br \/>\nDairesel Bah\u00e7e Kap\u0131s\u0131<br \/>\nOtomatik Fotoselli Kap\u0131<br \/>\nHidrolik Mantar Bariyer<br \/>\nOtopark Otomasyonu<\/p>\n<p>KES\u0130NT\u0130S\u0130Z SERV\u0130S VE DESTEK<\/p>\n<p>TAM ZAMANINDA YER\u0130NDE VE S\u00dcREKL\u0130 H\u0130ZMET<\/p>\n<p>TAM OTOMASYON<\/p>\n<p>TAM H\u0130ZMET[\/vc_column_text][\/vc_column][vc_column width=&#8221;1\/2&#8243;][vc_single_image image=&#8221;1227&#8243; img_size=&#8221;full&#8221;][vc_separator][vc_single_image image=&#8221;1223&#8243; img_size=&#8221;full&#8221;][\/vc_column][\/vc_row][vc_row][vc_column width=&#8221;1\/4&#8243; css=&#8221;.vc_custom_1647643296717{background-color: #0d3f89 !important;}&#8221;][vc_column_text]<\/p>\n<h3 style=\"text-align: center;\"><span style=\"color: #e5e5e5;\">UZMAN EK\u0130P<br \/>\n<\/span><span style=\"color: #e5e5e5;\">\u00dcCRETS\u0130Z<br \/>\nKE\u015e\u0130F<\/span><\/h3>\n<p>[\/vc_column_text][\/vc_column][vc_column width=&#8221;1\/4&#8243; css=&#8221;.vc_custom_1647643335949{background-color: #e5e5e5 !important;}&#8221;][vc_column_text]<\/p>\n<h3 style=\"text-align: center;\"><span style=\"color: #0d3f89;\">HIZLI<br \/>\nPROFESYONEL<br \/>\nKURULUM<\/span><\/h3>\n<p>[\/vc_column_text][\/vc_column][vc_column width=&#8221;1\/4&#8243; css=&#8221;.vc_custom_1647643309244{background-color: #0d3f89 !important;}&#8221;][vc_column_text]<\/p>\n<h3 style=\"text-align: center;\"><span style=\"color: #e5e5e5;\">7\/24<br \/>\nTEKN\u0130K<br \/>\nDESTEK<\/span><\/h3>\n<p>[\/vc_column_text][\/vc_column][vc_column width=&#8221;1\/4&#8243; css=&#8221;.vc_custom_1647643348649{background-color: #e5e5e5 !important;}&#8221;][vc_column_text]<\/p>\n<h3 style=\"text-align: center;\"><span style=\"color: #0d3f89;\">SA\u011eLAM<br \/>\nKAL\u0130TEL\u0130<br \/>\n\u00dcR\u00dcNLER<\/span><\/h3>\n<p>[\/vc_column_text][\/vc_column][\/vc_row][vc_row][vc_column][vc_empty_space][\/vc_column][\/vc_row][vc_row full_width=&#8221;stretch_row&#8221;][vc_column width=&#8221;1\/2&#8243;][vc_column_text]<\/p>\n<h3>Yana Kayar Bah\u00e7e Kap\u0131s\u0131<\/h3>\n<p>Yana Kayar Bah\u00e7e Kap\u0131s\u0131 uygulamalar\u0131 \u00f6zel konutlar\u0131n\u0131za hem estetik bir g\u00f6r\u00fcnt\u00fc katar hem de kullan\u0131m kolayl\u0131\u011f\u0131 sa\u011flar.<\/p>\n<p>Yana Kayar Bah\u00e7e Kap\u0131s\u0131 haznesinde bulunan motorla otomatik olarak yana do\u011fru a\u00e7\u0131l\u0131r. Belirli bir uzakl\u0131ktan dahi otomatik alg\u0131layan kumanda sayesinde evinize yakla\u015f\u0131rken dahi kap\u0131lar\u0131n\u0131z\u0131 rahatl\u0131kla a\u00e7abilirsiniz.<\/p>\n<p>\u00dcstelik konutlar\u0131n\u0131z\u0131n, i\u015f yerlerinizin, fabrikan\u0131z\u0131n, sitelerinizin ya da kullanmak istedi\u011finiz yerin g\u00fcvenli\u011fini sa\u011flay\u0131p i\u00e7eri izinsiz giri\u015flerin \u00f6n\u00fcne ge\u00e7ebilirsiniz.<\/p>\n<p>K\u0131sacas\u0131 eski bah\u00e7e kap\u0131lar\u0131n\u0131za otomatik rahatl\u0131\u011f\u0131n\u0131 katan sistemlerdir.<\/p>\n<p>Yana Kayar Bah\u00e7e Kap\u0131s\u0131 ray \u00fczerinden hareket eder. Genelde \u00fcretimde uygulanacak yere g\u00f6re a\u011f\u0131rl\u0131\u011f\u0131 ve uzunlu\u011fu hesaba kat\u0131l\u0131r. S\u00fcrekli giri\u015f \u00e7\u0131k\u0131\u015f yap\u0131lan yerlerde de g\u00f6n\u00fcl rahatl\u0131\u011f\u0131yla kullan\u0131labilir.<\/p>\n<h3>Yana Kayar Bah\u00e7e Kap\u0131s\u0131 Fiyatlar\u0131 Bursa<\/h3>\n<p>\u00dcr\u00fcn\u00fcn tercihine, yap\u0131s\u0131na, rengine, boyutuna ve kullan\u0131lan malzemelere g\u00f6re fiyatta de\u011fi\u015fiklikler olabilir. \u00dcr\u00fcnlerimiz hakk\u0131nda herhangi bir bilgi almak ya da fiyatlar\u0131m\u0131z konusunda g\u00f6r\u00fc\u015fmek i\u00e7in bizleri arayabilirsiniz.<\/p>\n<h3>Yana Kayar Bah\u00e7e Kap\u0131s\u0131 Servis &amp; Tamir<\/h3>\n<p>Yana Kayar Bah\u00e7e Kap\u0131s\u0131 servis ve tamir hizmetimiz mevcuttur. \u00dcr\u00fcnlerimizin orijinal par\u00e7alar\u0131yla servis hizmetimizi sunmaktay\u0131z. Garanti kapsam\u0131ndaki \u00fcr\u00fcnlerimizin servisi \u00fccretsiz olarak yap\u0131lmaktad\u0131r. Garanti kapsam\u0131n\u0131n d\u0131\u015f\u0131ndaki \u00fcr\u00fcnlere ya da ba\u015fka firmalardan ald\u0131\u011f\u0131n\u0131z \u00fcr\u00fcnlere de c\u00fczi fiyatlarla servis hizmeti sunmaktay\u0131z. Detayl\u0131 \u00fcr\u00fcn bilgisi ve fiyat bilgisi i\u00e7in bizleri arayabilirsiniz.<\/p>\n<h3>Yana Kayar Bah\u00e7e Kap\u0131s\u0131 \u00d6zellikleri<\/h3>\n<ul>\n<li>H\u0131zl\u0131 ve sessiz \u00e7al\u0131\u015f\u0131r.<\/li>\n<li>Olduk\u00e7a uzun \u00f6m\u00fcrl\u00fcd\u00fcr.<\/li>\n<li>Bak\u0131ma gerek duymaz.<\/li>\n<li>Emniyet fotoseli bulunur.<\/li>\n<li>Uzaktan kumanda, buton ya da ak\u0131ll\u0131 telefon uygulamalar\u0131yla kullan\u0131l\u0131r.<\/li>\n<\/ul>\n<p>[\/vc_column_text][\/vc_column][vc_column width=&#8221;1\/2&#8243;][vc_single_image image=&#8221;1229&#8243; img_size=&#8221;full&#8221;][vc_separator][vc_single_image image=&#8221;1228&#8243; img_size=&#8221;full&#8221;][\/vc_column][\/vc_row][vc_row][vc_column][vc_empty_space][\/vc_column][\/vc_row][vc_row full_width=&#8221;stretch_row&#8221;][vc_column width=&#8221;1\/2&#8243;][vc_column_text]<\/p>\n<h3><strong>Otomatik Bariyer Sistemleri<\/strong><\/h3>\n<p><strong>Otomatik bariyer sistemleri<\/strong>,\u00a0kafelere, m\u00fcstakil evlere, binalara, her t\u00fcrl\u00fc konutlarda, ticari ve end\u00fcstriyel alanlarda olmak \u00fczere istedi\u011finiz her yerde g\u00fcvenli\u011fi sa\u011flayan sistemlerdir. Yabanc\u0131 ara\u00e7lar\u0131n giri\u015flerini engelleyen bu sistemlerin uzunluklar\u0131 ortalama bir arac\u0131n geni\u015fli\u011fi kadard\u0131r.<\/p>\n<p>Otomatik bariyerlerde kullan\u0131lan kol uzunluklar\u0131 2-4-6 metreye kadar yap\u0131labilir. Otomatik bariyer sistemlerimiz ile ara\u00e7 giri\u015f ve \u00e7\u0131k\u0131\u015flar\u0131n\u0131 kontrol alt\u0131na alan bu sistemler g\u00fcvenli\u011fi en \u00fcst seviyede tutar. Otomatik bariyerler \u00fczerinde g\u00fcvenlik sens\u00f6rleri bulunmaktad\u0131r. Bu sens\u00f6rler yard\u0131m\u0131 ile ara\u00e7 ge\u00e7i\u015fi s\u0131ras\u0131nda ara\u00e7 ge\u00e7i\u015fini tamamlamam\u0131\u015fsa araca yakla\u015ft\u0131\u011f\u0131 anda y\u00fckselir ve ge\u00e7tikten sonrada sistem eski haline d\u00f6ner. Otomatik bariyer sistemlerinin ge\u00e7i\u015f s\u00fcreleri ayarlanabilmektedir.<\/p>\n<p><strong>Otomatik Bariyer \u00c7e\u015fitleri<\/strong><\/p>\n<p>Kollu bariyer \u2013 Mantar bariyer \u2013 Kilitli bariyer \u2013 Road blocker<\/p>\n<p><strong>Fahri Elektrik &#8211; Bursa<\/strong>, g\u00fcnl\u00fck hayat\u0131m\u0131z\u0131 kolayla\u015ft\u0131ran ve yabanc\u0131 ara\u00e7 giri\u015fini engelleyen otomatik bariyer sistemlerini istenilen her yere uygulamaktad\u0131r. Bursa&#8217;n\u0131n t\u00fcm il\u00e7elerinde otomatik bariyer sistemlerini yapmaktay\u0131z. Her t\u00fcrl\u00fc otomatik bariyer sistemleri profesyonel kadromuz ile yap\u0131lmaktad\u0131r.[\/vc_column_text][\/vc_column][vc_column width=&#8221;1\/2&#8243;][vc_single_image image=&#8221;1223&#8243; img_size=&#8221;full&#8221;][vc_separator][vc_single_image image=&#8221;1225&#8243; img_size=&#8221;full&#8221;][\/vc_column][\/vc_row]<\/p>\n<\/div>","protected":false},"excerpt":{"rendered":"<p>[vc_row][vc_column width=&#8221;1\/2&#8243;][vc_column_text] Otomatik Kap\u0131 Otomatik kap\u0131, g\u00fcn\u00fcm\u00fczde mekanlar\u0131n giri\u015f ve \u00e7\u0131k\u0131\u015f g\u00fcvenli\u011fini sa\u011flamak ve enerji tasarrufu yapmak i\u00e7in\u00a0 yayg\u0131n olarak kullan\u0131lmaktad\u0131r. Ayr\u0131ca bu kap\u0131lar, yo\u011fun i\u015f ortamlar\u0131nda sessizli\u011fin sa\u011flanmas\u0131na da katk\u0131 sa\u011flamaktad\u0131r. Bahsetti\u011fimiz bu \u00f6zelliklerin yan\u0131nda otomatik kap\u0131lar mekanlara g\u00f6r\u00fcnt\u00fcleriyle ayr\u0131 bir zarafet katmaktad\u0131r. Her t\u00fcrl\u00fc ihtiyaca uygun olarak tasarlanan bu kap\u0131lar, yaylarla ya da&hellip;<\/p>\n","protected":false},"author":1,"featured_media":0,"parent":931,"menu_order":0,"comment_status":"closed","ping_status":"closed","template":"","meta":{"footnotes":""},"class_list":["post-1012","page","type-page","status-publish","hentry","description-off"],"_links":{"self":[{"href":"https:\/\/fahrielektrik.com\/index.php\/wp-json\/wp\/v2\/pages\/1012","targetHints":{"allow":["GET"]}}],"collection":[{"href":"https:\/\/fahrielektrik.com\/index.php\/wp-json\/wp\/v2\/pages"}],"about":[{"href":"https:\/\/fahrielektrik.com\/index.php\/wp-json\/wp\/v2\/types\/page"}],"author":[{"embeddable":true,"href":"https:\/\/fahrielektrik.com\/index.php\/wp-json\/wp\/v2\/users\/1"}],"replies":[{"embeddable":true,"href":"https:\/\/fahrielektrik.com\/index.php\/wp-json\/wp\/v2\/comments?post=1012"}],"version-history":[{"count":0,"href":"https:\/\/fahrielektrik.com\/index.php\/wp-json\/wp\/v2\/pages\/1012\/revisions"}],"up":[{"embeddable":true,"href":"https:\/\/fahrielektrik.com\/index.php\/wp-json\/wp\/v2\/pages\/931"}],"wp:attachment":[{"href":"https:\/\/fahrielektrik.com\/index.php\/wp-json\/wp\/v2\/media?parent=1012"}],"curies":[{"name":"wp","href":"https:\/\/api.w.org\/{rel}","templated":true}]}}