{"id":1011,"date":"2018-04-03T01:35:22","date_gmt":"2018-04-02T22:35:22","guid":{"rendered":"http:\/\/fahrielektrik.com\/?page_id=1011"},"modified":"2022-03-19T01:24:08","modified_gmt":"2022-03-18T22:24:08","slug":"merkezi-uydu-sistemleri","status":"publish","type":"page","link":"https:\/\/fahrielektrik.com\/index.php\/hizmetlerimiz\/merkezi-uydu-sistemleri\/","title":{"rendered":"Merkezi Uydu Sistemleri"},"content":{"rendered":"<div class=\"wpb-content-wrapper\"><p>[vc_row][vc_column][vc_single_image image=&#8221;1217&#8243; img_size=&#8221;full&#8221; alignment=&#8221;center&#8221;][vc_column_text]<strong>Say\u0131n Apartman Y\u00f6neticisi ve Sakinleri<\/strong><br \/>\nG\u00fcn ge\u00e7tik\u00e7e geli\u015fen TV yay\u0131nc\u0131l\u0131\u011f\u0131 sayesinde uydu antenleri ile y\u00fczlerce TV kanal\u0131 izlenebilmektedir. Art\u0131k apartman sakinleri daha fazla TV kanal\u0131n\u0131 daha iyi ve net g\u00f6r\u00fcnt\u00fc kalitesi ile seyretmek istemektedirler. Bunun i\u00e7in \u00e7at\u0131ya her apartman sakini i\u00e7in ayr\u0131 uydu anteni konulmaktad\u0131r. Bu da binan\u0131n balkonlar\u0131nda ve \u00e7at\u0131s\u0131nda \u00e7irkin bir g\u00f6r\u00fcnt\u00fc olmas\u0131na sebep oluyor. Hem daha fazla insan\u0131n \u00e7at\u0131ya \u00e7\u0131k\u0131p \u00e7at\u0131ya zarar vermesini sa\u011fl\u0131yor. Kurduraca\u011f\u0131n\u0131z merkezi uydu anten sistemi ile uydudan y\u00fczlerce dijital TV kanal\u0131n\u0131 ,karasal dijital yay\u0131nlar\u0131n\u0131 seyredebilirsiniz. B\u00f6ylelikle anten sorunu kesin olarak \u00e7\u00f6z\u00fcmlenmekle birlikte \u00e7at\u0131 masraflar\u0131 ve apartman\u0131n k\u00f6t\u00fc g\u00f6r\u00fcn\u00fcm\u00fcnden kurtulmu\u015f olursunuz.<\/p>\n<p>Yeni \u00e7\u0131kacak belediyeler yasas\u0131 i\u00e7erisinde bulunan binalar\u0131n d\u0131\u015f cephesindeki anten kirlili\u011fi ile ilgili maddesinden dolay\u0131 binalarda merkezi sistem kullan\u0131m\u0131 zorunluluk te\u015fkil edecektir. Merkezi uydu sistemleri Digiturk ve D Smart Dijital Platformlara uyumludur. Sadece Digit\u00fcrk merkezi sistemi binan\u0131za \u00fccretsiz olarak kurulacakt\u0131r. Avrupa Standartlar\u0131na uygun malzemeler kullan\u0131larak, her blo\u011fun\/binan\u0131n \u00e7at\u0131s\u0131na ayr\u0131 ayr\u0131 \u00fc\u00e7 \u00e7anak anten ve abone say\u0131s\u0131 kadar Santral\/Multiswitch montaj\u0131 yaparak, abone \/daire ba\u011flant\u0131 tesisat kablolar\u0131n\u0131n abonenin istedi\u011fi daire i\u00e7inde tek noktaya \u00e7ekerek uydular\u0131n\u0131n yay\u0131n iletimi alt yap\u0131 montaj\u0131n\u0131 ger\u00e7ekle\u015ftirilecektir.<\/p>\n<h4>BURSA MERKEZ\u0130 UYDU S\u0130STEMLER\u0130<\/h4>\n<p>KE\u015e\u0130F ve F\u0130YAT TEKL\u0130F\u0130 \u0130\u00c7\u0130N WHATSAPP HATTIMIZDAN B\u0130ZE UALA\u015eAB\u0130L\u0130RS\u0130N\u0130Z.[\/vc_column_text][\/vc_column][\/vc_row][vc_row][vc_column width=&#8221;1\/3&#8243;][vc_column_text]<\/p>\n<h3 style=\"text-align: center;\"><strong>MERKEZ\u0130 UYDU S\u0130STEMLER\u0130<\/strong><\/h3>\n<p>[\/vc_column_text][\/vc_column][vc_column width=&#8221;1\/3&#8243;][vc_column_text]<\/p>\n<h3 style=\"text-align: center;\"><strong>\u00c7ANAK ANTEN MONTAJI<\/strong><\/h3>\n<p>[\/vc_column_text][\/vc_column][vc_column width=&#8221;1\/3&#8243;][vc_column_text]<\/p>\n<h3 style=\"text-align: center;\"><strong>UYDU TEKN\u0130K SERV\u0130S H\u0130ZMET\u0130<\/strong><\/h3>\n<p>[\/vc_column_text][\/vc_column][\/vc_row]<\/p>\n<\/div>","protected":false},"excerpt":{"rendered":"<p>[vc_row][vc_column][vc_single_image image=&#8221;1217&#8243; img_size=&#8221;full&#8221; alignment=&#8221;center&#8221;][vc_column_text]Say\u0131n Apartman Y\u00f6neticisi ve Sakinleri G\u00fcn ge\u00e7tik\u00e7e geli\u015fen TV yay\u0131nc\u0131l\u0131\u011f\u0131 sayesinde uydu antenleri ile y\u00fczlerce TV kanal\u0131 izlenebilmektedir. Art\u0131k apartman sakinleri daha fazla TV kanal\u0131n\u0131 daha iyi ve net g\u00f6r\u00fcnt\u00fc kalitesi ile seyretmek istemektedirler. Bunun i\u00e7in \u00e7at\u0131ya her apartman sakini i\u00e7in ayr\u0131 uydu anteni konulmaktad\u0131r. Bu da binan\u0131n balkonlar\u0131nda ve \u00e7at\u0131s\u0131nda \u00e7irkin&hellip;<\/p>\n","protected":false},"author":1,"featured_media":0,"parent":931,"menu_order":0,"comment_status":"closed","ping_status":"closed","template":"","meta":{"footnotes":""},"class_list":["post-1011","page","type-page","status-publish","hentry","description-off"],"_links":{"self":[{"href":"https:\/\/fahrielektrik.com\/index.php\/wp-json\/wp\/v2\/pages\/1011","targetHints":{"allow":["GET"]}}],"collection":[{"href":"https:\/\/fahrielektrik.com\/index.php\/wp-json\/wp\/v2\/pages"}],"about":[{"href":"https:\/\/fahrielektrik.com\/index.php\/wp-json\/wp\/v2\/types\/page"}],"author":[{"embeddable":true,"href":"https:\/\/fahrielektrik.com\/index.php\/wp-json\/wp\/v2\/users\/1"}],"replies":[{"embeddable":true,"href":"https:\/\/fahrielektrik.com\/index.php\/wp-json\/wp\/v2\/comments?post=1011"}],"version-history":[{"count":0,"href":"https:\/\/fahrielektrik.com\/index.php\/wp-json\/wp\/v2\/pages\/1011\/revisions"}],"up":[{"embeddable":true,"href":"https:\/\/fahrielektrik.com\/index.php\/wp-json\/wp\/v2\/pages\/931"}],"wp:attachment":[{"href":"https:\/\/fahrielektrik.com\/index.php\/wp-json\/wp\/v2\/media?parent=1011"}],"curies":[{"name":"wp","href":"https:\/\/api.w.org\/{rel}","templated":true}]}}