{"id":1010,"date":"2018-04-03T01:34:56","date_gmt":"2018-04-02T22:34:56","guid":{"rendered":"http:\/\/fahrielektrik.com\/?page_id=1010"},"modified":"2022-03-16T15:51:08","modified_gmt":"2022-03-16T12:51:08","slug":"malzeme-satisi","status":"publish","type":"page","link":"https:\/\/fahrielektrik.com\/index.php\/hizmetlerimiz\/malzeme-satisi\/","title":{"rendered":"Malzeme Sat\u0131\u015f\u0131"},"content":{"rendered":"<div class=\"wpb-content-wrapper\"><p>[vc_row][vc_column][vc_single_image image=&#8221;1177&#8243; img_size=&#8221;full&#8221;][vc_column_text]<\/p>\n<ul>\n<li>\u015ealt Malzemeler<\/li>\n<li>Otomasyon \u00dcr\u00fcnleri<\/li>\n<li>End\u00fcstriyel \u00dcr\u00fcnler<\/li>\n<li>Anahtar ve Prizler<\/li>\n<li>Kablo \u00c7e\u015fitleri<\/li>\n<li>Klemensler<\/li>\n<li>Kablo Rakorlar\u0131 &amp; Aksesuarlar\u0131<\/li>\n<li>EMT &amp; IMC Boru &amp; Aksesuarlar\u0131<\/li>\n<li>Polyamid &amp; Metal Sprial Boru<\/li>\n<li>Emt Galvaniz Boru &amp; Aksesuarlar\u0131<\/li>\n<li>Pano Montaj \u00dcr\u00fcnleri<\/li>\n<li>Makaron ve Kablo \u00c7orab\u0131<\/li>\n<li>Standart Kablo Ba\u011flar\u0131<\/li>\n<li>Ayd\u0131nlatma Armat\u00fcrleri<\/li>\n<li>El Aletleri<\/li>\n<li>Kablo Kanallar\u0131<\/li>\n<li>Panolar, Kutular<\/li>\n<li>Transformat\u00f6rler<\/li>\n<li>Elektrik \u00d6l\u00e7\u00fc Aletleri<\/li>\n<li>Sens\u00f6rler<\/li>\n<li>Kablo Y\u00fcks\u00fckleri ve Papu\u00e7lar<\/li>\n<li>Bant \u00c7e\u015fitleri<\/li>\n<li>Piller, Ak\u00fcler<\/li>\n<li>Operat\u00f6r Panel &amp; Panel Kollar<\/li>\n<li>Is\u0131t\u0131c\u0131lar<\/li>\n<\/ul>\n<p>[\/vc_column_text][\/vc_column][\/vc_row]<\/p>\n<\/div>","protected":false},"excerpt":{"rendered":"<p>[vc_row][vc_column][vc_single_image image=&#8221;1177&#8243; img_size=&#8221;full&#8221;][vc_column_text] \u015ealt Malzemeler Otomasyon \u00dcr\u00fcnleri End\u00fcstriyel \u00dcr\u00fcnler Anahtar ve Prizler Kablo \u00c7e\u015fitleri Klemensler Kablo Rakorlar\u0131 &amp; Aksesuarlar\u0131 EMT &amp; IMC Boru &amp; Aksesuarlar\u0131 Polyamid &amp; Metal Sprial Boru Emt Galvaniz Boru &amp; Aksesuarlar\u0131 Pano Montaj \u00dcr\u00fcnleri Makaron ve Kablo \u00c7orab\u0131 Standart Kablo Ba\u011flar\u0131 Ayd\u0131nlatma Armat\u00fcrleri El Aletleri Kablo Kanallar\u0131 Panolar, Kutular Transformat\u00f6rler Elektrik&hellip;<\/p>\n","protected":false},"author":1,"featured_media":0,"parent":931,"menu_order":0,"comment_status":"closed","ping_status":"closed","template":"","meta":{"footnotes":""},"class_list":["post-1010","page","type-page","status-publish","hentry","description-off"],"_links":{"self":[{"href":"https:\/\/fahrielektrik.com\/index.php\/wp-json\/wp\/v2\/pages\/1010","targetHints":{"allow":["GET"]}}],"collection":[{"href":"https:\/\/fahrielektrik.com\/index.php\/wp-json\/wp\/v2\/pages"}],"about":[{"href":"https:\/\/fahrielektrik.com\/index.php\/wp-json\/wp\/v2\/types\/page"}],"author":[{"embeddable":true,"href":"https:\/\/fahrielektrik.com\/index.php\/wp-json\/wp\/v2\/users\/1"}],"replies":[{"embeddable":true,"href":"https:\/\/fahrielektrik.com\/index.php\/wp-json\/wp\/v2\/comments?post=1010"}],"version-history":[{"count":0,"href":"https:\/\/fahrielektrik.com\/index.php\/wp-json\/wp\/v2\/pages\/1010\/revisions"}],"up":[{"embeddable":true,"href":"https:\/\/fahrielektrik.com\/index.php\/wp-json\/wp\/v2\/pages\/931"}],"wp:attachment":[{"href":"https:\/\/fahrielektrik.com\/index.php\/wp-json\/wp\/v2\/media?parent=1010"}],"curies":[{"name":"wp","href":"https:\/\/api.w.org\/{rel}","templated":true}]}}