{"id":1005,"date":"2018-04-03T01:33:40","date_gmt":"2018-04-02T22:33:40","guid":{"rendered":"http:\/\/fahrielektrik.com\/?page_id=1005"},"modified":"2022-03-16T16:11:19","modified_gmt":"2022-03-16T13:11:19","slug":"kompanzasyon-sistemleri","status":"publish","type":"page","link":"https:\/\/fahrielektrik.com\/index.php\/hizmetlerimiz\/kompanzasyon-sistemleri\/","title":{"rendered":"Kompanzasyon Sistemleri"},"content":{"rendered":"<div class=\"wpb-content-wrapper\"><p>[vc_row][vc_column][vc_single_image image=&#8221;1184&#8243; img_size=&#8221;full&#8221;][vc_column_text]<strong class=\"ana-renk\">Fahri Elektrik<\/strong>,\u00a0<strong>Kompanzasyon Bak\u0131m<\/strong> i\u015flerinde kaliteli hizmet anlay\u0131\u015f\u0131yla ve uzman kadrosuyla <strong>Bursa <\/strong>b\u00f6lgesinde hizmet veren deneyimli bir firmad\u0131r.<\/p>\n<p><strong>Bursa Kompanzasyon Bak\u0131m<\/strong>\u00a0denildi\u011fi zaman sekt\u00f6rdeki lider konumumuz ile ilerlerken, sizlere en uygun\u00a0<strong>Kompanzasyon Bak\u0131m fiyatlar\u0131<\/strong>\u00a0ile h\u0131zl\u0131, kaliteli ve g\u00fcvenli destekler ve \u00e7\u00f6z\u00fcmler sunuyoruz. Bizlere<strong>\u00a0Kompanzasyon Bak\u0131m<\/strong> i\u00e7in <strong>Bursa <\/strong>b\u00f6lgesinden ula\u015fabilirsiniz; yapman\u0131z gereken tek \u015fey bizi aramak.\u00a0<strong class=\"ana-renk\">Fahri Elektrik<\/strong>, y\u0131llar\u0131n verdi\u011fi deneyim ve sekt\u00f6r g\u00fcc\u00fcyle\u00a0<strong>Kompanzasyon Bak\u0131m hizmeti<\/strong>\u00a0vermektedir.<br \/>\nSekt\u00f6r\u00fcn yenilik\u00e7i\u00a0 firmalar\u0131ndan olan Fahri Elektrik, <strong>Elektrik Taahh\u00fct Firmalar\u0131<\/strong>,\u00a0<strong>Elektrik Proje Taahh\u00fct<\/strong>,\u00a0<strong>Elektrik Proje Taahh\u00fct Firmalar\u0131\u00a0<\/strong>,\u00a0<strong>Elektrik Pano<\/strong>,\u00a0<strong>Elektrik Panosu<\/strong>,\u00a0<strong>Kompanzasyon Panosu<\/strong>,\u00a0<strong>Saya\u00e7 Panosu<\/strong>,\u00a0<strong>Pano Elektrik<\/strong>,\u00a0<strong>Kompanzasyon Panosu Fiyatlar\u0131<\/strong>,\u00a0<strong>Elektrik Pano Firmalar\u0131<\/strong>,\u00a0<strong>Kompanzasyon Bak\u0131m<\/strong>,\u00a0<strong>Kompanzasyon Panosu Bak\u0131m\u0131<\/strong>,\u00a0<strong>Elektrik Bak\u0131m Onar\u0131m<\/strong>,\u00a0<strong>B\u00fcy\u00fck Elektrik Taahh\u00fct Firmalar\u0131\u00a0<\/strong>hizmetleri ile hem m\u00fc\u015fteri memnuniyetini, hem de artan tecr\u00fcbe, birikim ve deneyimler ile daha kaliteli bir hizmeti sizlerle bulu\u015fturuyor. <strong>Fahri Elektrik<\/strong>, 7 g\u00fcn, 24 saat m\u00fc\u015fterilerine hizmet vermekten gurur duyar.<\/p>\n<p>Firmam\u0131z, Bursa&#8217;n\u0131n bir\u00e7ok yerinde yerinde vermi\u015f oldu\u011fu hizmetlerde tamamen m\u00fc\u015fteri memnuniyetini ve konforunu, g\u00fcvenini ve sevgisini kazanmay\u0131 prensip edinmi\u015f olup, <strong class=\"ara-renk\">bu hizmetlerde de kalitenin en iyisini m\u00fc\u015fterilerine sunmakta.<\/strong><\/p>\n<p>Bizlerden\u00a0<strong>Kompanzasyon Bak\u0131m<\/strong> hizmeti almak i\u00e7in Bursa ve di\u011fer b\u00f6lgelerden 365 g\u00fcn ula\u015fabilir, detayl\u0131 bilgi alabilirsiniz.<\/p>\n<p>&nbsp;<\/p>\n<p>Fahri Elektrik, 20 y\u0131ll\u0131k tecr\u00fcbesi ile sekt\u00f6rde g\u00fcvenilir, ahlaki de\u011ferlere sayg\u0131l\u0131 ve g\u00fcncel teknolojiyi takip ederek en iyi hizmeti vermek amac\u0131yla kurulmu\u015ftur. Gerisinde b\u0131rakt\u0131\u011f\u0131 \u00e7izgi ile en temel problemlerden ar\u0131nm\u0131\u015f projelere imza atm\u0131\u015f ve g\u00fcn\u00fcm\u00fcze kadar da bu istikrarla ticaret hayat\u0131na devam etmi\u015ftir.<\/p>\n<p class=\"ana-renk\"><strong>Yap\u0131lan en iyi yat\u0131r\u0131m\u0131n i\u015fe yap\u0131lan yat\u0131r\u0131m oldu\u011fu bilincinde, en yeni ekipmanlar ile geli\u015fen ve b\u00fcy\u00fcyen T\u00fcrkiye pazar\u0131nda durmaks\u0131z\u0131n ilerlemek ve m\u00fc\u015fteri memnuniyetini, g\u00fcvenini \u00f6n planda tutarak daimi \u00e7\u00f6z\u00fcm ortakl\u0131\u011f\u0131 sa\u011flamay\u0131 hedeflemektedir.<\/strong><\/p>\n<p>[\/vc_column_text][\/vc_column][\/vc_row]<\/p>\n<\/div>","protected":false},"excerpt":{"rendered":"<p>[vc_row][vc_column][vc_single_image image=&#8221;1184&#8243; img_size=&#8221;full&#8221;][vc_column_text]Fahri Elektrik,\u00a0Kompanzasyon Bak\u0131m i\u015flerinde kaliteli hizmet anlay\u0131\u015f\u0131yla ve uzman kadrosuyla Bursa b\u00f6lgesinde hizmet veren deneyimli bir firmad\u0131r. Bursa Kompanzasyon Bak\u0131m\u00a0denildi\u011fi zaman sekt\u00f6rdeki lider konumumuz ile ilerlerken, sizlere en uygun\u00a0Kompanzasyon Bak\u0131m fiyatlar\u0131\u00a0ile h\u0131zl\u0131, kaliteli ve g\u00fcvenli destekler ve \u00e7\u00f6z\u00fcmler sunuyoruz. Bizlere\u00a0Kompanzasyon Bak\u0131m i\u00e7in Bursa b\u00f6lgesinden ula\u015fabilirsiniz; yapman\u0131z gereken tek \u015fey bizi aramak.\u00a0Fahri Elektrik, y\u0131llar\u0131n&hellip;<\/p>\n","protected":false},"author":1,"featured_media":0,"parent":931,"menu_order":0,"comment_status":"closed","ping_status":"closed","template":"","meta":{"footnotes":""},"class_list":["post-1005","page","type-page","status-publish","hentry","description-off"],"_links":{"self":[{"href":"https:\/\/fahrielektrik.com\/index.php\/wp-json\/wp\/v2\/pages\/1005","targetHints":{"allow":["GET"]}}],"collection":[{"href":"https:\/\/fahrielektrik.com\/index.php\/wp-json\/wp\/v2\/pages"}],"about":[{"href":"https:\/\/fahrielektrik.com\/index.php\/wp-json\/wp\/v2\/types\/page"}],"author":[{"embeddable":true,"href":"https:\/\/fahrielektrik.com\/index.php\/wp-json\/wp\/v2\/users\/1"}],"replies":[{"embeddable":true,"href":"https:\/\/fahrielektrik.com\/index.php\/wp-json\/wp\/v2\/comments?post=1005"}],"version-history":[{"count":0,"href":"https:\/\/fahrielektrik.com\/index.php\/wp-json\/wp\/v2\/pages\/1005\/revisions"}],"up":[{"embeddable":true,"href":"https:\/\/fahrielektrik.com\/index.php\/wp-json\/wp\/v2\/pages\/931"}],"wp:attachment":[{"href":"https:\/\/fahrielektrik.com\/index.php\/wp-json\/wp\/v2\/media?parent=1005"}],"curies":[{"name":"wp","href":"https:\/\/api.w.org\/{rel}","templated":true}]}}