{"id":1003,"date":"2018-04-03T01:32:54","date_gmt":"2018-04-02T22:32:54","guid":{"rendered":"http:\/\/fahrielektrik.com\/?page_id=1003"},"modified":"2022-03-16T15:35:24","modified_gmt":"2022-03-16T12:35:24","slug":"goruntulu-diyafon-sistemleri","status":"publish","type":"page","link":"https:\/\/fahrielektrik.com\/index.php\/hizmetlerimiz\/goruntulu-diyafon-sistemleri\/","title":{"rendered":"G\u00f6r\u00fcnt\u00fcl\u00fc Diyafon Sistemleri"},"content":{"rendered":"<div class=\"wpb-content-wrapper\"><p>[vc_row][vc_column][vc_single_image image=&#8221;1171&#8243; img_size=&#8221;full&#8221;][vc_column_text]Evinizde veya i\u015f yerinizde zilinize basan ki\u015finin kim oldu\u011funu g\u00f6rmenizi sa\u011flayan g\u00fcvenlik sistemine g\u00f6r\u00fcnt\u00fcl\u00fc diafon ad\u0131 verilmektedir. Otomatik olarak monit\u00f6re iletilen g\u00f6r\u00fcnt\u00fcyle hem kap\u0131daki ki\u015finin kim oldu\u011fu g\u00f6r\u00fclebilmekte hem de sesli olarak ileti\u015fim kurma olana\u011f\u0131 sunulmaktad\u0131r. G\u00f6r\u00fcnt\u00fcl\u00fc diafon sayesinde g\u00fcvenli\u011fin sa\u011flanmas\u0131n\u0131n yan\u0131 s\u0131ra apartman g\u00f6revlisiyle, site g\u00fcvenli\u011fiyle ve daireler aras\u0131 sesli ileti\u015fim sa\u011flanabilmektedir. G\u00fcn\u00fcm\u00fczde h\u0131zla yayg\u0131nla\u015farak kullan\u0131lan g\u00f6r\u00fcnt\u00fcl\u00fc diafon sistemi \u00f6zellikle ev ve i\u015f yerleri i\u00e7in bir gereksinim haline gelmi\u015ftir.\u00a0<strong>G\u00f6r\u00fcnt\u00fcl\u00fc diafon<\/strong>\u00a0hizmetimiz hakk\u0131nda detayl\u0131 bilgiye ula\u015fmak i\u00e7in ileti\u015fime ge\u00e7ebilirsiniz.<\/p>\n<h2>G\u00f6r\u00fcnt\u00fcl\u00fc Diafon Sistemi \u00d6zellikleri<\/h2>\n<p>Ev, i\u015fyerleri, siteler \u00f6zel ve g\u00fcvenlikli olmas\u0131 gereken alanlard\u0131r. G\u00f6r\u00fcnt\u00fcl\u00fc diafon sistemi ise hayat\u0131n\u0131z\u0131n her alan\u0131nda size bu g\u00fcvenli\u011fi son teknoloji ile sa\u011flayan bir sistemdir. Ayr\u0131ca g\u00f6r\u00fcnt\u00fcl\u00fc diafon sistemi sadece g\u00fcvenli\u011fi sa\u011flayan bir sistem de\u011fil, ayn\u0131 zamanda apartman ve sitelerde daireler aras\u0131ndaki ileti\u015fimi de g\u00f6r\u00fcnt\u00fcl\u00fc ve sesli olarak sa\u011flayan bir sistemdir. \u00c7a\u011f\u0131m\u0131zda \u00e7ok daha \u00f6nemli hale gelen g\u00fcvenlik meselesi, teknolojinin geli\u015fmesiyle de daha donan\u0131ml\u0131 bir\u00a0 g\u00fcvenlik kurulumu olan g\u00f6r\u00fcnt\u00fcl\u00fc diafon sistemini \u00e7ok daha yayg\u0131n hale getirmi\u015ftir. Bu kurulum sayesinde zile basan ki\u015finin g\u00f6r\u00fcnt\u00fcs\u00fc direkt olarak monit\u00f6r\u00fcn\u00fcze yans\u0131r ve kap\u0131daki ki\u015fiyle sesli ileti\u015fim kurma olana\u011f\u0131 sa\u011flar. G\u00f6r\u00fcnt\u00fcl\u00fc diafon sistemi, en temelde g\u00fcvenlik ve ileti\u015fim amac\u0131yla kullan\u0131lsa da, farkl\u0131 fonksiyonlar\u0131 olan diafon sistemleri vard\u0131r. Bunlar dokunmatik \u00f6zelliklerden ekran boyutuna, renkli ve renksiz g\u00f6r\u00fcnt\u00fcye, zil sesi ayar\u0131, kontrast ayar\u0131, ekran \u00e7\u00f6z\u00fcn\u00fcrl\u00fc\u011f\u00fc, b\u0131rak-dinle, bas-konu\u015f ve \u00e7al\u0131\u015fma s\u0131cakl\u0131\u011f\u0131 gibi pek \u00e7ok fakt\u00f6r bak\u0131m\u0131ndan \u00e7e\u015fitlilik g\u00f6sterir.<\/p>\n<h2>G\u00f6r\u00fcnt\u00fcl\u00fc Diafon \u00c7e\u015fitleri Nelerdir?<\/h2>\n<p>G\u00f6r\u00fcnt\u00fcl\u00fc diafon \u00e7e\u015fitleri fonksiyonel bak\u0131mdan ayn\u0131 amaca hizmet etse de \u00fcr\u00fcn \u00f6zellikleri a\u00e7\u0131s\u0131ndan birbirinden ayr\u0131lmaktad\u0131r. Ekran \u00e7\u00f6z\u00fcn\u00fcrl\u00fc\u011f\u00fc, zil sesi ayar\u0131, dokunmatik olmas\u0131, renkli ve renksiz g\u00f6r\u00fcnt\u00fc, \u0131\u015f\u0131k ve kontrast ayar\u0131, ekran boyutu, bas konu\u015f ve b\u0131rak dinle \u00f6zelli\u011fi, boyutlar\u0131 ve \u00e7al\u0131\u015fma s\u0131cakl\u0131\u011f\u0131 ayar\u0131 bak\u0131m\u0131ndan bir\u00e7ok farkl\u0131 diafon \u00e7e\u015fidi bulunmaktad\u0131r. \u0130htiyac\u0131n\u0131za uygun g\u00f6r\u00fcnt\u00fcl\u00fc diafonun hangisi oldu\u011funu belirlemek i\u00e7in bizimle ileti\u015fime ge\u00e7ebilirsiniz.<\/p>\n<h2>G\u00f6r\u00fcnt\u00fcl\u00fc Diafon Kurulumu<\/h2>\n<p>Yenilik\u00e7i ve hayat\u0131 kolayla\u015ft\u0131ran \u00e7\u00f6z\u00fcmlerimizle Bar\u0131\u015f \u0130leti\u015fim olarak g\u00fcvenli\u011finiz i\u00e7in son teknolojik ara\u00e7larla hizmet veriyoruz. Ev, i\u015f yeri, apartman ve site g\u00fcvenli\u011fi i\u00e7in en \u00e7ok tercih edilen, yayg\u0131n olarak kullan\u0131lan g\u00f6r\u00fcnt\u00fcl\u00fc diafon sistemini \u00f6nceliklerinize ve ihtiya\u00e7lar\u0131n\u0131za g\u00f6re \u00f6zenle kuruyoruz. Dokunmatik, renkli-renksiz ekran, b\u0131rak-dinle veya bas-konu\u015f gibi farkl\u0131 \u00f6zellikleriyle \u00f6n plana \u00e7\u0131kan g\u00f6r\u00fcnt\u00fcl\u00fc diafon \u00e7e\u015fitlerinden, sizin i\u00e7in en uygun olan\u0131 birlikte belirliyoruz. Belirledi\u011fimiz \u00fcr\u00fcn\u00fcn \u00e7e\u015fidine, boyutuna ve sahip oldu\u011fu \u00f6zelliklere g\u00f6re bir fiyat \u00e7\u0131kar\u0131yoruz. Bu noktada diafonun ekran b\u00fcy\u00fckl\u00fc\u011f\u00fc, renkli-renksiz olmas\u0131, \u00e7\u00f6z\u00fcn\u00fcrl\u00fc\u011f\u00fc, dokunmatik olmas\u0131 gibi \u00f6zellikler fiyat\u0131 do\u011frudan etkiliyor. Sizin ihtiyac\u0131n\u0131za hitap eden g\u00f6r\u00fcnt\u00fcl\u00fc diafon sistemini ve fiyat\u0131n\u0131 belirledikten sonra uzman ekiplerimiz taraf\u0131ndan sisteminiz kuruluyor. Ayr\u0131ca kullan\u0131m mant\u0131\u011f\u0131n\u0131 size ayr\u0131nt\u0131l\u0131 olarak a\u00e7\u0131klay\u0131p, birlikte denemesini yap\u0131yoruz. Kurulum \u00f6ncesi, kurulum s\u0131ras\u0131nda ve sonras\u0131nda t\u00fcm sorular\u0131n\u0131z\u0131 yan\u0131tl\u0131yor, \u00e7\u00f6z\u00fcm \u00fcretiyoruz.<\/p>\n<h2>G\u00f6r\u00fcnt\u00fcl\u00fc Diafon Fiyatlar\u0131<\/h2>\n<p>G\u00f6r\u00fcnt\u00fcl\u00fc diafon fiyatlar\u0131 diafon \u00e7e\u015fitlerine g\u00f6re farkl\u0131la\u015fmaktad\u0131r. \u00dcr\u00fcn \u00e7e\u015fidi, boyutu ve \u00f6zellikleri g\u00f6r\u00fcnt\u00fcl\u00fc diafon fiyatlar\u0131nda belirleyici olmaktad\u0131r. G\u00f6r\u00fcnt\u00fcl\u00fc diafonlar 2,5 in\u00e7 ve 7 in\u00e7 aral\u0131\u011f\u0131nda ekran boyutlar\u0131na sahiptir. Ekran boyutunun fazla olmas\u0131 fiyatland\u0131rmay\u0131 da do\u011frudan etkilemektedir. Ayr\u0131ca temel \u00f6zelliklerin yan\u0131 s\u0131ra dokunmatik ayar, \u00e7\u00f6z\u00fcn\u00fcrl\u00fck y\u00fcksekli\u011fi, renkli veya renksiz g\u00f6r\u00fcnt\u00fc gibi kaliteyi belirleyici etkenler de g\u00f6r\u00fcnt\u00fcl\u00fc diafon fiyatlar\u0131n\u0131 de\u011fi\u015ftirebilmektedir. G\u00f6r\u00fcnt\u00fcl\u00fc diafon fiyatlar\u0131 hakk\u0131nda detayl\u0131 bilgiye sahip olmak i\u00e7in ileti\u015fim bilgilerimizden bize ula\u015fabilirsiniz.<\/p>\n<h2>G\u00f6r\u00fcnt\u00fcl\u00fc Diafon Nas\u0131l Kullan\u0131l\u0131r?<\/h2>\n<p>G\u00f6r\u00fcnt\u00fcl\u00fc diafonlar\u0131n \u00e7al\u0131\u015fma mant\u0131\u011f\u0131 olduk\u00e7a basit olmakla birlikte zil \u00e7ald\u0131\u011f\u0131 anda otomatik olarak g\u00f6r\u00fcnt\u00fc devreye girmektedir. Bas konu\u015f ve b\u0131rak dinle \u00f6zelli\u011fi sayesinde kap\u0131daki ki\u015fiyle diafon \u00fczerindeki tu\u015fa bas\u0131larak konu\u015fulabilmekte, tu\u015f b\u0131rak\u0131ld\u0131\u011f\u0131 an da kar\u015f\u0131 taraf dinlenebilmektedir. Kap\u0131 a\u00e7ma, apartman g\u00f6revlisiyle veya di\u011fer dairelerle ileti\u015fime ge\u00e7mek i\u00e7in di\u011fer ilgili tu\u015flar kullan\u0131lmaktad\u0131r. G\u00f6r\u00fcnt\u00fcl\u00fc diafon kullan\u0131m\u0131 konusunda detayl\u0131 bilgi almak i\u00e7in bizimle ileti\u015fime ge\u00e7ebilirsiniz.[\/vc_column_text][\/vc_column][\/vc_row]<\/p>\n<\/div>","protected":false},"excerpt":{"rendered":"<p>[vc_row][vc_column][vc_single_image image=&#8221;1171&#8243; img_size=&#8221;full&#8221;][vc_column_text]Evinizde veya i\u015f yerinizde zilinize basan ki\u015finin kim oldu\u011funu g\u00f6rmenizi sa\u011flayan g\u00fcvenlik sistemine g\u00f6r\u00fcnt\u00fcl\u00fc diafon ad\u0131 verilmektedir. Otomatik olarak monit\u00f6re iletilen g\u00f6r\u00fcnt\u00fcyle hem kap\u0131daki ki\u015finin kim oldu\u011fu g\u00f6r\u00fclebilmekte hem de sesli olarak ileti\u015fim kurma olana\u011f\u0131 sunulmaktad\u0131r. G\u00f6r\u00fcnt\u00fcl\u00fc diafon sayesinde g\u00fcvenli\u011fin sa\u011flanmas\u0131n\u0131n yan\u0131 s\u0131ra apartman g\u00f6revlisiyle, site g\u00fcvenli\u011fiyle ve daireler aras\u0131 sesli ileti\u015fim sa\u011flanabilmektedir.&hellip;<\/p>\n","protected":false},"author":1,"featured_media":0,"parent":931,"menu_order":0,"comment_status":"closed","ping_status":"closed","template":"","meta":{"footnotes":""},"class_list":["post-1003","page","type-page","status-publish","hentry","description-off"],"_links":{"self":[{"href":"https:\/\/fahrielektrik.com\/index.php\/wp-json\/wp\/v2\/pages\/1003","targetHints":{"allow":["GET"]}}],"collection":[{"href":"https:\/\/fahrielektrik.com\/index.php\/wp-json\/wp\/v2\/pages"}],"about":[{"href":"https:\/\/fahrielektrik.com\/index.php\/wp-json\/wp\/v2\/types\/page"}],"author":[{"embeddable":true,"href":"https:\/\/fahrielektrik.com\/index.php\/wp-json\/wp\/v2\/users\/1"}],"replies":[{"embeddable":true,"href":"https:\/\/fahrielektrik.com\/index.php\/wp-json\/wp\/v2\/comments?post=1003"}],"version-history":[{"count":0,"href":"https:\/\/fahrielektrik.com\/index.php\/wp-json\/wp\/v2\/pages\/1003\/revisions"}],"up":[{"embeddable":true,"href":"https:\/\/fahrielektrik.com\/index.php\/wp-json\/wp\/v2\/pages\/931"}],"wp:attachment":[{"href":"https:\/\/fahrielektrik.com\/index.php\/wp-json\/wp\/v2\/media?parent=1003"}],"curies":[{"name":"wp","href":"https:\/\/api.w.org\/{rel}","templated":true}]}}