{"id":1002,"date":"2018-04-03T01:32:29","date_gmt":"2018-04-02T22:32:29","guid":{"rendered":"http:\/\/fahrielektrik.com\/?page_id=1002"},"modified":"2022-03-19T16:58:55","modified_gmt":"2022-03-19T13:58:55","slug":"elektrik-tesisat-proje","status":"publish","type":"page","link":"https:\/\/fahrielektrik.com\/index.php\/hizmetlerimiz\/elektrik-tesisat-proje\/","title":{"rendered":"Elektrik Tesisat Proje"},"content":{"rendered":"<div class=\"wpb-content-wrapper\"><p>[vc_row][vc_column][vc_single_image image=&#8221;1247&#8243; img_size=&#8221;full&#8221; alignment=&#8221;center&#8221;][vc_column_text]<\/p>\n<header class=\"entry-header page-header\">\n<p class=\"entry-title \">Elektrik tesisat projesi elektrik altyap\u0131 taahh\u00fct i\u015flerinin yada uygulama i\u015flerinin hem ruhsat\u0131n\u0131 almak hem de planl\u0131 ve eksiksiz bir \u015fekilde tamamlanmas\u0131n\u0131 sa\u011flamak amac\u0131 ile \u00e7izilir.<\/p>\n<\/header>\n<div class=\"entry-content\">\n<p>&nbsp;<\/p>\n<p>Elektrik tesisat projesi t\u00fcrleri nelerdir ?<\/p>\n<p>Ruhsat ve uygulama elektrik tesisat projeleri olarak iki gruba ayr\u0131l\u0131rlar.Ruhsat projeleri belediyelerin y\u00f6netmeliklerine ve standartlar\u0131na uyularak \u00e7izilen projelerdir ve belediyeden uygulama i\u00e7in ruhsat al\u0131m\u0131 i\u00e7in \u00e7izilir.Elektrik tesisat uygulama projeleri ise elektrik tesisat taahh\u00fct yada uygulama i\u015finin eksiksiz, planl\u0131 ve hatas\u0131z bir \u015fekilde yap\u0131lmas\u0131 i\u00e7in \u00e7izilir.<\/p>\n<p>Elektrik tesisat projesi neleri i\u00e7erir ?<\/p>\n<p>Ayd\u0131nlatma, trafo, orta gerilim, priz, yang\u0131n ihbar, g\u00fcvenlik sistemleri, yang\u0131n alarm, bilgisayar ve veri altyap\u0131 gibi bir\u00e7ok elektrik ile alakal\u0131 projeyi i\u00e7erir.<\/p>\n<p>Elektrik tesisat projesi nerelerde gereklidir ?<\/p>\n<p>Elektrik tesisat projesi hemen hemen her yerde gereklidir.Konut yap\u0131m\u0131nda, fabrika yap\u0131m\u0131nda, end\u00fcstriyel tesislerde, hastanelerde ve daha bir\u00e7ok yerde gereklidir.Ki bu projeler sonucunda belediyelerden ve elektrik da\u011f\u0131t\u0131m merkezlerinden onaylar al\u0131nabilsin.<\/p>\n<\/div>\n<p>[\/vc_column_text][\/vc_column][\/vc_row]<\/p>\n<\/div>","protected":false},"excerpt":{"rendered":"<p>[vc_row][vc_column][vc_single_image image=&#8221;1247&#8243; img_size=&#8221;full&#8221; alignment=&#8221;center&#8221;][vc_column_text] Elektrik tesisat projesi elektrik altyap\u0131 taahh\u00fct i\u015flerinin yada uygulama i\u015flerinin hem ruhsat\u0131n\u0131 almak hem de planl\u0131 ve eksiksiz bir \u015fekilde tamamlanmas\u0131n\u0131 sa\u011flamak amac\u0131 ile \u00e7izilir. &nbsp; Elektrik tesisat projesi t\u00fcrleri nelerdir ? Ruhsat ve uygulama elektrik tesisat projeleri olarak iki gruba ayr\u0131l\u0131rlar.Ruhsat projeleri belediyelerin y\u00f6netmeliklerine ve standartlar\u0131na uyularak \u00e7izilen projelerdir ve&hellip;<\/p>\n","protected":false},"author":1,"featured_media":0,"parent":931,"menu_order":0,"comment_status":"closed","ping_status":"closed","template":"","meta":{"footnotes":""},"class_list":["post-1002","page","type-page","status-publish","hentry","description-off"],"_links":{"self":[{"href":"https:\/\/fahrielektrik.com\/index.php\/wp-json\/wp\/v2\/pages\/1002","targetHints":{"allow":["GET"]}}],"collection":[{"href":"https:\/\/fahrielektrik.com\/index.php\/wp-json\/wp\/v2\/pages"}],"about":[{"href":"https:\/\/fahrielektrik.com\/index.php\/wp-json\/wp\/v2\/types\/page"}],"author":[{"embeddable":true,"href":"https:\/\/fahrielektrik.com\/index.php\/wp-json\/wp\/v2\/users\/1"}],"replies":[{"embeddable":true,"href":"https:\/\/fahrielektrik.com\/index.php\/wp-json\/wp\/v2\/comments?post=1002"}],"version-history":[{"count":0,"href":"https:\/\/fahrielektrik.com\/index.php\/wp-json\/wp\/v2\/pages\/1002\/revisions"}],"up":[{"embeddable":true,"href":"https:\/\/fahrielektrik.com\/index.php\/wp-json\/wp\/v2\/pages\/931"}],"wp:attachment":[{"href":"https:\/\/fahrielektrik.com\/index.php\/wp-json\/wp\/v2\/media?parent=1002"}],"curies":[{"name":"wp","href":"https:\/\/api.w.org\/{rel}","templated":true}]}}