{"id":1000,"date":"2018-04-03T01:30:28","date_gmt":"2018-04-02T22:30:28","guid":{"rendered":"http:\/\/fahrielektrik.com\/?page_id=1000"},"modified":"2022-03-16T15:56:56","modified_gmt":"2022-03-16T12:56:56","slug":"elektrik-bakim-onarim","status":"publish","type":"page","link":"https:\/\/fahrielektrik.com\/index.php\/hizmetlerimiz\/elektrik-bakim-onarim\/","title":{"rendered":"Elektrik Bak\u0131m &#8211; Onar\u0131m"},"content":{"rendered":"<div class=\"wpb-content-wrapper\"><p>[vc_row][vc_column][vc_single_image image=&#8221;1179&#8243; img_size=&#8221;full&#8221;][vc_column_text]<strong>Elektrik ar\u0131za<\/strong>,\u00a0<strong>elektrik tesisat\u0131<\/strong>\u00a0yenileme ve\u00a0<strong>elektrik ka\u00e7aklar\u0131 tamir ve onar\u0131m<\/strong> ihtiya\u00e7lar\u0131n\u0131zda <strong>Fahri Elektrik<\/strong> yan\u0131n\u0131zda. Evimizin ve i\u015fyerimizin <strong>elektrik<\/strong>\u00a0tesisat\u0131 en \u00f6nemli kullan\u0131m alanlar\u0131ndan biridir.<\/p>\n<p><strong>Elektrik tesisat\u0131<\/strong> ile olan ihtiya\u00e7lar\u0131n\u0131zda <strong>Fahri Elektrik <\/strong>\u0130n\u015faat uzman\u00a0<strong>elektrik\u00e7iler<\/strong>\u00a0den olu\u015fan profesyonel ve g\u00fcncel e\u011fitimli ekibimizle, elektrik tesisat\u0131 plan ve\u00a0<strong>elektrik projeye<\/strong>\u00a0g\u00f6re en kaliteli\u00a0<strong>elektrik malzemeleri<\/strong>\u00a0ile garantili ve hatas\u0131z olarak hizmet garantisi ile yap\u0131l\u0131r.<\/p>\n<p>Elektrik Tesisat,\u00a0<strong>Ayd\u0131nlatma<\/strong>,\u00a0<b>Dekorasyon Elektrik Tesisat\u0131 Bak\u0131m Onar\u0131m Tamirat\u0131<\/b>. Bina i\u00e7eresindeki kofra patlamas\u0131 ve Kopan, Kaybolan, Kar\u0131\u015fan, Yeni \u00c7ekilen, Telefon Hatt\u0131n\u0131z Bulunur.<\/p>\n<p>Elektrik Bak\u0131m Onar\u0131m, Elektrik Tesisat ve Elektrikle \u0130lgili Her T\u00fcrl\u00fc \u0130\u015fleriniz \u0130tina ile yap\u0131l\u0131r.<\/p>\n<p>Elektrik Tesisat\u0131<strong>, Elektrik Ar\u0131za<\/strong> ve Elektrik i\u015flerinizle ilgili <b>Bursa, Nil\u00fcfer ve Mudanya <\/b>genelinde hizmet vermekteyiz.[\/vc_column_text][\/vc_column][\/vc_row]<\/p>\n<\/div>","protected":false},"excerpt":{"rendered":"<p>[vc_row][vc_column][vc_single_image image=&#8221;1179&#8243; img_size=&#8221;full&#8221;][vc_column_text]Elektrik ar\u0131za,\u00a0elektrik tesisat\u0131\u00a0yenileme ve\u00a0elektrik ka\u00e7aklar\u0131 tamir ve onar\u0131m ihtiya\u00e7lar\u0131n\u0131zda Fahri Elektrik yan\u0131n\u0131zda. Evimizin ve i\u015fyerimizin elektrik\u00a0tesisat\u0131 en \u00f6nemli kullan\u0131m alanlar\u0131ndan biridir. Elektrik tesisat\u0131 ile olan ihtiya\u00e7lar\u0131n\u0131zda Fahri Elektrik \u0130n\u015faat uzman\u00a0elektrik\u00e7iler\u00a0den olu\u015fan profesyonel ve g\u00fcncel e\u011fitimli ekibimizle, elektrik tesisat\u0131 plan ve\u00a0elektrik projeye\u00a0g\u00f6re en kaliteli\u00a0elektrik malzemeleri\u00a0ile garantili ve hatas\u0131z olarak hizmet garantisi ile yap\u0131l\u0131r. Elektrik&hellip;<\/p>\n","protected":false},"author":1,"featured_media":0,"parent":931,"menu_order":0,"comment_status":"closed","ping_status":"closed","template":"","meta":{"footnotes":""},"class_list":["post-1000","page","type-page","status-publish","hentry","description-off"],"_links":{"self":[{"href":"https:\/\/fahrielektrik.com\/index.php\/wp-json\/wp\/v2\/pages\/1000","targetHints":{"allow":["GET"]}}],"collection":[{"href":"https:\/\/fahrielektrik.com\/index.php\/wp-json\/wp\/v2\/pages"}],"about":[{"href":"https:\/\/fahrielektrik.com\/index.php\/wp-json\/wp\/v2\/types\/page"}],"author":[{"embeddable":true,"href":"https:\/\/fahrielektrik.com\/index.php\/wp-json\/wp\/v2\/users\/1"}],"replies":[{"embeddable":true,"href":"https:\/\/fahrielektrik.com\/index.php\/wp-json\/wp\/v2\/comments?post=1000"}],"version-history":[{"count":0,"href":"https:\/\/fahrielektrik.com\/index.php\/wp-json\/wp\/v2\/pages\/1000\/revisions"}],"up":[{"embeddable":true,"href":"https:\/\/fahrielektrik.com\/index.php\/wp-json\/wp\/v2\/pages\/931"}],"wp:attachment":[{"href":"https:\/\/fahrielektrik.com\/index.php\/wp-json\/wp\/v2\/media?parent=1000"}],"curies":[{"name":"wp","href":"https:\/\/api.w.org\/{rel}","templated":true}]}}